{"id":61806,"date":"2026-04-03T01:26:52","date_gmt":"2026-04-02T22:26:52","guid":{"rendered":"http:\/\/new.ceasuri.md\/shop\/uncategorized\/swiss-military-by-chrono-sms34113-01\/"},"modified":"2026-04-20T01:55:58","modified_gmt":"2026-04-19T22:55:58","slug":"swiss-military-by-chrono-sms34113-01","status":"publish","type":"product","link":"https:\/\/ceasuri.md\/ru\/shop\/branduri\/swiss-military\/swiss-military-by-chrono-sms34113-01\/","title":{"rendered":"\u0427\u0430\u0441\u044b SWISS MILITARY BY CHRONO SMS34113.01"},"content":{"rendered":"<p>Cronograf elegant pentru b\u0103rba\u021bi, care combin\u0103 caracterul sportiv cu versatilitatea elegant\u0103. Acest model va fi un companion de \u00eencredere at\u00e2t \u00een agita\u021bia ora\u0219ului, c\u00e2t \u0219i \u00een timpul activit\u0103\u021bilor de relaxare active.<\/p>\n<p>Ceasul este echipat cu un mecanism solar \u2014 bateria se \u00eencarc\u0103 de la lumina natural\u0103 sau artificial\u0103 \u0219i, atunci c\u00e2nd este complet \u00eenc\u0103rcat\u0103, asigur\u0103 p\u00e2n\u0103 la 5 luni de func\u021bionare, chiar \u0219i \u00een \u00eentuneric. Nu este necesar\u0103 \u00eenlocuirea bateriei: pur \u0219i simplu purta\u021bi ceasul.<\/p>\n<p>Carcasa din o\u021bel inoxidabil cu diametrul de 42 mm \u0219i grosimea de 11,5 mm \u2014 echilibru optim \u00eentre masivitate \u0219i confort la \u00eencheietura m\u00e2inii. Sticla \u2014 safir, rezistent\u0103 la zg\u00e2rieturi.<\/p>\n<p>Bracetul din o\u021bel este fiabil \u0219i durabil, cu \u00eenchiz\u0103toare tip \u201efluture\u201d, confortabil pentru purtarea zilnic\u0103.<\/p>\n<p>Rezisten\u021ba la ap\u0103 de 100 m (10 ATM) \u00eenseamn\u0103 c\u0103 ceasul va rezista f\u0103r\u0103 probleme la ploaie, sp\u0103lare, relaxare la ap\u0103.<\/p>\n<p>Cadranul negru cu indicatoare \u0219i marcaje luminescente garanteaz\u0103 o lizibilitate excelent\u0103 \u00een orice condi\u021bii de iluminare.<\/p>\n<p>Cronograf cu scal\u0103 precis\u0103 de secunde \u0219i 1\/10 de secund\u0103, indicarea secundelor, minutelor \u0219i a datei \u2014 o combina\u021bie practic\u0103 pentru sport, c\u0103l\u0103torii \u0219i via\u021ba de zi cu zi.<\/p>\n<p>\u00cen plus, luneta rotativ\u0103 unidirec\u021bional\u0103 confer\u0103 modelului un caracter sportiv dinamic.<\/p>\n<p>Ceasul este la fel de potrivit la birou, la o \u00eent\u00e2lnire de afaceri, \u00een c\u0103l\u0103torie, \u00een vacan\u021b\u0103 sau \u00een timpul activit\u0103\u021bilor sportive. Designul (cadran negru + o\u021bel) \u00eel face foarte versatil \u2013 se combin\u0103 u\u0219or cu \u00eembr\u0103c\u0103mintea de zi cu zi, de afaceri \u0219i sportiv\u0103.<\/p>","protected":false},"excerpt":{"rendered":"<p>Cronograf elegant pentru b\u0103rba\u021bi, care combin\u0103 caracterul sportiv cu versatilitatea elegant\u0103. Acest model va fi un companion de \u00eencredere at\u00e2t \u00een agita\u021bia ora\u0219ului, c\u00e2t \u0219i \u00een timpul activit\u0103\u021bilor de relaxare active. Ceasul este echipat cu un mecanism solar \u2014 bateria se \u00eencarc\u0103 de la lumina natural\u0103 sau artificial\u0103 \u0219i, atunci c\u00e2nd este complet \u00eenc\u0103rcat\u0103, asigur\u0103 [&hellip;]<\/p>\n","protected":false},"featured_media":61807,"comment_status":"closed","ping_status":"open","template":"","meta":{"_acf_changed":false},"product_brand":[],"product_cat":[20,572],"product_tag":[],"class_list":{"0":"post-61806","1":"product","2":"type-product","3":"status-publish","4":"has-post-thumbnail","6":"product_cat-ceasuri-barbati","7":"product_cat-swiss-military","8":"pa_brand-swiss-military","9":"pa_braslet-otel-inoxidabil","10":"pa_corpus-42-mm","11":"pa_forma-rotund","12":"pa_funcii-cronograf","13":"pa_funcii-data","14":"pa_funcii-tahimetru","15":"pa_garatia-24-luni","16":"pa_korpus-argintiu","17":"pa_kvarc-quartz","18":"pa_material-otel-inoxidabil","19":"pa_mehanizm-baterie-solara","20":"pa_remeshok-argintiu","21":"pa_steklo-cristal-safir","22":"pa_strana-elvetia","23":"pa_voda-10-atm","25":"first","26":"instock","27":"purchasable","28":"product-type-simple"},"acf":[],"_links":{"self":[{"href":"https:\/\/ceasuri.md\/ru\/wp-json\/wp\/v2\/product\/61806","targetHints":{"allow":["GET"]}}],"collection":[{"href":"https:\/\/ceasuri.md\/ru\/wp-json\/wp\/v2\/product"}],"about":[{"href":"https:\/\/ceasuri.md\/ru\/wp-json\/wp\/v2\/types\/product"}],"replies":[{"embeddable":true,"href":"https:\/\/ceasuri.md\/ru\/wp-json\/wp\/v2\/comments?post=61806"}],"wp:featuredmedia":[{"embeddable":true,"href":"https:\/\/ceasuri.md\/ru\/wp-json\/wp\/v2\/media\/61807"}],"wp:attachment":[{"href":"https:\/\/ceasuri.md\/ru\/wp-json\/wp\/v2\/media?parent=61806"}],"wp:term":[{"taxonomy":"product_brand","embeddable":true,"href":"https:\/\/ceasuri.md\/ru\/wp-json\/wp\/v2\/product_brand?post=61806"},{"taxonomy":"product_cat","embeddable":true,"href":"https:\/\/ceasuri.md\/ru\/wp-json\/wp\/v2\/product_cat?post=61806"},{"taxonomy":"product_tag","embeddable":true,"href":"https:\/\/ceasuri.md\/ru\/wp-json\/wp\/v2\/product_tag?post=61806"}],"curies":[{"name":"wp","href":"https:\/\/api.w.org\/{rel}","templated":true}]}}