{"id":61800,"date":"2026-04-03T01:26:52","date_gmt":"2026-04-02T22:26:52","guid":{"rendered":"http:\/\/new.ceasuri.md\/shop\/uncategorized\/swiss-military-by-chrono-sms34113-06\/"},"modified":"2026-04-20T01:55:59","modified_gmt":"2026-04-19T22:55:59","slug":"swiss-military-by-chrono-sms34113-06","status":"publish","type":"product","link":"https:\/\/ceasuri.md\/ru\/shop\/branduri\/swiss-military\/swiss-military-by-chrono-sms34113-06\/","title":{"rendered":"\u0427\u0430\u0441\u044b SWISS MILITARY BY CHRONO SMS34113.06"},"content":{"rendered":"<p>Cronograf elve\u021bian fiabil, care combin\u0103 stilul sportiv, practicitatea \u0219i tehnologia. Dac\u0103 sunte\u021bi \u00een c\u0103utarea unui ceas potrivit pentru orice ocazie, de la uzul zilnic p\u00e2n\u0103 la activit\u0103\u021bi sportive, acest model este alegerea perfect\u0103.<\/p>\n<p>Mecanism solar \u2014 f\u0103r\u0103 \u00eenlocuirea bateriei. Ceasul func\u021bioneaz\u0103 cu ajutorul luminii (naturale sau artificiale), iar o celul\u0103 solar\u0103 special\u0103 situat\u0103 sub cadran \u00eencarc\u0103 bateria \u2014 autonomia este de p\u00e2n\u0103 la 5 luni, chiar \u0219i \u00een \u00eentuneric complet.<\/p>\n<p>Carcasa din o\u021bel inoxidabil cu diametrul de 42 mm \u0219i acoperire PVD neagr\u0103 are un aspect masculin \u0219i este realizat\u0103 \u00een stil \u201emilitar\u201d.<\/p>\n<p>Cureaua din cauciuc verde este prev\u0103zut\u0103 cu sistemul de schimbare rapid\u0103 Easy-Click, care permite \u00eenlocuirea u\u0219oar\u0103 a acesteia cu o alt\u0103 curea, de exemplu, cu un br\u0103\u021bar\u0103 din o\u021bel.<\/p>\n<p>Sticla de safir este rezistent\u0103 la zg\u00e2rieturi, iar carcasa are o rezisten\u021b\u0103 la ap\u0103 de 100 m (10 ATM), ceea ce face ceasul potrivit at\u00e2t pentru \u00eenot, c\u00e2t \u0219i pentru activit\u0103\u021bi \u00een aer liber.<\/p>\n<p>Cadranul verde are indicatoare \u0219i marcaje luminoase, ceea ce este convenabil \u00een condi\u021bii de iluminare slab\u0103.<\/p>\n<p>Ceasul este echipat cu un cronograf, care permite m\u0103surarea intervalelor scurte de timp, precum \u0219i cu data &#8211; un set practic pentru via\u021ba de zi cu zi, sport \u0219i c\u0103l\u0103torii.<\/p>\n<p>Datorit\u0103 combina\u021biei echilibrate de func\u021bionalitate, fiabilitate \u0219i design expresiv, modelul este potrivit pentru b\u0103rba\u021bii care apreciaz\u0103 calitatea \u201eSwiss Made\u201d, doresc confort \u0219i nu se tem s\u0103-\u0219i exprime stilul.<\/p>","protected":false},"excerpt":{"rendered":"<p>Cronograf elve\u021bian fiabil, care combin\u0103 stilul sportiv, practicitatea \u0219i tehnologia. Dac\u0103 sunte\u021bi \u00een c\u0103utarea unui ceas potrivit pentru orice ocazie, de la uzul zilnic p\u00e2n\u0103 la activit\u0103\u021bi sportive, acest model este alegerea perfect\u0103. Mecanism solar \u2014 f\u0103r\u0103 \u00eenlocuirea bateriei. Ceasul func\u021bioneaz\u0103 cu ajutorul luminii (naturale sau artificiale), iar o celul\u0103 solar\u0103 special\u0103 situat\u0103 sub cadran [&hellip;]<\/p>\n","protected":false},"featured_media":61801,"comment_status":"closed","ping_status":"open","template":"","meta":{"_acf_changed":false},"product_brand":[],"product_cat":[20,572],"product_tag":[],"class_list":{"0":"post-61800","1":"product","2":"type-product","3":"status-publish","4":"has-post-thumbnail","6":"product_cat-ceasuri-barbati","7":"product_cat-swiss-military","8":"pa_brand-swiss-military","9":"pa_braslet-cauciuc","10":"pa_corpus-42-mm","11":"pa_forma-rotund","12":"pa_funcii-cronograf","13":"pa_funcii-data","14":"pa_funcii-tahimetru","15":"pa_garatia-24-luni","16":"pa_korpus-negru","17":"pa_kvarc-quartz","18":"pa_material-otel-inoxidabil","19":"pa_mehanizm-baterie-solara","20":"pa_remeshok-verde","21":"pa_steklo-cristal-safir","22":"pa_strana-elvetia","23":"pa_voda-10-atm","25":"first","26":"instock","27":"purchasable","28":"product-type-simple"},"acf":[],"_links":{"self":[{"href":"https:\/\/ceasuri.md\/ru\/wp-json\/wp\/v2\/product\/61800","targetHints":{"allow":["GET"]}}],"collection":[{"href":"https:\/\/ceasuri.md\/ru\/wp-json\/wp\/v2\/product"}],"about":[{"href":"https:\/\/ceasuri.md\/ru\/wp-json\/wp\/v2\/types\/product"}],"replies":[{"embeddable":true,"href":"https:\/\/ceasuri.md\/ru\/wp-json\/wp\/v2\/comments?post=61800"}],"wp:featuredmedia":[{"embeddable":true,"href":"https:\/\/ceasuri.md\/ru\/wp-json\/wp\/v2\/media\/61801"}],"wp:attachment":[{"href":"https:\/\/ceasuri.md\/ru\/wp-json\/wp\/v2\/media?parent=61800"}],"wp:term":[{"taxonomy":"product_brand","embeddable":true,"href":"https:\/\/ceasuri.md\/ru\/wp-json\/wp\/v2\/product_brand?post=61800"},{"taxonomy":"product_cat","embeddable":true,"href":"https:\/\/ceasuri.md\/ru\/wp-json\/wp\/v2\/product_cat?post=61800"},{"taxonomy":"product_tag","embeddable":true,"href":"https:\/\/ceasuri.md\/ru\/wp-json\/wp\/v2\/product_tag?post=61800"}],"curies":[{"name":"wp","href":"https:\/\/api.w.org\/{rel}","templated":true}]}}