{"id":61798,"date":"2026-04-03T01:25:53","date_gmt":"2026-04-02T22:25:53","guid":{"rendered":"http:\/\/new.ceasuri.md\/shop\/uncategorized\/seiko-wall-clock-qhl100b\/"},"modified":"2026-04-20T01:55:44","modified_gmt":"2026-04-19T22:55:44","slug":"seiko-wall-clock-qhl100b","status":"publish","type":"product","link":"https:\/\/ceasuri.md\/ru\/shop\/ceas-interior-cu-alarma\/ceas-interior-ceas-interior-cu-alarma\/seiko-wall-clock-qhl100b\/","title":{"rendered":"\u0427\u0430\u0441\u044b SEIKO WALL CLOCK QHL100B"},"content":{"rendered":"<p>Seiko Clocks, o parte a grupului Seiko, este recunoscut\u0103 pentru gama sa cuprinz\u0103toare de ceasuri cu alarm\u0103, ceasuri de perete \u0219i produse similare.<\/p>\n<p>Pun\u00e2nd accent pe acurate\u021be, fiabilitate \u0219i design inovator, Seiko Clocks ofer\u0103 o gam\u0103 larg\u0103 de produse care se adreseaz\u0103 tuturor gusturilor \u0219i stilurilor de via\u021b\u0103.<\/p>\n<p>De la modele moderne \u0219i elegante la stiluri mai tradi\u021bionale \u0219i clasice, Seiko Clocks este dedicat \u00eembog\u0103\u021birii caselor \u0219i birourilor cu solu\u021bii precise \u0219i fiabile.<\/p>","protected":false},"excerpt":{"rendered":"<p>Seiko Clocks, o parte a grupului Seiko, este recunoscut\u0103 pentru gama sa cuprinz\u0103toare de ceasuri cu alarm\u0103, ceasuri de perete \u0219i produse similare. Pun\u00e2nd accent pe acurate\u021be, fiabilitate \u0219i design inovator, Seiko Clocks ofer\u0103 o gam\u0103 larg\u0103 de produse care se adreseaz\u0103 tuturor gusturilor \u0219i stilurilor de via\u021b\u0103. De la modele moderne \u0219i elegante la [&hellip;]<\/p>\n","protected":false},"featured_media":61799,"comment_status":"closed","ping_status":"open","template":"","meta":{"_acf_changed":false},"product_brand":[],"product_cat":[842,588],"product_tag":[],"class_list":{"0":"post-61798","1":"product","2":"type-product","3":"status-publish","4":"has-post-thumbnail","6":"product_cat-ceas-interior-ceas-interior-cu-alarma","7":"product_cat-seiko","8":"pa_brand-seiko","9":"pa_corpus-25-cm","10":"pa_forma-patrat","11":"pa_funcii-calendar","12":"pa_funcii-data","13":"pa_funcii-termometru","14":"pa_funcii-ziua-saptamanii","15":"pa_garatia-24-luni","16":"pa_korpus-maro","17":"pa_kvarc-quartz","18":"pa_material-plastic","19":"pa_mehanizm-electronic","20":"pa_steklo-plastic","21":"pa_strana-japonia","23":"first","24":"instock","25":"purchasable","26":"product-type-simple"},"acf":[],"_links":{"self":[{"href":"https:\/\/ceasuri.md\/ru\/wp-json\/wp\/v2\/product\/61798","targetHints":{"allow":["GET"]}}],"collection":[{"href":"https:\/\/ceasuri.md\/ru\/wp-json\/wp\/v2\/product"}],"about":[{"href":"https:\/\/ceasuri.md\/ru\/wp-json\/wp\/v2\/types\/product"}],"replies":[{"embeddable":true,"href":"https:\/\/ceasuri.md\/ru\/wp-json\/wp\/v2\/comments?post=61798"}],"wp:featuredmedia":[{"embeddable":true,"href":"https:\/\/ceasuri.md\/ru\/wp-json\/wp\/v2\/media\/61799"}],"wp:attachment":[{"href":"https:\/\/ceasuri.md\/ru\/wp-json\/wp\/v2\/media?parent=61798"}],"wp:term":[{"taxonomy":"product_brand","embeddable":true,"href":"https:\/\/ceasuri.md\/ru\/wp-json\/wp\/v2\/product_brand?post=61798"},{"taxonomy":"product_cat","embeddable":true,"href":"https:\/\/ceasuri.md\/ru\/wp-json\/wp\/v2\/product_cat?post=61798"},{"taxonomy":"product_tag","embeddable":true,"href":"https:\/\/ceasuri.md\/ru\/wp-json\/wp\/v2\/product_tag?post=61798"}],"curies":[{"name":"wp","href":"https:\/\/api.w.org\/{rel}","templated":true}]}}