{"id":61785,"date":"2026-04-03T01:25:53","date_gmt":"2026-04-02T22:25:53","guid":{"rendered":"http:\/\/new.ceasuri.md\/shop\/uncategorized\/seiko-wall-clock-qxm615b\/"},"modified":"2026-04-20T01:55:46","modified_gmt":"2026-04-19T22:55:46","slug":"seiko-wall-clock-qxm615b","status":"publish","type":"product","link":"https:\/\/ceasuri.md\/ru\/shop\/ceas-interior-cu-alarma\/ceas-interior-ceas-interior-cu-alarma\/seiko-wall-clock-qxm615b\/","title":{"rendered":"\u0427\u0430\u0441\u044b SEIKO WALL CLOCK QXM615B"},"content":{"rendered":"<p>Ceasurile Seiko \u201eDancing Dial\u201d Melodies in Motion sunt fermec\u0103toare \u0219i magice. Sunt unele dintre cele mai populare \u0219i mai v\u00e2ndute ceasuri muzicale, \u0219i exist\u0103 motive \u00eentemeiate pentru asta. La \u00eenceputul fiec\u0103rei ore, cadranele se rotesc \u0219i se \u00eenv\u00e2rt \u00een ritmul melodiilor lini\u0219titoare, cre\u00e2nd un spectacol hipnotizant \u0219i vesel.<\/p>\n<p>Arunca\u021bi o privire la uimitorul \u201eCastelul de z\u0103pad\u0103\u201d. Paleta de culori aminte\u0219te de un sandvi\u0219 cu \u00eenghe\u021bat\u0103: carcas\u0103 de un maro ciocolatiu intens \u0219i cadran pe un fundal alb str\u0103lucitor, cu accente \u0219i motive fermec\u0103toare, inspirate de catedrale.<\/p>\n<p>Cadranul interior este decorat cu 18 cristale colorate.<\/p>\n<p>La \u00eenceputul fiec\u0103rei ore, cadranul se destram\u0103, dezv\u0103luind o serie de modele liniare, \u0219i se rote\u0219te pe una dintre cele 40 de melodii, apoi se aude melodia final\u0103, care \u00eencheie spectacolul.<\/p>","protected":false},"excerpt":{"rendered":"<p>Ceasurile Seiko \u201eDancing Dial\u201d Melodies in Motion sunt fermec\u0103toare \u0219i magice. Sunt unele dintre cele mai populare \u0219i mai v\u00e2ndute ceasuri muzicale, \u0219i exist\u0103 motive \u00eentemeiate pentru asta. La \u00eenceputul fiec\u0103rei ore, cadranele se rotesc \u0219i se \u00eenv\u00e2rt \u00een ritmul melodiilor lini\u0219titoare, cre\u00e2nd un spectacol hipnotizant \u0219i vesel. Arunca\u021bi o privire la uimitorul \u201eCastelul de [&hellip;]<\/p>\n","protected":false},"featured_media":61786,"comment_status":"closed","ping_status":"open","template":"","meta":{"_acf_changed":false},"product_brand":[],"product_cat":[842,588],"product_tag":[],"class_list":{"0":"post-61785","1":"product","2":"type-product","3":"status-publish","4":"has-post-thumbnail","6":"product_cat-ceas-interior-ceas-interior-cu-alarma","7":"product_cat-seiko","8":"pa_brand-seiko","9":"pa_corpus-41x44cm","10":"pa_forma-oval","11":"pa_garatia-24-luni","12":"pa_korpus-maro","13":"pa_kvarc-quartz","14":"pa_material-plastic","15":"pa_mehanizm-quartz","16":"pa_steklo-plastic","17":"pa_strana-japonia","19":"first","20":"instock","21":"purchasable","22":"product-type-simple"},"acf":[],"_links":{"self":[{"href":"https:\/\/ceasuri.md\/ru\/wp-json\/wp\/v2\/product\/61785","targetHints":{"allow":["GET"]}}],"collection":[{"href":"https:\/\/ceasuri.md\/ru\/wp-json\/wp\/v2\/product"}],"about":[{"href":"https:\/\/ceasuri.md\/ru\/wp-json\/wp\/v2\/types\/product"}],"replies":[{"embeddable":true,"href":"https:\/\/ceasuri.md\/ru\/wp-json\/wp\/v2\/comments?post=61785"}],"wp:featuredmedia":[{"embeddable":true,"href":"https:\/\/ceasuri.md\/ru\/wp-json\/wp\/v2\/media\/61786"}],"wp:attachment":[{"href":"https:\/\/ceasuri.md\/ru\/wp-json\/wp\/v2\/media?parent=61785"}],"wp:term":[{"taxonomy":"product_brand","embeddable":true,"href":"https:\/\/ceasuri.md\/ru\/wp-json\/wp\/v2\/product_brand?post=61785"},{"taxonomy":"product_cat","embeddable":true,"href":"https:\/\/ceasuri.md\/ru\/wp-json\/wp\/v2\/product_cat?post=61785"},{"taxonomy":"product_tag","embeddable":true,"href":"https:\/\/ceasuri.md\/ru\/wp-json\/wp\/v2\/product_tag?post=61785"}],"curies":[{"name":"wp","href":"https:\/\/api.w.org\/{rel}","templated":true}]}}