{"id":61782,"date":"2026-04-03T01:25:53","date_gmt":"2026-04-02T22:25:53","guid":{"rendered":"http:\/\/new.ceasuri.md\/shop\/uncategorized\/seiko-wall-clock-qxm616s\/"},"modified":"2026-04-20T01:55:47","modified_gmt":"2026-04-19T22:55:47","slug":"seiko-wall-clock-qxm616s","status":"publish","type":"product","link":"https:\/\/ceasuri.md\/ru\/shop\/ceas-interior-cu-alarma\/ceas-interior-ceas-interior-cu-alarma\/seiko-wall-clock-qxm616s\/","title":{"rendered":"\u0427\u0430\u0441\u044b SEIKO WALL CLOCK QXM616S"},"content":{"rendered":"<p>Ceasurile Seiko \u201eDancing Dial\u201d Melodies in Motion sunt fermec\u0103toare \u0219i magice. Sunt unele dintre cele mai populare \u0219i mai v\u00e2ndute ceasuri muzicale, \u0219i exist\u0103 motive \u00eentemeiate pentru asta. La \u00eenceputul fiec\u0103rei ore, cadranele se rotesc \u0219i se \u00eenv\u00e2rt \u00een ritmul melodiilor lini\u0219titoare, cre\u00e2nd un spectacol hipnotizant \u0219i vesel.<\/p>\n<p>Pe cerul albastru este reprezentat un zbor mistic deasupra unui regat fantastic.<\/p>\n<p>La \u00eenceputul fiec\u0103rei ore, balonul cu cifra \u201e12\u201d plute\u0219te \u00een aer, iar cadranul se rote\u0219te pe una dintre cele 40 de melodii, dup\u0103 care se aude melodia final\u0103, care \u00eencheie spectacolul.<\/p>","protected":false},"excerpt":{"rendered":"<p>Ceasurile Seiko \u201eDancing Dial\u201d Melodies in Motion sunt fermec\u0103toare \u0219i magice. Sunt unele dintre cele mai populare \u0219i mai v\u00e2ndute ceasuri muzicale, \u0219i exist\u0103 motive \u00eentemeiate pentru asta. La \u00eenceputul fiec\u0103rei ore, cadranele se rotesc \u0219i se \u00eenv\u00e2rt \u00een ritmul melodiilor lini\u0219titoare, cre\u00e2nd un spectacol hipnotizant \u0219i vesel. Pe cerul albastru este reprezentat un zbor [&hellip;]<\/p>\n","protected":false},"featured_media":61783,"comment_status":"closed","ping_status":"open","template":"","meta":{"_acf_changed":false},"product_brand":[],"product_cat":[842,588],"product_tag":[],"class_list":{"0":"post-61782","1":"product","2":"type-product","3":"status-publish","4":"has-post-thumbnail","6":"product_cat-ceas-interior-ceas-interior-cu-alarma","7":"product_cat-seiko","8":"pa_brand-seiko","9":"pa_corpus-39-cm","10":"pa_forma-rotund","11":"pa_garatia-24-luni","12":"pa_korpus-argintiu","13":"pa_kvarc-quartz","14":"pa_material-plastic","15":"pa_mehanizm-quartz","16":"pa_steklo-plastic","17":"pa_strana-japonia","19":"first","20":"instock","21":"purchasable","22":"product-type-simple"},"acf":[],"_links":{"self":[{"href":"https:\/\/ceasuri.md\/ru\/wp-json\/wp\/v2\/product\/61782","targetHints":{"allow":["GET"]}}],"collection":[{"href":"https:\/\/ceasuri.md\/ru\/wp-json\/wp\/v2\/product"}],"about":[{"href":"https:\/\/ceasuri.md\/ru\/wp-json\/wp\/v2\/types\/product"}],"replies":[{"embeddable":true,"href":"https:\/\/ceasuri.md\/ru\/wp-json\/wp\/v2\/comments?post=61782"}],"wp:featuredmedia":[{"embeddable":true,"href":"https:\/\/ceasuri.md\/ru\/wp-json\/wp\/v2\/media\/61783"}],"wp:attachment":[{"href":"https:\/\/ceasuri.md\/ru\/wp-json\/wp\/v2\/media?parent=61782"}],"wp:term":[{"taxonomy":"product_brand","embeddable":true,"href":"https:\/\/ceasuri.md\/ru\/wp-json\/wp\/v2\/product_brand?post=61782"},{"taxonomy":"product_cat","embeddable":true,"href":"https:\/\/ceasuri.md\/ru\/wp-json\/wp\/v2\/product_cat?post=61782"},{"taxonomy":"product_tag","embeddable":true,"href":"https:\/\/ceasuri.md\/ru\/wp-json\/wp\/v2\/product_tag?post=61782"}],"curies":[{"name":"wp","href":"https:\/\/api.w.org\/{rel}","templated":true}]}}