{"id":61778,"date":"2026-04-03T01:25:53","date_gmt":"2026-04-02T22:25:53","guid":{"rendered":"http:\/\/new.ceasuri.md\/shop\/uncategorized\/seiko-wall-clock-qxm618b\/"},"modified":"2026-04-28T16:51:36","modified_gmt":"2026-04-28T13:51:36","slug":"seiko-wall-clock-qxm618b","status":"publish","type":"product","link":"https:\/\/ceasuri.md\/ru\/shop\/ceas-interior-cu-alarma\/ceas-interior-ceas-interior-cu-alarma\/seiko-wall-clock-qxm618b\/","title":{"rendered":"\u0427\u0430\u0441\u044b SEIKO WALL CLOCK QXM618B"},"content":{"rendered":"<p>Acest ceas, \u00eencadrat \u00eentr-o carcas\u0103 frumoas\u0103 din lemn, are un cadran din aluminiu cu cifre romane elegante \u0219i ace filigranate rafinate, care eman\u0103 rafinament. Este echipat cu un pendul oscilant.<\/p>\n<p>La fiecare or\u0103, ceasul c\u00e2nt\u0103 una dintre cele 18 melodii, sau pute\u021bi alege clasicul Westminster Chime.<\/p>\n<p>O adev\u0103rat\u0103 podoab\u0103 este modelul floral oriental din spatele sticlei, care adaug\u0103 profunzime \u0219i bog\u0103\u021bie vizual\u0103 peretelui dvs.<\/p>\n<p>Sunt ideale pentru dormitoare, sufragerii sau holuri.<\/p>\n<p>Butonul de reglare a volumului v\u0103 permite s\u0103 controla\u021bi sunetul. Senzorul de lumin\u0103 opre\u0219te toate melodiile c\u00e2nd se \u00eentunec\u0103.<\/p>","protected":false},"excerpt":{"rendered":"<p>Acest ceas, \u00eencadrat \u00eentr-o carcas\u0103 frumoas\u0103 din lemn, are un cadran din aluminiu cu cifre romane elegante \u0219i ace filigranate rafinate, care eman\u0103 rafinament. Este echipat cu un pendul oscilant. La fiecare or\u0103, ceasul c\u00e2nt\u0103 una dintre cele 18 melodii, sau pute\u021bi alege clasicul Westminster Chime. O adev\u0103rat\u0103 podoab\u0103 este modelul floral oriental din spatele [&hellip;]<\/p>\n","protected":false},"featured_media":61779,"comment_status":"closed","ping_status":"open","template":"","meta":{"_acf_changed":false},"product_brand":[],"product_cat":[842,588],"product_tag":[],"class_list":{"0":"post-61778","1":"product","2":"type-product","3":"status-publish","4":"has-post-thumbnail","6":"product_cat-ceas-interior-ceas-interior-cu-alarma","7":"product_cat-seiko","8":"pa_brand-seiko","9":"pa_corpus-28x58cm","10":"pa_forma-atipica","11":"pa_garatia-24-luni","12":"pa_korpus-maro","13":"pa_kvarc-quartz","14":"pa_material-lemn-natural","15":"pa_mehanizm-quartz","16":"pa_steklo-cristal-mineral","17":"pa_strana-japonia","19":"first","20":"outofstock","21":"purchasable","22":"product-type-simple"},"acf":[],"_links":{"self":[{"href":"https:\/\/ceasuri.md\/ru\/wp-json\/wp\/v2\/product\/61778","targetHints":{"allow":["GET"]}}],"collection":[{"href":"https:\/\/ceasuri.md\/ru\/wp-json\/wp\/v2\/product"}],"about":[{"href":"https:\/\/ceasuri.md\/ru\/wp-json\/wp\/v2\/types\/product"}],"replies":[{"embeddable":true,"href":"https:\/\/ceasuri.md\/ru\/wp-json\/wp\/v2\/comments?post=61778"}],"wp:featuredmedia":[{"embeddable":true,"href":"https:\/\/ceasuri.md\/ru\/wp-json\/wp\/v2\/media\/61779"}],"wp:attachment":[{"href":"https:\/\/ceasuri.md\/ru\/wp-json\/wp\/v2\/media?parent=61778"}],"wp:term":[{"taxonomy":"product_brand","embeddable":true,"href":"https:\/\/ceasuri.md\/ru\/wp-json\/wp\/v2\/product_brand?post=61778"},{"taxonomy":"product_cat","embeddable":true,"href":"https:\/\/ceasuri.md\/ru\/wp-json\/wp\/v2\/product_cat?post=61778"},{"taxonomy":"product_tag","embeddable":true,"href":"https:\/\/ceasuri.md\/ru\/wp-json\/wp\/v2\/product_tag?post=61778"}],"curies":[{"name":"wp","href":"https:\/\/api.w.org\/{rel}","templated":true}]}}