{"id":61767,"date":"2026-04-03T01:25:53","date_gmt":"2026-04-02T22:25:53","guid":{"rendered":"http:\/\/new.ceasuri.md\/shop\/uncategorized\/seiko-prospex-alpinist-spb505j1\/"},"modified":"2026-04-27T11:25:06","modified_gmt":"2026-04-27T08:25:06","slug":"seiko-prospex-alpinist-spb505j1","status":"publish","type":"product","link":"https:\/\/ceasuri.md\/ru\/shop\/branduri\/seiko\/seiko-prospex-alpinist-spb505j1\/","title":{"rendered":"\u0427\u0430\u0441\u044b SEIKO PROSPEX Alpinist SPB505J1"},"content":{"rendered":"<p>Ceasurile din colec\u021bia Alpinist, lansat\u0103 pentru prima dat\u0103 \u00een 1959, au fost concepute pentru alpini\u0219tii japonezi \u201eYama-otoko\u201d \u0219i trebuiau s\u0103 fie fiabile \u00een condi\u021bii dificile.<\/p>\n<p>Sub sticla de safir se afl\u0103 cadranul clasic negru, completat de indicatoarele orelor \u0219i minutelor \u00een stil \u201ecatedral\u0103\u201d, precum \u0219i de cifrele arabe clasice \u0219i indexurile \u00een form\u0103 de pan\u0103.<\/p>\n<p>Sub logo-ul Seiko se afl\u0103 logo-ul tradi\u021bional Alpinist, care a fost prezentat pe primele ceasuri Laurel Alpinist din anii 1950. Logo-ul \u201eMountain Device\u201d este reprezentat pe capacul din spate al acestui ceas, ceea ce este o referin\u021b\u0103 la originalul vintage \u0219i indic\u0103 caracterul \u201ede teren\u201d al ceasului.<\/p>\n<p>Prin capacul transparent din spate se poate vedea calibrul automat 6R55 cu o precizie de -15\/+25 secunde pe zi \u0219i o rezerv\u0103 de mar\u0219 de 72 de ore.<\/p>\n<p>Prospex este o combina\u021bie a cuvintelor \u201eProfessional\u201d (profesional) \u0219i \u201eSpecifications\u201d (specifica\u021bii). Ceasurile Seiko Prospex sunt concepute av\u00e2nd \u00een vedere practicitatea, fiabilitatea \u0219i durabilitatea, pentru a corespunde standardelor \u00eenalte cerute \u00een condi\u021bii extreme pentru iubitorii de sport \u0219i aventurieri.<\/p>","protected":false},"excerpt":{"rendered":"<p>Ceasurile din colec\u021bia Alpinist, lansat\u0103 pentru prima dat\u0103 \u00een 1959, au fost concepute pentru alpini\u0219tii japonezi \u201eYama-otoko\u201d \u0219i trebuiau s\u0103 fie fiabile \u00een condi\u021bii dificile. Sub sticla de safir se afl\u0103 cadranul clasic negru, completat de indicatoarele orelor \u0219i minutelor \u00een stil \u201ecatedral\u0103\u201d, precum \u0219i de cifrele arabe clasice \u0219i indexurile \u00een form\u0103 de pan\u0103. [&hellip;]<\/p>\n","protected":false},"featured_media":61768,"comment_status":"closed","ping_status":"open","template":"","meta":{"_acf_changed":false},"product_brand":[],"product_cat":[20,588],"product_tag":[],"class_list":{"0":"post-61767","1":"product","2":"type-product","3":"status-publish","4":"has-post-thumbnail","6":"product_cat-ceasuri-barbati","7":"product_cat-seiko","8":"pa_brand-seiko","9":"pa_braslet-otel-inoxidabil","10":"pa_corpus-40-mm","11":"pa_forma-rotund","12":"pa_funcii-busola","13":"pa_funcii-data","14":"pa_garatia-24-luni","15":"pa_korpus-argintiu","16":"pa_material-otel-inoxidabil","17":"pa_mehanizm-mecanic","18":"pa_mehanizm-mecanism-automatic","19":"pa_remeshok-argintiu","20":"pa_steklo-cristal-safir","21":"pa_strana-japonia","22":"pa_voda-20-atm","24":"first","25":"outofstock","26":"purchasable","27":"product-type-simple"},"acf":[],"_links":{"self":[{"href":"https:\/\/ceasuri.md\/ru\/wp-json\/wp\/v2\/product\/61767","targetHints":{"allow":["GET"]}}],"collection":[{"href":"https:\/\/ceasuri.md\/ru\/wp-json\/wp\/v2\/product"}],"about":[{"href":"https:\/\/ceasuri.md\/ru\/wp-json\/wp\/v2\/types\/product"}],"replies":[{"embeddable":true,"href":"https:\/\/ceasuri.md\/ru\/wp-json\/wp\/v2\/comments?post=61767"}],"wp:featuredmedia":[{"embeddable":true,"href":"https:\/\/ceasuri.md\/ru\/wp-json\/wp\/v2\/media\/61768"}],"wp:attachment":[{"href":"https:\/\/ceasuri.md\/ru\/wp-json\/wp\/v2\/media?parent=61767"}],"wp:term":[{"taxonomy":"product_brand","embeddable":true,"href":"https:\/\/ceasuri.md\/ru\/wp-json\/wp\/v2\/product_brand?post=61767"},{"taxonomy":"product_cat","embeddable":true,"href":"https:\/\/ceasuri.md\/ru\/wp-json\/wp\/v2\/product_cat?post=61767"},{"taxonomy":"product_tag","embeddable":true,"href":"https:\/\/ceasuri.md\/ru\/wp-json\/wp\/v2\/product_tag?post=61767"}],"curies":[{"name":"wp","href":"https:\/\/api.w.org\/{rel}","templated":true}]}}