{"id":61755,"date":"2026-04-03T01:25:53","date_gmt":"2026-04-02T22:25:53","guid":{"rendered":"http:\/\/new.ceasuri.md\/shop\/uncategorized\/seiko-presage-classic-spb527j1\/"},"modified":"2026-04-20T01:55:50","modified_gmt":"2026-04-19T22:55:50","slug":"seiko-presage-classic-spb527j1","status":"publish","type":"product","link":"https:\/\/ceasuri.md\/ru\/shop\/branduri\/seiko\/seiko-presage-classic-spb527j1\/","title":{"rendered":"\u0427\u0430\u0441\u044b SEIKO PRESAGE Classic SPB527J1"},"content":{"rendered":"<p>Model din seria Presage Classic \u2014 ceasuri care se remarc\u0103 prin elegan\u021ba specific\u0103 japonezilor.<\/p>\n<p>Aceste ceasuri au primit numele \u201eAi-iro\u201d datorit\u0103 cadranului de culoare indigo \u2014 o culoare care a fost foarte popular\u0103 \u00een Japonia \u00een perioada Edo, \u00eentre 1603 \u0219i 1868. \u201eAi-iro\u201d era considerat \u201eculoarea norocului\u201d pentru samurai \u2014 \u00een epoca Meiji (1868-1912), ora\u0219ele erau vopsite \u00een aceast\u0103 culoare, ceea ce i-a determinat pe str\u0103ini s\u0103 o numeasc\u0103 \u201ealbastru japonez\u201d.<\/p>\n<p>Textura cadranului este inspirat\u0103 de m\u0103tasea moale \u2013 un material japonez popular din cele mai vechi timpuri, folosit adesea \u00een decorarea casei \u0219i \u00een confec\u021bionarea hainelor.<\/p>\n<p>Sub sticla curbat\u0103 de safir, cadranul bombat cu mecanism deschis, cu ace \u0219i indici curba\u021bi, aminte\u0219te de stilul vintage \u0219i este special conceput pentru a reflecta la maximum lumina.  Br\u0103\u021bara cu \u0219apte zale a fost conceput\u0103 \u0219i inspirat\u0103 de br\u0103\u021b\u0103rile retro pentru ceasuri din anii 1970.<\/p>\n<p>Ceasurile din seria Classic sunt echipate cu calibrul 6R55 de produc\u021bie proprie, cu o precizie de -15\/+25 secunde pe zi \u0219i o rezerv\u0103 de mar\u0219 de 72 de ore.<\/p>\n<p>Seiko Presage: aspect atemporal, timp mecanic precis. Design minimalist al ceasului, cu o estetic\u0103 japonez\u0103 pronun\u021bat\u0103.<\/p>","protected":false},"excerpt":{"rendered":"<p>Model din seria Presage Classic \u2014 ceasuri care se remarc\u0103 prin elegan\u021ba specific\u0103 japonezilor. Aceste ceasuri au primit numele \u201eAi-iro\u201d datorit\u0103 cadranului de culoare indigo \u2014 o culoare care a fost foarte popular\u0103 \u00een Japonia \u00een perioada Edo, \u00eentre 1603 \u0219i 1868. \u201eAi-iro\u201d era considerat \u201eculoarea norocului\u201d pentru samurai \u2014 \u00een epoca Meiji (1868-1912), ora\u0219ele [&hellip;]<\/p>\n","protected":false},"featured_media":61756,"comment_status":"closed","ping_status":"open","template":"","meta":{"_acf_changed":false},"product_brand":[],"product_cat":[20,588],"product_tag":[],"class_list":{"0":"post-61755","1":"product","2":"type-product","3":"status-publish","4":"has-post-thumbnail","6":"product_cat-ceasuri-barbati","7":"product_cat-seiko","8":"pa_brand-seiko","9":"pa_braslet-otel-inoxidabil","10":"pa_corpus-40-mm","11":"pa_forma-rotund","12":"pa_funcii-semischelet","13":"pa_garatia-24-luni","14":"pa_korpus-argintiu","15":"pa_material-otel-inoxidabil","16":"pa_mehanizm-mecanic","17":"pa_mehanizm-mecanism-automatic","18":"pa_remeshok-argintiu","19":"pa_steklo-cristal-safir","20":"pa_strana-japonia","21":"pa_voda-10-atm","23":"first","24":"instock","25":"purchasable","26":"product-type-simple"},"acf":[],"_links":{"self":[{"href":"https:\/\/ceasuri.md\/ru\/wp-json\/wp\/v2\/product\/61755","targetHints":{"allow":["GET"]}}],"collection":[{"href":"https:\/\/ceasuri.md\/ru\/wp-json\/wp\/v2\/product"}],"about":[{"href":"https:\/\/ceasuri.md\/ru\/wp-json\/wp\/v2\/types\/product"}],"replies":[{"embeddable":true,"href":"https:\/\/ceasuri.md\/ru\/wp-json\/wp\/v2\/comments?post=61755"}],"wp:featuredmedia":[{"embeddable":true,"href":"https:\/\/ceasuri.md\/ru\/wp-json\/wp\/v2\/media\/61756"}],"wp:attachment":[{"href":"https:\/\/ceasuri.md\/ru\/wp-json\/wp\/v2\/media?parent=61755"}],"wp:term":[{"taxonomy":"product_brand","embeddable":true,"href":"https:\/\/ceasuri.md\/ru\/wp-json\/wp\/v2\/product_brand?post=61755"},{"taxonomy":"product_cat","embeddable":true,"href":"https:\/\/ceasuri.md\/ru\/wp-json\/wp\/v2\/product_cat?post=61755"},{"taxonomy":"product_tag","embeddable":true,"href":"https:\/\/ceasuri.md\/ru\/wp-json\/wp\/v2\/product_tag?post=61755"}],"curies":[{"name":"wp","href":"https:\/\/api.w.org\/{rel}","templated":true}]}}