{"id":61749,"date":"2026-04-03T01:25:53","date_gmt":"2026-04-02T22:25:53","guid":{"rendered":"http:\/\/new.ceasuri.md\/shop\/uncategorized\/seiko-presage-classic-le-spb529j1\/"},"modified":"2026-04-20T01:55:51","modified_gmt":"2026-04-19T22:55:51","slug":"seiko-presage-classic-le-spb529j1","status":"publish","type":"product","link":"https:\/\/ceasuri.md\/ru\/shop\/branduri\/seiko\/seiko-presage-classic-le-spb529j1\/","title":{"rendered":"\u0427\u0430\u0441\u044b SEIKO PRESAGE Classic LE SPB529J1"},"content":{"rendered":"<p>Acest ceas din seria Presage Classic, creat cu elegan\u021ba specific\u0103 japonez\u0103, este produs \u00eentr-o serie limitat\u0103 \u0219i este dotat cu un cadran de culoare fumurie \u201esiracha\u201d \u2013 un colorant popular \u00een epoca Edo. Textura cadranului este inspirat\u0103 de m\u0103tasea japonez\u0103 moale, un material popular \u00eenc\u0103 din antichitate, care se reg\u0103se\u0219te adesea \u00een decorul interior \u0219i \u00een \u00eembr\u0103c\u0103minte.<\/p>\n<p>Sub sticla curbat\u0103 de safir, cadranul bombat cu ace \u0219i indici curba\u021bi aminte\u0219te de stilul vintage \u0219i este conceput pentru a reflecta lumina c\u00e2t mai eficient posibil. Acoperirea din bronz, marginile striate \u0219i acoperirea ultra-dur\u0103, rezistent\u0103 la zg\u00e2rieturi, fac ca carcasa curbat\u0103 cu finisaj oglind\u0103 s\u0103 fie rezistent\u0103 la trecerea timpului.<\/p>\n<p>Acesta este primul ceas din seria Classic cu curea maro din piele de vi\u021bel; materialul \u00een stil vintage este fabricat din resturi de piele reciclate \u00een mod etic \u0219i responsabil pentru \u00eenc\u0103l\u021b\u0103minte de lux. C\u0103ptu\u0219eala de \u00eenalt\u0103 calitate a curelei corespunde materialului utilizat \u00een modelul original.<\/p>\n<p>Acest ceas din seria Classic este echipat cu un calibru manufacturat 6R55 cu o precizie de -15 p\u00e2n\u0103 la +25 secunde pe zi \u0219i o rezerv\u0103 de mar\u0219 de trei zile, 72 de ore. Face parte din seria limitat\u0103 de doar 3000 de exemplare lansate \u00een \u00eentreaga lume. Num\u0103rul de serie este indicat pe capacul din spate. Este disponibil modelul cu N 1326.<\/p>\n<p>Seiko Presage: design atemporal, cronometrare mecanic\u0103 precis\u0103. Design minimalist al ceasului, cu o estetic\u0103 japonez\u0103 pronun\u021bat\u0103.<\/p>","protected":false},"excerpt":{"rendered":"<p>Acest ceas din seria Presage Classic, creat cu elegan\u021ba specific\u0103 japonez\u0103, este produs \u00eentr-o serie limitat\u0103 \u0219i este dotat cu un cadran de culoare fumurie \u201esiracha\u201d \u2013 un colorant popular \u00een epoca Edo. Textura cadranului este inspirat\u0103 de m\u0103tasea japonez\u0103 moale, un material popular \u00eenc\u0103 din antichitate, care se reg\u0103se\u0219te adesea \u00een decorul interior \u0219i [&hellip;]<\/p>\n","protected":false},"featured_media":61750,"comment_status":"closed","ping_status":"open","template":"","meta":{"_acf_changed":false},"product_brand":[],"product_cat":[20,205,588],"product_tag":[],"class_list":{"0":"post-61749","1":"product","2":"type-product","3":"status-publish","4":"has-post-thumbnail","6":"product_cat-ceasuri-barbati","7":"product_cat-limited-edition","8":"product_cat-seiko","9":"pa_brand-seiko","10":"pa_braslet-piele","11":"pa_corpus-40-mm","12":"pa_forma-rotund","13":"pa_funcii-data","14":"pa_funcii-limited-edition","15":"pa_garatia-24-luni","16":"pa_korpus-argintiu","17":"pa_material-otel-inoxidabil","18":"pa_mehanizm-mecanic","19":"pa_mehanizm-mecanism-automatic","20":"pa_remeshok-maro","21":"pa_steklo-cristal-safir","22":"pa_strana-japonia","23":"pa_voda-10-atm","25":"first","26":"instock","27":"purchasable","28":"product-type-simple"},"acf":[],"_links":{"self":[{"href":"https:\/\/ceasuri.md\/ru\/wp-json\/wp\/v2\/product\/61749","targetHints":{"allow":["GET"]}}],"collection":[{"href":"https:\/\/ceasuri.md\/ru\/wp-json\/wp\/v2\/product"}],"about":[{"href":"https:\/\/ceasuri.md\/ru\/wp-json\/wp\/v2\/types\/product"}],"replies":[{"embeddable":true,"href":"https:\/\/ceasuri.md\/ru\/wp-json\/wp\/v2\/comments?post=61749"}],"wp:featuredmedia":[{"embeddable":true,"href":"https:\/\/ceasuri.md\/ru\/wp-json\/wp\/v2\/media\/61750"}],"wp:attachment":[{"href":"https:\/\/ceasuri.md\/ru\/wp-json\/wp\/v2\/media?parent=61749"}],"wp:term":[{"taxonomy":"product_brand","embeddable":true,"href":"https:\/\/ceasuri.md\/ru\/wp-json\/wp\/v2\/product_brand?post=61749"},{"taxonomy":"product_cat","embeddable":true,"href":"https:\/\/ceasuri.md\/ru\/wp-json\/wp\/v2\/product_cat?post=61749"},{"taxonomy":"product_tag","embeddable":true,"href":"https:\/\/ceasuri.md\/ru\/wp-json\/wp\/v2\/product_tag?post=61749"}],"curies":[{"name":"wp","href":"https:\/\/api.w.org\/{rel}","templated":true}]}}