{"id":61742,"date":"2026-04-03T01:25:53","date_gmt":"2026-04-02T22:25:53","guid":{"rendered":"http:\/\/new.ceasuri.md\/shop\/uncategorized\/seiko-prospex-speedtimer-solar-le-ssc959p1\/"},"modified":"2026-04-20T01:55:52","modified_gmt":"2026-04-19T22:55:52","slug":"seiko-prospex-speedtimer-solar-le-ssc959p1","status":"publish","type":"product","link":"https:\/\/ceasuri.md\/ru\/shop\/branduri\/seiko\/seiko-prospex-speedtimer-solar-le-ssc959p1\/","title":{"rendered":"\u0427\u0430\u0441\u044b SEIKO PROSPEX SPEEDTIMER SOLAR LE SSC959P1"},"content":{"rendered":"<p>Cadranul crem al acestui ceas Seiko Prospex Speedtimer este inspirat de ma\u0219inile europene clasice. Sub sticla curbat\u0103 din safir se ascunde un cadran cu model \u201eraze de soare\u201d, care \u00eentruchipeaz\u0103 esen\u021ba unei ma\u0219ini vintage de lux.<\/p>\n<p>Creat pe baza modelului SSC813, acest ceas Speedtimer a mo\u0219tenit designul Seiko \u201ePanda\u201d, \u00eendr\u0103git de fani, cu cadrane suplimentare negre, care contrasteaz\u0103 cu cadranul principal.<\/p>\n<p>Ceasul este completat de o curea din piele perforat\u0103 de culoare maro deschis, care aminte\u0219te de elegantele saloane din piele ale ma\u0219inilor de epoc\u0103.<\/p>\n<p>Aceste ceasuri cronograf cu energie solar\u0103 se \u00eencarc\u0103 comod at\u00e2t de la lumina natural\u0103, c\u00e2t \u0219i de la cea electric\u0103, iar func\u021bia lor de cronograf permite m\u0103surarea precis\u0103 a timpului scurs.<\/p>\n<p>Ceasul este echipat cu un mecanism manufacturat V192 cu energie solar\u0103, precizia de func\u021bionare este de +\/- 15 secunde pe lun\u0103, rezerva de func\u021bionare este de 6 luni la \u00eenc\u0103rcare complet\u0103, iar rezisten\u021ba la ap\u0103 este de p\u00e2n\u0103 la 100 de metri.<\/p>\n<p>Prospex este o combina\u021bie a cuvintelor \u201eProfesional\u201d \u0219i \u201eCaracteristici\u201d. Ceasurile Seiko Prospex sunt concepute pentru a fi practice, fiabile \u0219i durabile, precum \u0219i pentru a corespunde standardelor \u00eenalte impuse de iubitorii de sport \u0219i de aventurieri \u00een condi\u021bii extreme.<\/p>\n<p>Doar 3000 de exemplare din aceast\u0103 serie limitat\u0103 de ceasuri Seiko Prospex Speedtimer cu energie solar\u0103 vor fi disponibile exclusiv \u00een Europa. Modelul disponibil este N 1201 din 3000.<\/p>","protected":false},"excerpt":{"rendered":"<p>Cadranul crem al acestui ceas Seiko Prospex Speedtimer este inspirat de ma\u0219inile europene clasice. Sub sticla curbat\u0103 din safir se ascunde un cadran cu model \u201eraze de soare\u201d, care \u00eentruchipeaz\u0103 esen\u021ba unei ma\u0219ini vintage de lux. Creat pe baza modelului SSC813, acest ceas Speedtimer a mo\u0219tenit designul Seiko \u201ePanda\u201d, \u00eendr\u0103git de fani, cu cadrane suplimentare [&hellip;]<\/p>\n","protected":false},"featured_media":61743,"comment_status":"closed","ping_status":"open","template":"","meta":{"_acf_changed":false},"product_brand":[],"product_cat":[20,205,588],"product_tag":[],"class_list":{"0":"post-61742","1":"product","2":"type-product","3":"status-publish","4":"has-post-thumbnail","6":"product_cat-ceasuri-barbati","7":"product_cat-limited-edition","8":"product_cat-seiko","9":"pa_brand-seiko","10":"pa_braslet-otel-inoxidabil","11":"pa_corpus-39-mm","12":"pa_forma-rotund","13":"pa_funcii-cronograf","14":"pa_funcii-data","15":"pa_funcii-limited-edition","16":"pa_funcii-rezerva-de-energie","17":"pa_funcii-set-cadou","18":"pa_funcii-tahimetru","19":"pa_garatia-24-luni","20":"pa_korpus-argintiu","21":"pa_kvarc-quartz","22":"pa_material-otel-inoxidabil","23":"pa_mehanizm-baterie-solara","24":"pa_remeshok-argintiu","25":"pa_steklo-cristal-safir","26":"pa_strana-japonia","27":"pa_voda-10-atm","29":"first","30":"instock","31":"purchasable","32":"product-type-simple"},"acf":[],"_links":{"self":[{"href":"https:\/\/ceasuri.md\/ru\/wp-json\/wp\/v2\/product\/61742","targetHints":{"allow":["GET"]}}],"collection":[{"href":"https:\/\/ceasuri.md\/ru\/wp-json\/wp\/v2\/product"}],"about":[{"href":"https:\/\/ceasuri.md\/ru\/wp-json\/wp\/v2\/types\/product"}],"replies":[{"embeddable":true,"href":"https:\/\/ceasuri.md\/ru\/wp-json\/wp\/v2\/comments?post=61742"}],"wp:featuredmedia":[{"embeddable":true,"href":"https:\/\/ceasuri.md\/ru\/wp-json\/wp\/v2\/media\/61743"}],"wp:attachment":[{"href":"https:\/\/ceasuri.md\/ru\/wp-json\/wp\/v2\/media?parent=61742"}],"wp:term":[{"taxonomy":"product_brand","embeddable":true,"href":"https:\/\/ceasuri.md\/ru\/wp-json\/wp\/v2\/product_brand?post=61742"},{"taxonomy":"product_cat","embeddable":true,"href":"https:\/\/ceasuri.md\/ru\/wp-json\/wp\/v2\/product_cat?post=61742"},{"taxonomy":"product_tag","embeddable":true,"href":"https:\/\/ceasuri.md\/ru\/wp-json\/wp\/v2\/product_tag?post=61742"}],"curies":[{"name":"wp","href":"https:\/\/api.w.org\/{rel}","templated":true}]}}