{"id":61739,"date":"2025-11-18T09:45:20","date_gmt":"2025-11-18T07:45:20","guid":{"rendered":"http:\/\/new.ceasuri.md\/shop\/uncategorized\/seiko-prospex-sea-sur620j1\/"},"modified":"2026-05-01T19:49:40","modified_gmt":"2026-05-01T16:49:40","slug":"seiko-prospex-sea-sur620j1","status":"publish","type":"product","link":"https:\/\/ceasuri.md\/ru\/shop\/branduri\/seiko\/seiko-prospex-sea-sur620j1\/","title":{"rendered":"\u0427\u0430\u0441\u044b SEIKO PROSPEX Sea SUR620J1"},"content":{"rendered":"<p>Seiko continu\u0103 linia feminin\u0103 Prospex. Noile modele se remarc\u0103 prin designul proasp\u0103t, care combin\u0103 armonios sportivitatea \u0219i elegan\u021ba. Sunt func\u021bionale \u0219i feminine, ideale pentru o vacan\u021b\u0103 activ\u0103 la plaj\u0103 \u0219i suficient de elegante pentru o sear\u0103 la clubul de pe plaj\u0103.<\/p>\n<p>Datorit\u0103 diametrului carcasei de 34 mm, ceasurile se potrivesc perfect pe \u00eencheietura m\u00e2inii. Dimensiunea este discret\u0103, dar \u00een acela\u0219i timp expresiv\u0103. Fiecare detaliu este atent g\u00e2ndit.<\/p>\n<p>Bezelul acestui model are o construc\u021bie din dou\u0103 componente: dou\u0103sprezece marcaje fa\u021betate sunt completate de o bordur\u0103 decorativ\u0103 poligonal\u0103 de culoare aurie. Designul produce o impresie elegant\u0103 \u0219i \u00een acela\u0219i timp spectaculoas\u0103.<\/p>\n<p>Cadranul albastru intens, decorat cu opt diamante, confer\u0103 modelului un aspect luxos \u0219i \u00eel face partenerul ideal pentru ocazii speciale.<\/p>\n<p>Pe l\u00e2ng\u0103 elegan\u021b\u0103, ceasul impresioneaz\u0103 prin func\u021bionalitate: forma acelor \u0219i acoperirea LumiBrite asigur\u0103 o lizibilitate excelent\u0103 \u00een orice condi\u021bii.<\/p>","protected":false},"excerpt":{"rendered":"<p>Seiko continu\u0103 linia feminin\u0103 Prospex. Noile modele se remarc\u0103 prin designul proasp\u0103t, care combin\u0103 armonios sportivitatea \u0219i elegan\u021ba. Sunt func\u021bionale \u0219i feminine, ideale pentru o vacan\u021b\u0103 activ\u0103 la plaj\u0103 \u0219i suficient de elegante pentru o sear\u0103 la clubul de pe plaj\u0103. Datorit\u0103 diametrului carcasei de 34 mm, ceasurile se potrivesc perfect pe \u00eencheietura m\u00e2inii. Dimensiunea [&hellip;]<\/p>\n","protected":false},"featured_media":61740,"comment_status":"closed","ping_status":"open","template":"","meta":{"_acf_changed":false},"product_brand":[],"product_cat":[25,588],"product_tag":[],"class_list":{"0":"post-61739","1":"product","2":"type-product","3":"status-publish","4":"has-post-thumbnail","6":"product_cat-ceasuri-dama","7":"product_cat-seiko","8":"pa_brand-seiko","9":"pa_braslet-otel-inoxidabil","10":"pa_corpus-34-mm","11":"pa_decor-diamante","12":"pa_forma-rotund","13":"pa_garatia-24-luni","14":"pa_korpus-bicolor","15":"pa_kvarc-quartz","16":"pa_material-otel-inoxidabil","17":"pa_mehanizm-quartz","18":"pa_remeshok-argintiu","19":"pa_steklo-cristal-safir","20":"pa_strana-japonia","21":"pa_voda-20-atm","23":"first","24":"instock","25":"purchasable","26":"product-type-simple"},"acf":[],"_links":{"self":[{"href":"https:\/\/ceasuri.md\/ru\/wp-json\/wp\/v2\/product\/61739","targetHints":{"allow":["GET"]}}],"collection":[{"href":"https:\/\/ceasuri.md\/ru\/wp-json\/wp\/v2\/product"}],"about":[{"href":"https:\/\/ceasuri.md\/ru\/wp-json\/wp\/v2\/types\/product"}],"replies":[{"embeddable":true,"href":"https:\/\/ceasuri.md\/ru\/wp-json\/wp\/v2\/comments?post=61739"}],"wp:featuredmedia":[{"embeddable":true,"href":"https:\/\/ceasuri.md\/ru\/wp-json\/wp\/v2\/media\/61740"}],"wp:attachment":[{"href":"https:\/\/ceasuri.md\/ru\/wp-json\/wp\/v2\/media?parent=61739"}],"wp:term":[{"taxonomy":"product_brand","embeddable":true,"href":"https:\/\/ceasuri.md\/ru\/wp-json\/wp\/v2\/product_brand?post=61739"},{"taxonomy":"product_cat","embeddable":true,"href":"https:\/\/ceasuri.md\/ru\/wp-json\/wp\/v2\/product_cat?post=61739"},{"taxonomy":"product_tag","embeddable":true,"href":"https:\/\/ceasuri.md\/ru\/wp-json\/wp\/v2\/product_tag?post=61739"}],"curies":[{"name":"wp","href":"https:\/\/api.w.org\/{rel}","templated":true}]}}