{"id":61734,"date":"2026-04-03T01:25:53","date_gmt":"2026-04-02T22:25:53","guid":{"rendered":"http:\/\/new.ceasuri.md\/shop\/uncategorized\/bulova-icon-classic-chronograph-96b409\/"},"modified":"2026-04-20T01:54:05","modified_gmt":"2026-04-19T22:54:05","slug":"bulova-icon-classic-chronograph-96b409","status":"publish","type":"product","link":"https:\/\/ceasuri.md\/ru\/shop\/branduri\/bulova\/bulova-icon-classic-chronograph-96b409\/","title":{"rendered":"Ceas BULOVA ICON Classic Chronograph 96B409"},"content":{"rendered":"<p>Un design \u00eendr\u0103zne\u021b \u0219i modern caracterizeaz\u0103 acest cronograf cu 6 ace din colec\u021bia pentru b\u0103rba\u021bi Bulova Classic.<\/p>\n<p>Carcasa din o\u021bel inoxidabil de culoare argintie, cu diametrul de 44 mm, se remarc\u0103 prin combina\u021bia de finisaje mate \u0219i lustruite, precum \u0219i prin luneta geometric\u0103, care confer\u0103 ceasului un aspect unic.<\/p>\n<p>Cadranul verde \u00eenchis are ace argintii \u0219i marcaje aplicate cu acoperire luminescent\u0103. Cadranul este, de asemenea, echipat cu o fereastr\u0103 pentru dat\u0103 \u0219i cadrane cronograf suplimentare, care permit m\u0103surarea timpului cu o precizie de 1\/20 de secund\u0103.<\/p>\n<p>Acest ceas este echipat cu un mecanism cu cuar\u021b Bulova de \u00eenalt\u0103 precizie, care func\u021bioneaz\u0103 la o frecven\u021b\u0103 de 262 kHz, asigur\u00e2nd precizia \u0219i mi\u0219carea lin\u0103 a acului secundar al cronografului.<\/p>\n<p>Br\u0103\u021bara argintie din o\u021bel inoxidabil completeaz\u0103 ceasul, combin\u00e2nd suprafe\u021be lustruite \u0219i mate.<\/p>\n<p>Datorit\u0103 func\u021bionalit\u0103\u021bii ridicate, rezisten\u021bei la ap\u0103 p\u00e2n\u0103 la 100 de metri \u0219i designului original, acest ceas Bulova este potrivit at\u00e2t pentru uzul zilnic, c\u00e2t \u0219i pentru ocazii speciale.<\/p>","protected":false},"excerpt":{"rendered":"<p>Un design \u00eendr\u0103zne\u021b \u0219i modern caracterizeaz\u0103 acest cronograf cu 6 ace din colec\u021bia pentru b\u0103rba\u021bi Bulova Classic. Carcasa din o\u021bel inoxidabil de culoare argintie, cu diametrul de 44 mm, se remarc\u0103 prin combina\u021bia de finisaje mate \u0219i lustruite, precum \u0219i prin luneta geometric\u0103, care confer\u0103 ceasului un aspect unic. Cadranul verde \u00eenchis are ace argintii [&hellip;]<\/p>\n","protected":false},"featured_media":61735,"comment_status":"closed","ping_status":"open","template":"","meta":{"_acf_changed":false},"product_brand":[],"product_cat":[624,20],"product_tag":[],"class_list":{"0":"post-61734","1":"product","2":"type-product","3":"status-publish","4":"has-post-thumbnail","6":"product_cat-bulova","7":"product_cat-ceasuri-barbati","8":"pa_brand-bulova","9":"pa_braslet-otel-inoxidabil","10":"pa_corpus-44-mm","11":"pa_forma-rotund","12":"pa_funcii-cronograf","13":"pa_funcii-data","14":"pa_funcii-tahimetru","15":"pa_garatia-24-luni","16":"pa_korpus-argintiu","17":"pa_kvarc-quartz","18":"pa_material-otel-inoxidabil","19":"pa_mehanizm-quartz","20":"pa_remeshok-argintiu","21":"pa_steklo-cristal-mineral","22":"pa_strana-sua","23":"pa_voda-10-atm","25":"first","26":"instock","27":"purchasable","28":"product-type-simple"},"acf":[],"_links":{"self":[{"href":"https:\/\/ceasuri.md\/ru\/wp-json\/wp\/v2\/product\/61734","targetHints":{"allow":["GET"]}}],"collection":[{"href":"https:\/\/ceasuri.md\/ru\/wp-json\/wp\/v2\/product"}],"about":[{"href":"https:\/\/ceasuri.md\/ru\/wp-json\/wp\/v2\/types\/product"}],"replies":[{"embeddable":true,"href":"https:\/\/ceasuri.md\/ru\/wp-json\/wp\/v2\/comments?post=61734"}],"wp:featuredmedia":[{"embeddable":true,"href":"https:\/\/ceasuri.md\/ru\/wp-json\/wp\/v2\/media\/61735"}],"wp:attachment":[{"href":"https:\/\/ceasuri.md\/ru\/wp-json\/wp\/v2\/media?parent=61734"}],"wp:term":[{"taxonomy":"product_brand","embeddable":true,"href":"https:\/\/ceasuri.md\/ru\/wp-json\/wp\/v2\/product_brand?post=61734"},{"taxonomy":"product_cat","embeddable":true,"href":"https:\/\/ceasuri.md\/ru\/wp-json\/wp\/v2\/product_cat?post=61734"},{"taxonomy":"product_tag","embeddable":true,"href":"https:\/\/ceasuri.md\/ru\/wp-json\/wp\/v2\/product_tag?post=61734"}],"curies":[{"name":"wp","href":"https:\/\/api.w.org\/{rel}","templated":true}]}}