{"id":61715,"date":"2026-04-03T01:25:53","date_gmt":"2026-04-02T22:25:53","guid":{"rendered":"http:\/\/new.ceasuri.md\/shop\/uncategorized\/bulova-marine-star-series-c-precisionist-96b434\/"},"modified":"2026-04-20T01:54:07","modified_gmt":"2026-04-19T22:54:07","slug":"bulova-marine-star-series-c-precisionist-96b434","status":"publish","type":"product","link":"https:\/\/ceasuri.md\/ru\/shop\/branduri\/bulova\/bulova-marine-star-series-c-precisionist-96b434\/","title":{"rendered":"\u0427\u0430\u0441\u044b BULOVA MARINE STAR Series C Precisionist 96B434"},"content":{"rendered":"<p>Acest ceas sportiv pentru b\u0103rba\u021bi Bulova Marine Star, cu un design incredibil de \u00eendr\u0103zne\u021b, dep\u0103\u0219e\u0219te limitele posibilului datorit\u0103 tehnologiilor avansate Bulova \u0219i carcasei moderne.<\/p>\n<p>Carcasa din o\u021bel inoxidabil cu diametrul de 43 mm, cu muchii mate \u0219i accente lustruite, se remarc\u0103 prin forma sa robust\u0103 \u0219i angular\u0103. Este echipat\u0103 cu o lunet\u0103 unidirec\u021bional\u0103 cu inser\u021bie ceramic\u0103, sticl\u0103 de safir \u0219i coroan\u0103 \u00een\u0219urubat\u0103, care asigur\u0103 etan\u0219eitatea p\u00e2n\u0103 la 200 de metri.<\/p>\n<p>Cadranul gri este inspirat de crestele ondulate ale oceanului, cu un model \u00een form\u0103 de valuri, accentuat de indexuri aplicate \u0219i indicatoare \u00eendr\u0103zne\u021be, care au un strat luminescent pentru o lizibilitate impecabil\u0103 \u00een orice condi\u021bii.<\/p>\n<p>Fereastra de dat\u0103 este situat\u0103 \u00een pozi\u021bia \u201e3 ore\u201d, iar acul secundar cu v\u00e2rful ro\u0219u confer\u0103 ceasului un accent luminos \u0219i se mi\u0219c\u0103 lin pe cadran datorit\u0103 mecanismului brevetat Bulova Precisionist \u2014 un mecanism cu cuar\u021b revolu\u021bionar cu 8 pietre, care vibreaz\u0103 la o frecven\u021b\u0103 de 262 kHz \u0219i asigur\u0103 o precizie de p\u00e2n\u0103 la 10 secunde pe an, cu o rezisten\u021b\u0103 sporit\u0103 la schimb\u0103rile de temperatur\u0103.<\/p>\n<p>\u00cen combina\u021bie cu br\u0103\u021bara din o\u021bel inoxidabil, acest ceas pentru b\u0103rba\u021bi Bulova este potrivit pentru orice ocazie, de la birou p\u00e2n\u0103 la ocean.<\/p>","protected":false},"excerpt":{"rendered":"<p>Acest ceas sportiv pentru b\u0103rba\u021bi Bulova Marine Star, cu un design incredibil de \u00eendr\u0103zne\u021b, dep\u0103\u0219e\u0219te limitele posibilului datorit\u0103 tehnologiilor avansate Bulova \u0219i carcasei moderne. Carcasa din o\u021bel inoxidabil cu diametrul de 43 mm, cu muchii mate \u0219i accente lustruite, se remarc\u0103 prin forma sa robust\u0103 \u0219i angular\u0103. Este echipat\u0103 cu o lunet\u0103 unidirec\u021bional\u0103 cu inser\u021bie [&hellip;]<\/p>\n","protected":false},"featured_media":61716,"comment_status":"closed","ping_status":"open","template":"","meta":{"_acf_changed":false},"product_brand":[],"product_cat":[624,20],"product_tag":[],"class_list":{"0":"post-61715","1":"product","2":"type-product","3":"status-publish","4":"has-post-thumbnail","6":"product_cat-bulova","7":"product_cat-ceasuri-barbati","8":"pa_brand-bulova","9":"pa_braslet-otel-inoxidabil","10":"pa_corpus-43-mm","11":"pa_forma-rotund","12":"pa_funcii-data","13":"pa_garatia-24-luni","14":"pa_korpus-argintiu","15":"pa_kvarc-quartz","16":"pa_material-ceramica","17":"pa_material-otel-inoxidabil","18":"pa_mehanizm-quartz","19":"pa_remeshok-argintiu","20":"pa_steklo-cristal-safir","21":"pa_strana-sua","22":"pa_voda-20-atm","24":"first","25":"instock","26":"purchasable","27":"product-type-simple"},"acf":[],"_links":{"self":[{"href":"https:\/\/ceasuri.md\/ru\/wp-json\/wp\/v2\/product\/61715","targetHints":{"allow":["GET"]}}],"collection":[{"href":"https:\/\/ceasuri.md\/ru\/wp-json\/wp\/v2\/product"}],"about":[{"href":"https:\/\/ceasuri.md\/ru\/wp-json\/wp\/v2\/types\/product"}],"replies":[{"embeddable":true,"href":"https:\/\/ceasuri.md\/ru\/wp-json\/wp\/v2\/comments?post=61715"}],"wp:featuredmedia":[{"embeddable":true,"href":"https:\/\/ceasuri.md\/ru\/wp-json\/wp\/v2\/media\/61716"}],"wp:attachment":[{"href":"https:\/\/ceasuri.md\/ru\/wp-json\/wp\/v2\/media?parent=61715"}],"wp:term":[{"taxonomy":"product_brand","embeddable":true,"href":"https:\/\/ceasuri.md\/ru\/wp-json\/wp\/v2\/product_brand?post=61715"},{"taxonomy":"product_cat","embeddable":true,"href":"https:\/\/ceasuri.md\/ru\/wp-json\/wp\/v2\/product_cat?post=61715"},{"taxonomy":"product_tag","embeddable":true,"href":"https:\/\/ceasuri.md\/ru\/wp-json\/wp\/v2\/product_tag?post=61715"}],"curies":[{"name":"wp","href":"https:\/\/api.w.org\/{rel}","templated":true}]}}