{"id":61711,"date":"2026-04-03T01:25:53","date_gmt":"2026-04-02T22:25:53","guid":{"rendered":"http:\/\/new.ceasuri.md\/shop\/uncategorized\/bulova-classic-surveyor-96c125\/"},"modified":"2026-04-20T01:54:08","modified_gmt":"2026-04-19T22:54:08","slug":"bulova-classic-surveyor-96c125","status":"publish","type":"product","link":"https:\/\/ceasuri.md\/ru\/shop\/branduri\/bulova\/bulova-classic-surveyor-96c125\/","title":{"rendered":"\u0427\u0430\u0441\u044b BULOVA CLASSIC Surveyor 96C125"},"content":{"rendered":"<p>Modelul Bulova, apar\u021bin\u00e2nd seriei Classic, se remarc\u0103 prin designul elegant, care \u00eel face un accesoriu potrivit pentru o c\u0103ma\u0219\u0103 sau un costum.<\/p>\n<p>Cadranul albastru cu efect \u201eraze de soare\u201d, pe care sunt aplicate scala minutelor, indicatoarele \u0219i indexurile lustruite \u00een pozi\u021biile orelor, este protejat de sticl\u0103 mineral\u0103.<\/p>\n<p>Ceasul atrage aten\u021bia prin detaliile sale atent lucrate, precum forma carcasei \u0219i tranzi\u021biile dintre elementele lustruite \u0219i mat\u0103, care decoreaz\u0103 nu numai carcasa, ci \u0219i br\u0103\u021bara. Carcasa \u0219i br\u0103\u021bara ceasului sunt fabricate din o\u021bel inoxidabil.<\/p>\n<p>Acele sunt prev\u0103zute cu un strat luminescent, care faciliteaz\u0103 citirea orei \u00een condi\u021bii de iluminare slab\u0103.<\/p>\n<p>O caracteristic\u0103 interesant\u0103 este indicatorul zilei s\u0103pt\u0103m\u00e2nii \u00een pozi\u021bia \u201e12 ore\u201d, care, \u00een plus fa\u021b\u0103 de fereastra obi\u0219nuit\u0103 a datei, permite afi\u0219area numelui complet al zilei.<\/p>\n<p>Ceasul are o rezisten\u021b\u0103 la ap\u0103 de 30 m \u2014 poate rezista la contactul accidental cu apa la sp\u0103larea m\u00e2inilor sau la ploaie.<\/p>\n<p>Dac\u0103 sunte\u021bi \u00een c\u0103utarea unui ceas potrivit ca accesoriu de zi cu zi, Bulova Classic Surveyor este alegerea potrivit\u0103 datorit\u0103 parametrilor \u0219i designului s\u0103u.<\/p>","protected":false},"excerpt":{"rendered":"<p>Modelul Bulova, apar\u021bin\u00e2nd seriei Classic, se remarc\u0103 prin designul elegant, care \u00eel face un accesoriu potrivit pentru o c\u0103ma\u0219\u0103 sau un costum. Cadranul albastru cu efect \u201eraze de soare\u201d, pe care sunt aplicate scala minutelor, indicatoarele \u0219i indexurile lustruite \u00een pozi\u021biile orelor, este protejat de sticl\u0103 mineral\u0103. Ceasul atrage aten\u021bia prin detaliile sale atent lucrate, [&hellip;]<\/p>\n","protected":false},"featured_media":61712,"comment_status":"closed","ping_status":"open","template":"","meta":{"_acf_changed":false},"product_brand":[],"product_cat":[624,20],"product_tag":[],"class_list":{"0":"post-61711","1":"product","2":"type-product","3":"status-publish","4":"has-post-thumbnail","6":"product_cat-bulova","7":"product_cat-ceasuri-barbati","8":"pa_brand-bulova","9":"pa_braslet-otel-inoxidabil","10":"pa_corpus-39-mm","11":"pa_forma-rotund","12":"pa_funcii-data","13":"pa_funcii-ziua-saptamanii","14":"pa_garatia-24-luni","15":"pa_korpus-argintiu","16":"pa_kvarc-quartz","17":"pa_material-otel-inoxidabil","18":"pa_mehanizm-quartz","19":"pa_remeshok-argintiu","20":"pa_steklo-cristal-mineral","21":"pa_strana-sua","22":"pa_voda-3-atm","24":"first","25":"instock","26":"purchasable","27":"product-type-simple"},"acf":[],"_links":{"self":[{"href":"https:\/\/ceasuri.md\/ru\/wp-json\/wp\/v2\/product\/61711","targetHints":{"allow":["GET"]}}],"collection":[{"href":"https:\/\/ceasuri.md\/ru\/wp-json\/wp\/v2\/product"}],"about":[{"href":"https:\/\/ceasuri.md\/ru\/wp-json\/wp\/v2\/types\/product"}],"replies":[{"embeddable":true,"href":"https:\/\/ceasuri.md\/ru\/wp-json\/wp\/v2\/comments?post=61711"}],"wp:featuredmedia":[{"embeddable":true,"href":"https:\/\/ceasuri.md\/ru\/wp-json\/wp\/v2\/media\/61712"}],"wp:attachment":[{"href":"https:\/\/ceasuri.md\/ru\/wp-json\/wp\/v2\/media?parent=61711"}],"wp:term":[{"taxonomy":"product_brand","embeddable":true,"href":"https:\/\/ceasuri.md\/ru\/wp-json\/wp\/v2\/product_brand?post=61711"},{"taxonomy":"product_cat","embeddable":true,"href":"https:\/\/ceasuri.md\/ru\/wp-json\/wp\/v2\/product_cat?post=61711"},{"taxonomy":"product_tag","embeddable":true,"href":"https:\/\/ceasuri.md\/ru\/wp-json\/wp\/v2\/product_tag?post=61711"}],"curies":[{"name":"wp","href":"https:\/\/api.w.org\/{rel}","templated":true}]}}