{"id":61706,"date":"2026-04-03T01:24:53","date_gmt":"2026-04-02T22:24:53","guid":{"rendered":"http:\/\/new.ceasuri.md\/shop\/uncategorized\/bulova-classic-sutton-rectangle-96p244\/"},"modified":"2026-04-20T01:54:08","modified_gmt":"2026-04-19T22:54:08","slug":"bulova-classic-sutton-rectangle-96p244","status":"publish","type":"product","link":"https:\/\/ceasuri.md\/ru\/shop\/branduri\/bulova\/bulova-classic-sutton-rectangle-96p244\/","title":{"rendered":"\u0427\u0430\u0441\u044b BULOVA CLASSIC Sutton Rectangle 96P244"},"content":{"rendered":"<p>Acest ceas pentru femei Bulova adaug\u0103 o not\u0103 nou\u0103 colec\u021biei Sutton, deja impresionant\u0103.<\/p>\n<p>Carcasa rafinat\u0103 din o\u021bel inoxidabil de culoare argintie are finisaje care str\u0103lucesc \u00een lumin\u0103.<\/p>\n<p>Cadranul sidefat este decorat cu 8 indici de or\u0103 din diamante, cifre romane argintii \u0219i ace corespunz\u0103toare, conferind ceasului un aspect cu adev\u0103rat elegant.<\/p>\n<p>Br\u0103\u021bara asortat\u0103 din o\u021bel inoxidabil argintiu completeaz\u0103 imaginea.<\/p>\n<p>Ceasul Bulova pentru femei este ideal pentru femeia care dore\u0219te s\u0103 se afirme.<\/p>","protected":false},"excerpt":{"rendered":"<p>Acest ceas pentru femei Bulova adaug\u0103 o not\u0103 nou\u0103 colec\u021biei Sutton, deja impresionant\u0103. Carcasa rafinat\u0103 din o\u021bel inoxidabil de culoare argintie are finisaje care str\u0103lucesc \u00een lumin\u0103. Cadranul sidefat este decorat cu 8 indici de or\u0103 din diamante, cifre romane argintii \u0219i ace corespunz\u0103toare, conferind ceasului un aspect cu adev\u0103rat elegant. Br\u0103\u021bara asortat\u0103 din o\u021bel [&hellip;]<\/p>\n","protected":false},"featured_media":61707,"comment_status":"closed","ping_status":"open","template":"","meta":{"_acf_changed":false},"product_brand":[],"product_cat":[624,25],"product_tag":[],"class_list":{"0":"post-61706","1":"product","2":"type-product","3":"status-publish","4":"has-post-thumbnail","6":"product_cat-bulova","7":"product_cat-ceasuri-dama","8":"pa_brand-bulova","9":"pa_braslet-otel-inoxidabil","10":"pa_corpus-21x32mm","11":"pa_decor-diamante","12":"pa_forma-dreptunghiular","13":"pa_garatia-24-luni","14":"pa_korpus-argintiu","15":"pa_kvarc-quartz","16":"pa_material-otel-inoxidabil","17":"pa_mehanizm-quartz","18":"pa_remeshok-argintiu","19":"pa_steklo-cristal-mineral","20":"pa_strana-sua","21":"pa_voda-3-atm","23":"first","24":"instock","25":"purchasable","26":"product-type-simple"},"acf":[],"_links":{"self":[{"href":"https:\/\/ceasuri.md\/ru\/wp-json\/wp\/v2\/product\/61706","targetHints":{"allow":["GET"]}}],"collection":[{"href":"https:\/\/ceasuri.md\/ru\/wp-json\/wp\/v2\/product"}],"about":[{"href":"https:\/\/ceasuri.md\/ru\/wp-json\/wp\/v2\/types\/product"}],"replies":[{"embeddable":true,"href":"https:\/\/ceasuri.md\/ru\/wp-json\/wp\/v2\/comments?post=61706"}],"wp:featuredmedia":[{"embeddable":true,"href":"https:\/\/ceasuri.md\/ru\/wp-json\/wp\/v2\/media\/61707"}],"wp:attachment":[{"href":"https:\/\/ceasuri.md\/ru\/wp-json\/wp\/v2\/media?parent=61706"}],"wp:term":[{"taxonomy":"product_brand","embeddable":true,"href":"https:\/\/ceasuri.md\/ru\/wp-json\/wp\/v2\/product_brand?post=61706"},{"taxonomy":"product_cat","embeddable":true,"href":"https:\/\/ceasuri.md\/ru\/wp-json\/wp\/v2\/product_cat?post=61706"},{"taxonomy":"product_tag","embeddable":true,"href":"https:\/\/ceasuri.md\/ru\/wp-json\/wp\/v2\/product_tag?post=61706"}],"curies":[{"name":"wp","href":"https:\/\/api.w.org\/{rel}","templated":true}]}}