{"id":61702,"date":"2026-04-03T01:24:53","date_gmt":"2026-04-02T22:24:53","guid":{"rendered":"http:\/\/new.ceasuri.md\/shop\/uncategorized\/bulova-classic-sutton-96p249\/"},"modified":"2026-04-17T15:37:39","modified_gmt":"2026-04-17T12:37:39","slug":"bulova-classic-sutton-96p249","status":"publish","type":"product","link":"https:\/\/ceasuri.md\/ru\/shop\/branduri\/bulova\/bulova-classic-sutton-96p249\/","title":{"rendered":"Ceas BULOVA CLASSIC Sutton 96P249"},"content":{"rendered":"<p>Ad\u0103uga\u021bi culori vii garderobei dvs. cu acest ceas elegant pentru femei Bulova din colec\u021bia Sutton.<\/p>\n<p>Carcasa din o\u021bel inoxidabil de culoare argintie are o finisare mat\u0103 \u0219i lustruit\u0103 rafinat\u0103, precum \u0219i sticl\u0103 de safir pentru a asigura transparen\u021ba.<\/p>\n<p>Cadranul roz pastel cu model \u201eraze de soare\u201d se remarc\u0103 prin simplitatea sa elegant\u0103, fiind decorat cu 11 indicii orari str\u0103lucitori din diamante, ace sub\u021biri \u0219i logo-ul \u00een form\u0103 de diapazon \u00een pozi\u021bia \u201eora 12\u201d.<\/p>\n<p>Ceasul este completat de o br\u0103\u021bar\u0103 asortat\u0103 din o\u021bel inoxidabil cu \u00eenchiz\u0103toare pliabil\u0103.<\/p>\n<p>Acest ceas miniatural pentru femei Bulova v\u0103 va permite s\u0103 v\u0103 exprima\u021bi individualitatea.<\/p>","protected":false},"excerpt":{"rendered":"<p>Ad\u0103uga\u021bi culori vii garderobei dvs. cu acest ceas elegant pentru femei Bulova din colec\u021bia Sutton. Carcasa din o\u021bel inoxidabil de culoare argintie are o finisare mat\u0103 \u0219i lustruit\u0103 rafinat\u0103, precum \u0219i sticl\u0103 de safir pentru a asigura transparen\u021ba. Cadranul roz pastel cu model \u201eraze de soare\u201d se remarc\u0103 prin simplitatea sa elegant\u0103, fiind decorat cu [&hellip;]<\/p>\n","protected":false},"featured_media":61703,"comment_status":"closed","ping_status":"open","template":"","meta":{"_acf_changed":false},"product_brand":[],"product_cat":[624,25],"product_tag":[],"class_list":{"0":"post-61702","1":"product","2":"type-product","3":"status-publish","4":"has-post-thumbnail","6":"product_cat-bulova","7":"product_cat-ceasuri-dama","8":"pa_brand-bulova","9":"pa_braslet-otel-inoxidabil","10":"pa_corpus-28-mm","11":"pa_decor-diamante","12":"pa_forma-rotund","13":"pa_garatia-24-luni","14":"pa_korpus-argintiu","15":"pa_kvarc-quartz","16":"pa_material-otel-inoxidabil","17":"pa_mehanizm-quartz","18":"pa_remeshok-argintiu","19":"pa_steklo-cristal-safir","20":"pa_strana-sua","21":"pa_voda-3-atm","23":"first","24":"instock","25":"purchasable","26":"product-type-simple"},"acf":[],"_links":{"self":[{"href":"https:\/\/ceasuri.md\/ru\/wp-json\/wp\/v2\/product\/61702","targetHints":{"allow":["GET"]}}],"collection":[{"href":"https:\/\/ceasuri.md\/ru\/wp-json\/wp\/v2\/product"}],"about":[{"href":"https:\/\/ceasuri.md\/ru\/wp-json\/wp\/v2\/types\/product"}],"replies":[{"embeddable":true,"href":"https:\/\/ceasuri.md\/ru\/wp-json\/wp\/v2\/comments?post=61702"}],"wp:featuredmedia":[{"embeddable":true,"href":"https:\/\/ceasuri.md\/ru\/wp-json\/wp\/v2\/media\/61703"}],"wp:attachment":[{"href":"https:\/\/ceasuri.md\/ru\/wp-json\/wp\/v2\/media?parent=61702"}],"wp:term":[{"taxonomy":"product_brand","embeddable":true,"href":"https:\/\/ceasuri.md\/ru\/wp-json\/wp\/v2\/product_brand?post=61702"},{"taxonomy":"product_cat","embeddable":true,"href":"https:\/\/ceasuri.md\/ru\/wp-json\/wp\/v2\/product_cat?post=61702"},{"taxonomy":"product_tag","embeddable":true,"href":"https:\/\/ceasuri.md\/ru\/wp-json\/wp\/v2\/product_tag?post=61702"}],"curies":[{"name":"wp","href":"https:\/\/api.w.org\/{rel}","templated":true}]}}