{"id":61683,"date":"2026-04-03T01:24:53","date_gmt":"2026-04-02T22:24:53","guid":{"rendered":"http:\/\/new.ceasuri.md\/shop\/uncategorized\/bulova-classic-sutton-automatic-97l180\/"},"modified":"2026-04-07T05:11:23","modified_gmt":"2026-04-07T02:11:23","slug":"bulova-classic-sutton-automatic-97l180","status":"publish","type":"product","link":"https:\/\/ceasuri.md\/ru\/shop\/branduri\/bulova\/bulova-classic-sutton-automatic-97l180\/","title":{"rendered":"Ceas BULOVA CLASSIC Sutton Automatic 97L180"},"content":{"rendered":"<p>De o rafinare f\u0103r\u0103 egal \u0219i cu un design atemporal, acest ceas pentru femei Bulova este un model cu mecanism automat din colec\u021bia Sutton, care v\u0103 va pune \u00een valoare stilul.<\/p>\n<p>Ceasul are carcas\u0103 din aur roz cu sticl\u0103 safir cu strat antireflex \u0219i curea din piele albastr\u0103 \u00eenchis\u0103 cu cataram\u0103.<\/p>\n<p>Cadranul str\u0103lucitor din sidef este decorat cu un model \u201eraze de soare\u201d, indicii \u0219i ace aurii, precum \u0219i o fereastr\u0103 cu model floral, prin care se poate vedea inima mecanismului automat cu 21 de pietre. Rezerva de mar\u0219 este de 42 de ore.<\/p>\n<p>Aceste ceasuri Bulova pentru femei sunt create pentru cele care apreciaz\u0103 stilul \u0219i nu se tem s\u0103 ias\u0103 \u00een eviden\u021b\u0103.<\/p>","protected":false},"excerpt":{"rendered":"<p>De o rafinare f\u0103r\u0103 egal \u0219i cu un design atemporal, acest ceas pentru femei Bulova este un model cu mecanism automat din colec\u021bia Sutton, care v\u0103 va pune \u00een valoare stilul. Ceasul are carcas\u0103 din aur roz cu sticl\u0103 safir cu strat antireflex \u0219i curea din piele albastr\u0103 \u00eenchis\u0103 cu cataram\u0103. Cadranul str\u0103lucitor din sidef [&hellip;]<\/p>\n","protected":false},"featured_media":61684,"comment_status":"closed","ping_status":"open","template":"","meta":{"_acf_changed":false},"product_brand":[],"product_cat":[624,25],"product_tag":[],"class_list":{"0":"post-61683","1":"product","2":"type-product","3":"status-publish","4":"has-post-thumbnail","6":"product_cat-bulova","7":"product_cat-ceasuri-dama","8":"pa_brand-bulova","9":"pa_braslet-piele","10":"pa_corpus-35-mm","11":"pa_forma-rotund","12":"pa_funcii-semischelet","13":"pa_garatia-24-luni","14":"pa_korpus-roz-gold","15":"pa_material-otel-inoxidabil","16":"pa_mehanizm-mecanic","17":"pa_mehanizm-mecanism-automatic","18":"pa_remeshok-albastru-inchis","19":"pa_steklo-cristal-safir","20":"pa_strana-sua","21":"pa_voda-3-atm","23":"first","24":"instock","25":"purchasable","26":"product-type-simple"},"acf":[],"_links":{"self":[{"href":"https:\/\/ceasuri.md\/ru\/wp-json\/wp\/v2\/product\/61683","targetHints":{"allow":["GET"]}}],"collection":[{"href":"https:\/\/ceasuri.md\/ru\/wp-json\/wp\/v2\/product"}],"about":[{"href":"https:\/\/ceasuri.md\/ru\/wp-json\/wp\/v2\/types\/product"}],"replies":[{"embeddable":true,"href":"https:\/\/ceasuri.md\/ru\/wp-json\/wp\/v2\/comments?post=61683"}],"wp:featuredmedia":[{"embeddable":true,"href":"https:\/\/ceasuri.md\/ru\/wp-json\/wp\/v2\/media\/61684"}],"wp:attachment":[{"href":"https:\/\/ceasuri.md\/ru\/wp-json\/wp\/v2\/media?parent=61683"}],"wp:term":[{"taxonomy":"product_brand","embeddable":true,"href":"https:\/\/ceasuri.md\/ru\/wp-json\/wp\/v2\/product_brand?post=61683"},{"taxonomy":"product_cat","embeddable":true,"href":"https:\/\/ceasuri.md\/ru\/wp-json\/wp\/v2\/product_cat?post=61683"},{"taxonomy":"product_tag","embeddable":true,"href":"https:\/\/ceasuri.md\/ru\/wp-json\/wp\/v2\/product_tag?post=61683"}],"curies":[{"name":"wp","href":"https:\/\/api.w.org\/{rel}","templated":true}]}}