{"id":61678,"date":"2026-04-03T01:24:53","date_gmt":"2026-04-02T22:24:53","guid":{"rendered":"http:\/\/new.ceasuri.md\/shop\/uncategorized\/bulova-maquina-automatic-98a178\/"},"modified":"2026-04-20T01:54:12","modified_gmt":"2026-04-19T22:54:12","slug":"bulova-maquina-automatic-98a178","status":"publish","type":"product","link":"https:\/\/ceasuri.md\/ru\/shop\/branduri\/bulova\/bulova-maquina-automatic-98a178\/","title":{"rendered":"\u0427\u0430\u0441\u044b BULOVA MAQUINA Automatic 98A178"},"content":{"rendered":"<p>Inspirat de designul vintage, ceasul se remarc\u0103 prin stilul clasic \u0219i sobru, care r\u0103m\u00e2ne mereu la mod\u0103. Modelul care \u00eentruchipeaz\u0103 nivelul excep\u021bional de m\u0103iestrie \u0219i capacit\u0103\u021bile de design ale Bulova.<\/p>\n<p>Ceasul are un aspect bogat datorit\u0103 nuan\u021bei calde aurii, care devine \u0219i mai luxoas\u0103 datorit\u0103 carcasei netede a ceasului \u0219i br\u0103\u021b\u0103rii contrastante cu col\u021buri, cu care se \u00eembin\u0103 perfect. Br\u0103\u021bara din o\u021bel inoxidabil se potrive\u0219te perfect cu designul general, iar l\u0103\u021bimea carcasei de 46 mm \u00eei confer\u0103 rezisten\u021b\u0103.<\/p>\n<p>\u00cen interiorul carcasei se afl\u0103 un cadran scheletat, care prezint\u0103 un mecanism automat cu 21 de pietre, cu o rezerv\u0103 de mar\u0219 de 40 de ore, realizat \u00eentr-un stil rafinat, care este \u00een acela\u0219i timp sofisticat \u0219i spectaculos.<\/p>\n<p>Cadranul negru intens este acoperit cu sticl\u0103 de safir, ceea ce \u00eei subliniaz\u0103 elegan\u021ba.<\/p>\n<p>Ceasul este rezistent la ap\u0103 p\u00e2n\u0103 la 100 de metri.<\/p>","protected":false},"excerpt":{"rendered":"<p>Inspirat de designul vintage, ceasul se remarc\u0103 prin stilul clasic \u0219i sobru, care r\u0103m\u00e2ne mereu la mod\u0103. Modelul care \u00eentruchipeaz\u0103 nivelul excep\u021bional de m\u0103iestrie \u0219i capacit\u0103\u021bile de design ale Bulova. Ceasul are un aspect bogat datorit\u0103 nuan\u021bei calde aurii, care devine \u0219i mai luxoas\u0103 datorit\u0103 carcasei netede a ceasului \u0219i br\u0103\u021b\u0103rii contrastante cu col\u021buri, cu [&hellip;]<\/p>\n","protected":false},"featured_media":61679,"comment_status":"closed","ping_status":"open","template":"","meta":{"_acf_changed":false},"product_brand":[],"product_cat":[624,20],"product_tag":[],"class_list":{"0":"post-61678","1":"product","2":"type-product","3":"status-publish","4":"has-post-thumbnail","6":"product_cat-bulova","7":"product_cat-ceasuri-barbati","8":"pa_brand-bulova","9":"pa_braslet-otel-inoxidabil","10":"pa_corpus-46-mm","11":"pa_forma-rotund","12":"pa_funcii-schelet","13":"pa_garatia-24-luni","14":"pa_korpus-auriu","15":"pa_material-otel-inoxidabil","16":"pa_mehanizm-mecanic","17":"pa_mehanizm-mecanism-automatic","18":"pa_remeshok-auriu","19":"pa_steklo-cristal-safir","20":"pa_strana-sua","21":"pa_voda-10-atm","23":"first","24":"instock","25":"purchasable","26":"product-type-simple"},"acf":[],"_links":{"self":[{"href":"https:\/\/ceasuri.md\/ru\/wp-json\/wp\/v2\/product\/61678","targetHints":{"allow":["GET"]}}],"collection":[{"href":"https:\/\/ceasuri.md\/ru\/wp-json\/wp\/v2\/product"}],"about":[{"href":"https:\/\/ceasuri.md\/ru\/wp-json\/wp\/v2\/types\/product"}],"replies":[{"embeddable":true,"href":"https:\/\/ceasuri.md\/ru\/wp-json\/wp\/v2\/comments?post=61678"}],"wp:featuredmedia":[{"embeddable":true,"href":"https:\/\/ceasuri.md\/ru\/wp-json\/wp\/v2\/media\/61679"}],"wp:attachment":[{"href":"https:\/\/ceasuri.md\/ru\/wp-json\/wp\/v2\/media?parent=61678"}],"wp:term":[{"taxonomy":"product_brand","embeddable":true,"href":"https:\/\/ceasuri.md\/ru\/wp-json\/wp\/v2\/product_brand?post=61678"},{"taxonomy":"product_cat","embeddable":true,"href":"https:\/\/ceasuri.md\/ru\/wp-json\/wp\/v2\/product_cat?post=61678"},{"taxonomy":"product_tag","embeddable":true,"href":"https:\/\/ceasuri.md\/ru\/wp-json\/wp\/v2\/product_tag?post=61678"}],"curies":[{"name":"wp","href":"https:\/\/api.w.org\/{rel}","templated":true}]}}