{"id":61673,"date":"2026-04-03T01:24:53","date_gmt":"2026-04-02T22:24:53","guid":{"rendered":"http:\/\/new.ceasuri.md\/shop\/uncategorized\/bulova-maquina-automatic-98a320\/"},"modified":"2026-04-20T01:54:13","modified_gmt":"2026-04-19T22:54:13","slug":"bulova-maquina-automatic-98a320","status":"publish","type":"product","link":"https:\/\/ceasuri.md\/ru\/shop\/branduri\/bulova\/bulova-maquina-automatic-98a320\/","title":{"rendered":"\u0427\u0430\u0441\u044b BULOVA MAQUINA Automatic 98A320"},"content":{"rendered":"<p>Ceasurile pentru b\u0103rba\u021bi Bulova din colec\u021bia Maquina se remarc\u0103 prin designul \u00eendr\u0103zne\u021b \u0219i avangardist.<\/p>\n<p>Ceasurile au carcas\u0103 din o\u021bel inoxidabil negru cu sticl\u0103 safir curbat\u0103, lunet\u0103 neagr\u0103 \u0219i br\u0103\u021bar\u0103 din o\u021bel inoxidabil negru cu \u00eenchiz\u0103toare cu buton.<\/p>\n<p>Cadranul este de culoare curcubeu, cu ace negre \u0219i indici argintii cu acoperire luminescent\u0103.<\/p>\n<p>Cadranul transparent ofer\u0103 o vedere asupra mecanismului intern al mecanismului automat scheletat cu 21 de pietre, care este vizibil \u0219i prin capacul transparent al carcasei \u0219i are o rezerv\u0103 de mar\u0219\u0103 de 42 de ore.<\/p>\n<p>Datorit\u0103 mecanismului \u0219i formei moderne de neegalat, acest ceas pentru b\u0103rba\u021bi Bulova ofer\u0103 o expresie unic\u0103 \u0219i individual\u0103 a stilului.<\/p>","protected":false},"excerpt":{"rendered":"<p>Ceasurile pentru b\u0103rba\u021bi Bulova din colec\u021bia Maquina se remarc\u0103 prin designul \u00eendr\u0103zne\u021b \u0219i avangardist. Ceasurile au carcas\u0103 din o\u021bel inoxidabil negru cu sticl\u0103 safir curbat\u0103, lunet\u0103 neagr\u0103 \u0219i br\u0103\u021bar\u0103 din o\u021bel inoxidabil negru cu \u00eenchiz\u0103toare cu buton. Cadranul este de culoare curcubeu, cu ace negre \u0219i indici argintii cu acoperire luminescent\u0103. Cadranul transparent ofer\u0103 o [&hellip;]<\/p>\n","protected":false},"featured_media":61674,"comment_status":"closed","ping_status":"open","template":"","meta":{"_acf_changed":false},"product_brand":[],"product_cat":[624,20],"product_tag":[],"class_list":{"0":"post-61673","1":"product","2":"type-product","3":"status-publish","4":"has-post-thumbnail","6":"product_cat-bulova","7":"product_cat-ceasuri-barbati","8":"pa_brand-bulova","9":"pa_braslet-otel-inoxidabil","10":"pa_corpus-40-mm","11":"pa_forma-butoi","12":"pa_funcii-schelet","13":"pa_garatia-24-luni","14":"pa_korpus-negru","15":"pa_material-otel-inoxidabil","16":"pa_mehanizm-mecanic","17":"pa_mehanizm-mecanism-automatic","18":"pa_remeshok-negru","19":"pa_steklo-cristal-safir","20":"pa_strana-sua","21":"pa_voda-5-atm","23":"first","24":"instock","25":"purchasable","26":"product-type-simple"},"acf":[],"_links":{"self":[{"href":"https:\/\/ceasuri.md\/ru\/wp-json\/wp\/v2\/product\/61673","targetHints":{"allow":["GET"]}}],"collection":[{"href":"https:\/\/ceasuri.md\/ru\/wp-json\/wp\/v2\/product"}],"about":[{"href":"https:\/\/ceasuri.md\/ru\/wp-json\/wp\/v2\/types\/product"}],"replies":[{"embeddable":true,"href":"https:\/\/ceasuri.md\/ru\/wp-json\/wp\/v2\/comments?post=61673"}],"wp:featuredmedia":[{"embeddable":true,"href":"https:\/\/ceasuri.md\/ru\/wp-json\/wp\/v2\/media\/61674"}],"wp:attachment":[{"href":"https:\/\/ceasuri.md\/ru\/wp-json\/wp\/v2\/media?parent=61673"}],"wp:term":[{"taxonomy":"product_brand","embeddable":true,"href":"https:\/\/ceasuri.md\/ru\/wp-json\/wp\/v2\/product_brand?post=61673"},{"taxonomy":"product_cat","embeddable":true,"href":"https:\/\/ceasuri.md\/ru\/wp-json\/wp\/v2\/product_cat?post=61673"},{"taxonomy":"product_tag","embeddable":true,"href":"https:\/\/ceasuri.md\/ru\/wp-json\/wp\/v2\/product_tag?post=61673"}],"curies":[{"name":"wp","href":"https:\/\/api.w.org\/{rel}","templated":true}]}}