{"id":61657,"date":"2025-11-18T09:24:56","date_gmt":"2025-11-18T07:24:56","guid":{"rendered":"http:\/\/new.ceasuri.md\/shop\/uncategorized\/bulova-performance-racing-98b432\/"},"modified":"2026-05-01T19:49:04","modified_gmt":"2026-05-01T16:49:04","slug":"bulova-performance-racing-98b432","status":"publish","type":"product","link":"https:\/\/ceasuri.md\/ru\/shop\/branduri\/bulova\/bulova-performance-racing-98b432\/","title":{"rendered":"\u0427\u0430\u0441\u044b BULOVA PERFORMANCE Racing 98B432"},"content":{"rendered":"<p>Noul ceas pentru b\u0103rba\u021bi Racer cu 5 ace, creat pe baza bogatei istorii a Bulova \u00een sporturile cu motor \u2013 de la curse cu ma\u0219ini artizanale p\u00e2n\u0103 la cele mai \u00eenalte niveluri ale curselor auto \u2013 a fost atent pus la punct \u0219i proiectat pentru a asigura performan\u021be ridicate.<\/p>\n<p>Carcasa din o\u021bel inoxidabil cu form\u0103 aerodinamic\u0103 are un design unic, care aminte\u0219te de curbele aerodinamice ale celor mai rapide ma\u0219ini din lume. Inelul tahimetru \u00een dou\u0103 culori, portocaliu \u0219i negru, ofer\u0103 func\u021bionalitate suplimentar\u0103, iar butoanele expresive confer\u0103 ceasului un stil caracteristic automobilistic.<\/p>\n<p>Pe cadranul de culoare albastru deschis, cu o textur\u0103 spectaculoas\u0103, se afl\u0103 un inel portocaliu-alb cu un model de curse, precum \u0219i o fereastr\u0103 pentru dat\u0103 \u00een pozi\u021bia \u201e6 ore\u201d \u0219i cadrane suplimentare care afi\u0219eaz\u0103 minutele cronografului \u0219i ora \u00een format de 24 de ore. Secundarul portocaliu str\u0103lucitor al cronografului asigur\u0103 o lizibilitate optim\u0103, indiferent de vitez\u0103.<\/p>\n<p>Cadranul este decorat cu indici argintii aplicati \u0219i cu ace corespunz\u0103toare, toate fiind umplute cu material luminescent pentru a asigura vizibilitatea \u00een condi\u021bii de iluminare slab\u0103.<\/p>\n<p>Ceasul este prev\u0103zut cu un br\u0103\u021bar\u0103 din o\u021bel inoxidabil cu 3 zale \u0219i \u00eenchiz\u0103toare pliabil\u0103 pentru o fixare sigur\u0103.<\/p>\n<p>Fie c\u0103 este vorba de o tur\u0103 pe circuit sau de deplas\u0103rile zilnice la serviciu, ceasul pentru b\u0103rba\u021bi Bulova Racer cu cronograf este o \u00eentruchipare elegant\u0103 a istoriei curselor \u0219i a pasiunii pentru vitez\u0103.<\/p>","protected":false},"excerpt":{"rendered":"<p>Noul ceas pentru b\u0103rba\u021bi Racer cu 5 ace, creat pe baza bogatei istorii a Bulova \u00een sporturile cu motor \u2013 de la curse cu ma\u0219ini artizanale p\u00e2n\u0103 la cele mai \u00eenalte niveluri ale curselor auto \u2013 a fost atent pus la punct \u0219i proiectat pentru a asigura performan\u021be ridicate. Carcasa din o\u021bel inoxidabil cu form\u0103 [&hellip;]<\/p>\n","protected":false},"featured_media":61658,"comment_status":"closed","ping_status":"open","template":"","meta":{"_acf_changed":false},"product_brand":[],"product_cat":[624,20],"product_tag":[],"class_list":{"0":"post-61657","1":"product","2":"type-product","3":"status-publish","4":"has-post-thumbnail","6":"product_cat-bulova","7":"product_cat-ceasuri-barbati","8":"pa_brand-bulova","9":"pa_braslet-otel-inoxidabil","10":"pa_corpus-42-mm","11":"pa_forma-rotund","12":"pa_funcii-cronograf","13":"pa_funcii-data","14":"pa_funcii-tahimetru","15":"pa_garatia-24-luni","16":"pa_korpus-argintiu","17":"pa_kvarc-quartz","18":"pa_material-aluminiu","19":"pa_material-otel-inoxidabil","20":"pa_mehanizm-quartz","21":"pa_remeshok-argintiu","22":"pa_steklo-cristal-safir","23":"pa_strana-sua","24":"pa_voda-10-atm","26":"first","27":"instock","28":"purchasable","29":"product-type-simple"},"acf":[],"_links":{"self":[{"href":"https:\/\/ceasuri.md\/ru\/wp-json\/wp\/v2\/product\/61657","targetHints":{"allow":["GET"]}}],"collection":[{"href":"https:\/\/ceasuri.md\/ru\/wp-json\/wp\/v2\/product"}],"about":[{"href":"https:\/\/ceasuri.md\/ru\/wp-json\/wp\/v2\/types\/product"}],"replies":[{"embeddable":true,"href":"https:\/\/ceasuri.md\/ru\/wp-json\/wp\/v2\/comments?post=61657"}],"wp:featuredmedia":[{"embeddable":true,"href":"https:\/\/ceasuri.md\/ru\/wp-json\/wp\/v2\/media\/61658"}],"wp:attachment":[{"href":"https:\/\/ceasuri.md\/ru\/wp-json\/wp\/v2\/media?parent=61657"}],"wp:term":[{"taxonomy":"product_brand","embeddable":true,"href":"https:\/\/ceasuri.md\/ru\/wp-json\/wp\/v2\/product_brand?post=61657"},{"taxonomy":"product_cat","embeddable":true,"href":"https:\/\/ceasuri.md\/ru\/wp-json\/wp\/v2\/product_cat?post=61657"},{"taxonomy":"product_tag","embeddable":true,"href":"https:\/\/ceasuri.md\/ru\/wp-json\/wp\/v2\/product_tag?post=61657"}],"curies":[{"name":"wp","href":"https:\/\/api.w.org\/{rel}","templated":true}]}}