{"id":61648,"date":"2025-11-18T09:24:52","date_gmt":"2025-11-18T07:24:52","guid":{"rendered":"http:\/\/new.ceasuri.md\/shop\/uncategorized\/bulova-dress-sports-prestige-98p234\/"},"modified":"2026-05-01T19:48:59","modified_gmt":"2026-05-01T16:48:59","slug":"bulova-dress-sports-prestige-98p234","status":"publish","type":"product","link":"https:\/\/ceasuri.md\/ru\/shop\/branduri\/bulova\/bulova-dress-sports-prestige-98p234\/","title":{"rendered":"\u0427\u0430\u0441\u044b BULOVA DRESS SPORTS Prestige 98P234"},"content":{"rendered":"<p>Designul elegant \u0219i rafinat caracterizeaz\u0103 aceste ceasuri clasice pentru femei Bulova Prestige, care combin\u0103 stilul \u00eendr\u0103zne\u021b \u0219i elegant.<\/p>\n<p>Ceasurile au carcas\u0103 din o\u021bel inoxidabil \u00een nuan\u021be aurii \u0219i argintii, cu diametrul de 32 mm, cu lunet\u0103 geometric\u0103, sticl\u0103 safir plat\u0103 cu strat antireflex, impermeabilitate p\u00e2n\u0103 la 100 m \u0219i br\u0103\u021bar\u0103 din 3 zale cu margini te\u0219ite, finisaj mat \u0219i lustruit \u0219i \u00eenchiz\u0103toare cu buton.<\/p>\n<p>Cadranul str\u0103lucitor, sidefat, cu ace aurii \u0219i indici aplicati cu acoperire luminescent\u0103 Super-LumiNova, este decorat cu opt diamante orbitoare \u0219i are o fereastr\u0103 pentru dat\u0103.<\/p>\n<p>Acest ceas, care impresioneaz\u0103 prin modernitate \u0219i rafinament, va fi accesoriul perfect pentru orice \u00eencheietur\u0103.<\/p>","protected":false},"excerpt":{"rendered":"<p>Designul elegant \u0219i rafinat caracterizeaz\u0103 aceste ceasuri clasice pentru femei Bulova Prestige, care combin\u0103 stilul \u00eendr\u0103zne\u021b \u0219i elegant. Ceasurile au carcas\u0103 din o\u021bel inoxidabil \u00een nuan\u021be aurii \u0219i argintii, cu diametrul de 32 mm, cu lunet\u0103 geometric\u0103, sticl\u0103 safir plat\u0103 cu strat antireflex, impermeabilitate p\u00e2n\u0103 la 100 m \u0219i br\u0103\u021bar\u0103 din 3 zale cu margini [&hellip;]<\/p>\n","protected":false},"featured_media":61649,"comment_status":"closed","ping_status":"open","template":"","meta":{"_acf_changed":false},"product_brand":[],"product_cat":[624,25],"product_tag":[],"class_list":{"0":"post-61648","1":"product","2":"type-product","3":"status-publish","4":"has-post-thumbnail","6":"product_cat-bulova","7":"product_cat-ceasuri-dama","8":"pa_brand-bulova","9":"pa_braslet-otel-inoxidabil","10":"pa_corpus-32-mm","11":"pa_decor-diamante","12":"pa_forma-rotund","13":"pa_funcii-data","14":"pa_garatia-24-luni","15":"pa_korpus-argintiu","16":"pa_kvarc-quartz","17":"pa_material-otel-inoxidabil","18":"pa_mehanizm-quartz","19":"pa_remeshok-auriu","20":"pa_remeshok-bicolor","21":"pa_steklo-cristal-safir","22":"pa_strana-sua","23":"pa_voda-10-atm","25":"first","26":"instock","27":"purchasable","28":"product-type-simple"},"acf":[],"_links":{"self":[{"href":"https:\/\/ceasuri.md\/ru\/wp-json\/wp\/v2\/product\/61648","targetHints":{"allow":["GET"]}}],"collection":[{"href":"https:\/\/ceasuri.md\/ru\/wp-json\/wp\/v2\/product"}],"about":[{"href":"https:\/\/ceasuri.md\/ru\/wp-json\/wp\/v2\/types\/product"}],"replies":[{"embeddable":true,"href":"https:\/\/ceasuri.md\/ru\/wp-json\/wp\/v2\/comments?post=61648"}],"wp:featuredmedia":[{"embeddable":true,"href":"https:\/\/ceasuri.md\/ru\/wp-json\/wp\/v2\/media\/61649"}],"wp:attachment":[{"href":"https:\/\/ceasuri.md\/ru\/wp-json\/wp\/v2\/media?parent=61648"}],"wp:term":[{"taxonomy":"product_brand","embeddable":true,"href":"https:\/\/ceasuri.md\/ru\/wp-json\/wp\/v2\/product_brand?post=61648"},{"taxonomy":"product_cat","embeddable":true,"href":"https:\/\/ceasuri.md\/ru\/wp-json\/wp\/v2\/product_cat?post=61648"},{"taxonomy":"product_tag","embeddable":true,"href":"https:\/\/ceasuri.md\/ru\/wp-json\/wp\/v2\/product_tag?post=61648"}],"curies":[{"name":"wp","href":"https:\/\/api.w.org\/{rel}","templated":true}]}}