{"id":61627,"date":"2026-04-03T01:24:53","date_gmt":"2026-04-02T22:24:53","guid":{"rendered":"http:\/\/new.ceasuri.md\/shop\/uncategorized\/casio-baby-g-bgd-565u-1er\/"},"modified":"2026-04-07T05:11:14","modified_gmt":"2026-04-07T02:11:14","slug":"casio-baby-g-bgd-565u-1er","status":"publish","type":"product","link":"https:\/\/ceasuri.md\/ru\/shop\/branduri\/casio\/casio-baby-g-bgd-565u-1er\/","title":{"rendered":"Ceas CASIO BABY-G BGD-565U-1ER"},"content":{"rendered":"<p>Ceasuri practice \u0219i elegante pentru femei, pentru un stil de via\u021b\u0103 activ. Designul clasic negru face ca acest model s\u0103 fie universal \u0219i potrivit at\u00e2t pentru sport, c\u00e2t \u0219i pentru uzul zilnic.<\/p>\n<p>Carcasa rezistent\u0103 la \u0219ocuri din material polimeric protejeaz\u0103 \u00een mod fiabil mecanismul \u00eempotriva deterior\u0103rii, iar impermeabilitatea p\u00e2n\u0103 la 100 de metri permite utilizarea ceasului \u00een timpul ploii, \u00eenotului \u0219i antrenamentelor. Sticla mineral\u0103 p\u0103streaz\u0103 aspectul \u00eengrijit pentru o lung\u0103 perioad\u0103 de timp.<\/p>\n<p>Afi\u0219ajul digital afi\u0219eaz\u0103 ora, data \u0219i ziua s\u0103pt\u0103m\u00e2nii, asigur\u00e2nd o lizibilitate excelent\u0103. Iluminarea LED \u00eencorporat\u0103 ajut\u0103 la citirea u\u0219oar\u0103 a informa\u021biilor \u00een condi\u021bii de iluminare slab\u0103.<\/p>\n<p>Ceasul are func\u021bii precum cronometru, cronometru cu num\u0103r\u0103toare invers\u0103, alarm\u0103 \u0219i calendar automat. Mecanismul cu cuar\u021b asigur\u0103 o precizie ridicat\u0103 \u0219i o func\u021bionare fiabil\u0103.<\/p>\n<p>Alegerea ideal\u0103 pentru cei care apreciaz\u0103 confortul, func\u021bionalitatea \u0219i fiabilitatea specific\u0103 CASIO \u00eentr-un design concis.<\/p>","protected":false},"excerpt":{"rendered":"<p>Ceasuri practice \u0219i elegante pentru femei, pentru un stil de via\u021b\u0103 activ. Designul clasic negru face ca acest model s\u0103 fie universal \u0219i potrivit at\u00e2t pentru sport, c\u00e2t \u0219i pentru uzul zilnic. Carcasa rezistent\u0103 la \u0219ocuri din material polimeric protejeaz\u0103 \u00een mod fiabil mecanismul \u00eempotriva deterior\u0103rii, iar impermeabilitatea p\u00e2n\u0103 la 100 de metri permite utilizarea [&hellip;]<\/p>\n","protected":false},"featured_media":61628,"comment_status":"closed","ping_status":"open","template":"","meta":{"_acf_changed":false},"product_brand":[],"product_cat":[27,564,25],"product_tag":[],"class_list":{"0":"post-61627","1":"product","2":"type-product","3":"status-publish","4":"has-post-thumbnail","6":"product_cat-casio","7":"product_cat-ceas-pentru-copii","8":"product_cat-ceasuri-dama","9":"pa_brand-casio","10":"pa_braslet-plastic","11":"pa_corpus-38x42mm","12":"pa_forma-octogonala","13":"pa_funcii-alarma","14":"pa_funcii-calendar","15":"pa_funcii-cronometru","16":"pa_funcii-iluminare","17":"pa_garatia-24-luni","18":"pa_korpus-negru","19":"pa_material-plastic","20":"pa_mehanizm-electronic","21":"pa_remeshok-negru","22":"pa_steklo-cristal-mineral","23":"pa_strana-japonia","24":"pa_voda-10-atm","26":"first","27":"instock","28":"purchasable","29":"product-type-simple"},"acf":[],"_links":{"self":[{"href":"https:\/\/ceasuri.md\/ru\/wp-json\/wp\/v2\/product\/61627","targetHints":{"allow":["GET"]}}],"collection":[{"href":"https:\/\/ceasuri.md\/ru\/wp-json\/wp\/v2\/product"}],"about":[{"href":"https:\/\/ceasuri.md\/ru\/wp-json\/wp\/v2\/types\/product"}],"replies":[{"embeddable":true,"href":"https:\/\/ceasuri.md\/ru\/wp-json\/wp\/v2\/comments?post=61627"}],"wp:featuredmedia":[{"embeddable":true,"href":"https:\/\/ceasuri.md\/ru\/wp-json\/wp\/v2\/media\/61628"}],"wp:attachment":[{"href":"https:\/\/ceasuri.md\/ru\/wp-json\/wp\/v2\/media?parent=61627"}],"wp:term":[{"taxonomy":"product_brand","embeddable":true,"href":"https:\/\/ceasuri.md\/ru\/wp-json\/wp\/v2\/product_brand?post=61627"},{"taxonomy":"product_cat","embeddable":true,"href":"https:\/\/ceasuri.md\/ru\/wp-json\/wp\/v2\/product_cat?post=61627"},{"taxonomy":"product_tag","embeddable":true,"href":"https:\/\/ceasuri.md\/ru\/wp-json\/wp\/v2\/product_tag?post=61627"}],"curies":[{"name":"wp","href":"https:\/\/api.w.org\/{rel}","templated":true}]}}