{"id":61623,"date":"2026-04-03T01:24:53","date_gmt":"2026-04-02T22:24:53","guid":{"rendered":"http:\/\/new.ceasuri.md\/shop\/uncategorized\/casio-baby-g-bgd-565u-4er\/"},"modified":"2026-04-20T01:56:03","modified_gmt":"2026-04-19T22:56:03","slug":"casio-baby-g-bgd-565u-4er","status":"publish","type":"product","link":"https:\/\/ceasuri.md\/ru\/shop\/branduri\/casio\/casio-baby-g-bgd-565u-4er\/","title":{"rendered":"\u0427\u0430\u0441\u044b CASIO BABY-G BGD-565U-4ER"},"content":{"rendered":"<p>Ceasuri feminine str\u0103lucitoare \u0219i func\u021bionale, create pentru o via\u021b\u0103 activ\u0103 \u00een ritmul ora\u0219ului. Modelul este realizat \u00eentr-o culoare roz intens \u0219i va deveni un accent stilat \u00een \u021binuta sport sau de zi cu zi.<\/p>\n<p>Carcasa rezistent\u0103 la \u0219ocuri din material polimeric protejeaz\u0103 \u00een mod fiabil mecanismul de factorii externi, iar impermeabilitatea p\u00e2n\u0103 la 100 de metri v\u0103 permite s\u0103 nu v\u0103 face\u021bi griji pentru ceas \u00een timpul ploii, antrenamentelor sau \u00eenotului.<\/p>\n<p>Sticla mineral\u0103 p\u0103streaz\u0103 un aspect atractiv la purtarea zilnic\u0103.<\/p>\n<p>Afi\u0219ajul digital afi\u0219eaz\u0103 clar ora curent\u0103, data \u0219i ziua s\u0103pt\u0103m\u00e2nii. Iluminarea LED asigur\u0103 o citire confortabil\u0103 a informa\u021biilor \u00een timpul nop\u021bii.<\/p>\n<p>Ceasul este echipat cu cronometru, cronometru cu num\u0103r\u0103toare invers\u0103, alarm\u0103 \u0219i calendar automat. Mecanismul precis cu cuar\u021b garanteaz\u0103 o func\u021bionare stabil\u0103 \u0219i o durat\u0103 lung\u0103 de via\u021b\u0103 a bateriei.<\/p>\n<p>O alegere excelent\u0103 pentru cei care apreciaz\u0103 fiabilitatea, confortul \u0219i designul \u00eendr\u0103zne\u021b \u00een stilul CASIO.<\/p>","protected":false},"excerpt":{"rendered":"<p>Ceasuri feminine str\u0103lucitoare \u0219i func\u021bionale, create pentru o via\u021b\u0103 activ\u0103 \u00een ritmul ora\u0219ului. Modelul este realizat \u00eentr-o culoare roz intens \u0219i va deveni un accent stilat \u00een \u021binuta sport sau de zi cu zi. Carcasa rezistent\u0103 la \u0219ocuri din material polimeric protejeaz\u0103 \u00een mod fiabil mecanismul de factorii externi, iar impermeabilitatea p\u00e2n\u0103 la 100 de [&hellip;]<\/p>\n","protected":false},"featured_media":61624,"comment_status":"closed","ping_status":"open","template":"","meta":{"_acf_changed":false},"product_brand":[],"product_cat":[27,25,565],"product_tag":[],"class_list":{"0":"post-61623","1":"product","2":"type-product","3":"status-publish","4":"has-post-thumbnail","6":"product_cat-casio","7":"product_cat-ceasuri-dama","8":"product_cat-pentru-fete","9":"pa_brand-casio","10":"pa_braslet-plastic","11":"pa_corpus-38x42mm","12":"pa_forma-octogonala","13":"pa_funcii-alarma","14":"pa_funcii-calendar","15":"pa_funcii-cronometru","16":"pa_funcii-iluminare","17":"pa_garatia-24-luni","18":"pa_korpus-roz","19":"pa_kvarc-quartz","20":"pa_material-plastic","21":"pa_mehanizm-electronic","22":"pa_remeshok-roz","23":"pa_steklo-cristal-mineral","24":"pa_strana-japonia","25":"pa_voda-10-atm","27":"first","28":"instock","29":"purchasable","30":"product-type-simple"},"acf":[],"_links":{"self":[{"href":"https:\/\/ceasuri.md\/ru\/wp-json\/wp\/v2\/product\/61623","targetHints":{"allow":["GET"]}}],"collection":[{"href":"https:\/\/ceasuri.md\/ru\/wp-json\/wp\/v2\/product"}],"about":[{"href":"https:\/\/ceasuri.md\/ru\/wp-json\/wp\/v2\/types\/product"}],"replies":[{"embeddable":true,"href":"https:\/\/ceasuri.md\/ru\/wp-json\/wp\/v2\/comments?post=61623"}],"wp:featuredmedia":[{"embeddable":true,"href":"https:\/\/ceasuri.md\/ru\/wp-json\/wp\/v2\/media\/61624"}],"wp:attachment":[{"href":"https:\/\/ceasuri.md\/ru\/wp-json\/wp\/v2\/media?parent=61623"}],"wp:term":[{"taxonomy":"product_brand","embeddable":true,"href":"https:\/\/ceasuri.md\/ru\/wp-json\/wp\/v2\/product_brand?post=61623"},{"taxonomy":"product_cat","embeddable":true,"href":"https:\/\/ceasuri.md\/ru\/wp-json\/wp\/v2\/product_cat?post=61623"},{"taxonomy":"product_tag","embeddable":true,"href":"https:\/\/ceasuri.md\/ru\/wp-json\/wp\/v2\/product_tag?post=61623"}],"curies":[{"name":"wp","href":"https:\/\/api.w.org\/{rel}","templated":true}]}}