{"id":61618,"date":"2026-04-03T01:24:53","date_gmt":"2026-04-02T22:24:53","guid":{"rendered":"http:\/\/new.ceasuri.md\/shop\/uncategorized\/casio-baby-g-bgd-565us-7er\/"},"modified":"2026-04-20T01:56:03","modified_gmt":"2026-04-19T22:56:03","slug":"casio-baby-g-bgd-565us-7er","status":"publish","type":"product","link":"https:\/\/ceasuri.md\/ru\/shop\/branduri\/casio\/casio-baby-g-bgd-565us-7er\/","title":{"rendered":"Ceas CASIO BABY-G BGD-565US-7ER"},"content":{"rendered":"<p>Ceasuri elegante \u0219i fiabile pentru femei, create pentru un stil de via\u021b\u0103 activ.<\/p>\n<p>Modelul este realizat \u00eentr-o culoare alb\u0103 transparent\u0103, care se potrive\u0219te u\u0219or cu \u00eembr\u0103c\u0103mintea de zi cu zi \u0219i sportiv\u0103, ad\u0103ug\u00e2nd imaginii prospe\u021bime \u0219i elegan\u021b\u0103.<\/p>\n<p>Carcasa din material polimeric rezistent are o structur\u0103 rezistent\u0103 la \u0219ocuri, care protejeaz\u0103 mecanismul de deterior\u0103ri.<\/p>\n<p>Ceasul este rezistent la ap\u0103 p\u00e2n\u0103 la 100 de metri, astfel \u00eenc\u00e2t nu se teme de ploaie, \u00eenot sau antrenamente \u00een ap\u0103.<\/p>\n<p>Afi\u0219ajul digital indic\u0103 ora, data \u0219i ziua s\u0103pt\u0103m\u00e2nii, iar iluminarea LED \u00eencorporat\u0103 asigur\u0103 o lizibilitate excelent\u0103 \u00een \u00eentuneric.<\/p>\n<p>Printre func\u021bii se num\u0103r\u0103 cronometru, cronometru cu num\u0103r\u0103toare invers\u0103, alarm\u0103 \u0219i calendar automat. Mecanismul cu cuar\u021b garanteaz\u0103 precizia \u0219i cerin\u021be minime de \u00eentre\u021binere.<\/p>\n<p>Alegerea ideal\u0103 pentru cei care apreciaz\u0103 confortul, func\u021bionalitatea \u0219i fiabilitatea CASIO \u00eentr-un design modern.<\/p>","protected":false},"excerpt":{"rendered":"<p>Ceasuri elegante \u0219i fiabile pentru femei, create pentru un stil de via\u021b\u0103 activ. Modelul este realizat \u00eentr-o culoare alb\u0103 transparent\u0103, care se potrive\u0219te u\u0219or cu \u00eembr\u0103c\u0103mintea de zi cu zi \u0219i sportiv\u0103, ad\u0103ug\u00e2nd imaginii prospe\u021bime \u0219i elegan\u021b\u0103. Carcasa din material polimeric rezistent are o structur\u0103 rezistent\u0103 la \u0219ocuri, care protejeaz\u0103 mecanismul de deterior\u0103ri. Ceasul este [&hellip;]<\/p>\n","protected":false},"featured_media":61619,"comment_status":"closed","ping_status":"open","template":"","meta":{"_acf_changed":false},"product_brand":[],"product_cat":[27,25,565],"product_tag":[],"class_list":{"0":"post-61618","1":"product","2":"type-product","3":"status-publish","4":"has-post-thumbnail","6":"product_cat-casio","7":"product_cat-ceasuri-dama","8":"product_cat-pentru-fete","9":"pa_brand-casio","10":"pa_braslet-plastic","11":"pa_corpus-38x42mm","12":"pa_forma-octogonala","13":"pa_funcii-alarma","14":"pa_funcii-calendar","15":"pa_funcii-cronometru","16":"pa_funcii-iluminare","17":"pa_garatia-24-luni","18":"pa_korpus-transparent","19":"pa_kvarc-quartz","20":"pa_material-plastic","21":"pa_mehanizm-electronic","22":"pa_remeshok-transparent","23":"pa_steklo-cristal-mineral","24":"pa_strana-japonia","25":"pa_voda-10-atm","27":"first","28":"instock","29":"purchasable","30":"product-type-simple"},"acf":[],"_links":{"self":[{"href":"https:\/\/ceasuri.md\/ru\/wp-json\/wp\/v2\/product\/61618","targetHints":{"allow":["GET"]}}],"collection":[{"href":"https:\/\/ceasuri.md\/ru\/wp-json\/wp\/v2\/product"}],"about":[{"href":"https:\/\/ceasuri.md\/ru\/wp-json\/wp\/v2\/types\/product"}],"replies":[{"embeddable":true,"href":"https:\/\/ceasuri.md\/ru\/wp-json\/wp\/v2\/comments?post=61618"}],"wp:featuredmedia":[{"embeddable":true,"href":"https:\/\/ceasuri.md\/ru\/wp-json\/wp\/v2\/media\/61619"}],"wp:attachment":[{"href":"https:\/\/ceasuri.md\/ru\/wp-json\/wp\/v2\/media?parent=61618"}],"wp:term":[{"taxonomy":"product_brand","embeddable":true,"href":"https:\/\/ceasuri.md\/ru\/wp-json\/wp\/v2\/product_brand?post=61618"},{"taxonomy":"product_cat","embeddable":true,"href":"https:\/\/ceasuri.md\/ru\/wp-json\/wp\/v2\/product_cat?post=61618"},{"taxonomy":"product_tag","embeddable":true,"href":"https:\/\/ceasuri.md\/ru\/wp-json\/wp\/v2\/product_tag?post=61618"}],"curies":[{"name":"wp","href":"https:\/\/api.w.org\/{rel}","templated":true}]}}