{"id":61613,"date":"2025-11-18T08:57:07","date_gmt":"2025-11-18T06:57:07","guid":{"rendered":"http:\/\/new.ceasuri.md\/shop\/uncategorized\/casio-edifice-efr-552d-1a2vuef\/"},"modified":"2026-05-01T19:48:36","modified_gmt":"2026-05-01T16:48:36","slug":"casio-edifice-efr-552d-1a2vuef","status":"publish","type":"product","link":"https:\/\/ceasuri.md\/ru\/shop\/branduri\/casio\/casio-edifice-efr-552d-1a2vuef\/","title":{"rendered":"\u0427\u0430\u0441\u044b CASIO EDIFICE EFR-552D-1A2VUEF"},"content":{"rendered":"<p>Ceas elegant pentru b\u0103rba\u021bi, \u00een stil sportiv-clasic, creat pentru cei care apreciaz\u0103 precizia \u0219i fiabilitatea. Modelul se potrive\u0219te perfect at\u00e2t pentru \u021binuta de afaceri, c\u00e2t \u0219i pentru uzul zilnic.<\/p>\n<p>Carcasa \u0219i br\u0103\u021bara sunt realizate din o\u021bel inoxidabil, ceea ce asigur\u0103 rezisten\u021b\u0103, durabilitate \u0219i un aspect prezentabil.<\/p>\n<p>Cadranul cu marcaje contrastante \u0219i accente albastre confer\u0103 ceasului un caracter dinamic.<\/p>\n<p>Sticla mineral\u0103 protejeaz\u0103 mecanismul de influen\u021bele externe. Impermeabilitatea p\u00e2n\u0103 la 100 de metri v\u0103 permite s\u0103 nu v\u0103 face\u021bi griji cu privire la contactul cu apa \u00een via\u021ba de zi cu zi.<\/p>\n<p>Modelul este echipat cu un mecanism precis cu cuar\u021b \u0219i o func\u021bie de cronograf cu cronometru, care va fi apreciat\u0103 \u00een special de iubitorii unui ritm de via\u021b\u0103 activ. Indicatorii suplimentari asigur\u0103 confortul citirii informa\u021biilor, iar acoperirea luminescent\u0103 a acelor \u0219i a marcajelor faciliteaz\u0103 utilizarea \u00een condi\u021bii de iluminare insuficient\u0103.<\/p>\n<p>Acest model combin\u0103 calitatea japonez\u0103, func\u021bionalitatea \u0219i designul elegant pentru b\u0103rba\u021bii \u00eencrez\u0103tori \u00een sine.<\/p>","protected":false},"excerpt":{"rendered":"<p>Ceas elegant pentru b\u0103rba\u021bi, \u00een stil sportiv-clasic, creat pentru cei care apreciaz\u0103 precizia \u0219i fiabilitatea. Modelul se potrive\u0219te perfect at\u00e2t pentru \u021binuta de afaceri, c\u00e2t \u0219i pentru uzul zilnic. Carcasa \u0219i br\u0103\u021bara sunt realizate din o\u021bel inoxidabil, ceea ce asigur\u0103 rezisten\u021b\u0103, durabilitate \u0219i un aspect prezentabil. Cadranul cu marcaje contrastante \u0219i accente albastre confer\u0103 ceasului [&hellip;]<\/p>\n","protected":false},"featured_media":61614,"comment_status":"closed","ping_status":"open","template":"","meta":{"_acf_changed":false},"product_brand":[],"product_cat":[27,20,536],"product_tag":[],"class_list":{"0":"post-61613","1":"product","2":"type-product","3":"status-publish","4":"has-post-thumbnail","6":"product_cat-casio","7":"product_cat-ceasuri-barbati","8":"product_cat-edifice","9":"pa_brand-casio","10":"pa_brand-edifice","11":"pa_braslet-otel-inoxidabil","12":"pa_corpus-47-mm","13":"pa_forma-rotund","14":"pa_funcii-cronograf","15":"pa_funcii-data","16":"pa_garatia-24-luni","17":"pa_korpus-argintiu","18":"pa_kvarc-quartz","19":"pa_material-aluminiu","20":"pa_material-otel-inoxidabil","21":"pa_mehanizm-quartz","22":"pa_remeshok-argintiu","23":"pa_steklo-cristal-mineral","24":"pa_strana-japonia","25":"pa_voda-10-atm","27":"first","28":"instock","29":"purchasable","30":"product-type-simple"},"acf":[],"_links":{"self":[{"href":"https:\/\/ceasuri.md\/ru\/wp-json\/wp\/v2\/product\/61613","targetHints":{"allow":["GET"]}}],"collection":[{"href":"https:\/\/ceasuri.md\/ru\/wp-json\/wp\/v2\/product"}],"about":[{"href":"https:\/\/ceasuri.md\/ru\/wp-json\/wp\/v2\/types\/product"}],"replies":[{"embeddable":true,"href":"https:\/\/ceasuri.md\/ru\/wp-json\/wp\/v2\/comments?post=61613"}],"wp:featuredmedia":[{"embeddable":true,"href":"https:\/\/ceasuri.md\/ru\/wp-json\/wp\/v2\/media\/61614"}],"wp:attachment":[{"href":"https:\/\/ceasuri.md\/ru\/wp-json\/wp\/v2\/media?parent=61613"}],"wp:term":[{"taxonomy":"product_brand","embeddable":true,"href":"https:\/\/ceasuri.md\/ru\/wp-json\/wp\/v2\/product_brand?post=61613"},{"taxonomy":"product_cat","embeddable":true,"href":"https:\/\/ceasuri.md\/ru\/wp-json\/wp\/v2\/product_cat?post=61613"},{"taxonomy":"product_tag","embeddable":true,"href":"https:\/\/ceasuri.md\/ru\/wp-json\/wp\/v2\/product_tag?post=61613"}],"curies":[{"name":"wp","href":"https:\/\/api.w.org\/{rel}","templated":true}]}}