{"id":61608,"date":"2026-04-03T01:23:56","date_gmt":"2026-04-02T22:23:56","guid":{"rendered":"http:\/\/new.ceasuri.md\/shop\/uncategorized\/casio-g-shock-ga-2100as-5aer\/"},"modified":"2026-04-20T01:56:04","modified_gmt":"2026-04-19T22:56:04","slug":"casio-g-shock-ga-2100as-5aer","status":"publish","type":"product","link":"https:\/\/ceasuri.md\/ru\/shop\/branduri\/casio-g-shock-ga-2100as-5aer\/","title":{"rendered":"Ceas CASIO G-SHOCK GA-2100AS-5AER"},"content":{"rendered":"<p>Ceas de m\u00e2n\u0103 fiabil \u0219i elegant, inspirat de spiritul aventurii \u0219i al activit\u0103\u021bilor \u00een aer liber. Modelul este realizat \u00eentr-o gam\u0103 cromatic\u0103 original\u0103, care subliniaz\u0103 caracterul modern \u0219i se potrive\u0219te perfect stilului urban \u0219i outdoor.<\/p>\n<p>Carcasa \u0219i cureaua sunt fabricate dintr-un material polimeric durabil, cu o structur\u0103 \u00eent\u0103rit\u0103 Carbon Core Guard, care asigur\u0103 o rezisten\u021b\u0103 sporit\u0103 la \u0219ocuri \u0219i solicit\u0103ri. Impermeabilitatea p\u00e2n\u0103 la 200 de metri permite utilizarea f\u0103r\u0103 restric\u021bii a ceasului \u00een timpul \u00eenotului \u0219i practic\u0103rii sporturilor nautice.<\/p>\n<p>Cadranul analogic-digital cu ace contrastante aminte\u0219te de apele albastre r\u0103coroase sub soarele arz\u0103tor de var\u0103 \u0219i asigur\u0103 o citire confortabil\u0103 a orei. Iluminarea cu LED-uri ajut\u0103 la orientarea \u00een \u00eentuneric.<\/p>\n<p>Modelul este echipat cu ora mondial\u0103, cronometru, cronometru cu num\u0103r\u0103toare invers\u0103, cinci alarme \u0219i calendar automat.<\/p>\n<p>Alegerea ideal\u0103 pentru cei care apreciaz\u0103 rezisten\u021ba specific\u0103 G-SHOCK, func\u021bionalitatea \u0219i designul expresiv pentru un stil de via\u021b\u0103 activ.<\/p>","protected":false},"excerpt":{"rendered":"<p>Ceas de m\u00e2n\u0103 fiabil \u0219i elegant, inspirat de spiritul aventurii \u0219i al activit\u0103\u021bilor \u00een aer liber. Modelul este realizat \u00eentr-o gam\u0103 cromatic\u0103 original\u0103, care subliniaz\u0103 caracterul modern \u0219i se potrive\u0219te perfect stilului urban \u0219i outdoor. Carcasa \u0219i cureaua sunt fabricate dintr-un material polimeric durabil, cu o structur\u0103 \u00eent\u0103rit\u0103 Carbon Core Guard, care asigur\u0103 o rezisten\u021b\u0103 [&hellip;]<\/p>\n","protected":false},"featured_media":61609,"comment_status":"closed","ping_status":"open","template":"","meta":{"_acf_changed":false},"product_brand":[],"product_cat":[18,1829,20,25,1830],"product_tag":[],"class_list":{"0":"post-61608","1":"product","2":"type-product","3":"status-publish","4":"has-post-thumbnail","6":"product_cat-branduri","7":"product_cat-casio-2","8":"product_cat-ceasuri-barbati","9":"product_cat-ceasuri-dama","10":"product_cat-g-shock-2","11":"pa_brand-casio","12":"pa_brand-g-shock","13":"pa_braslet-plastic","14":"pa_corpus-45x49mm","15":"pa_forma-octogonala","16":"pa_funcii-alarma","17":"pa_funcii-calendar","18":"pa_funcii-cronometru","19":"pa_funcii-iluminare","20":"pa_funcii-timp-mondial","21":"pa_garatia-24-luni","22":"pa_korpus-bej","23":"pa_kvarc-quartz","24":"pa_material-carbon","25":"pa_material-plastic","26":"pa_mehanizm-electronic","27":"pa_mehanizm-quartz","28":"pa_remeshok-bej","29":"pa_steklo-cristal-mineral","30":"pa_strana-japonia","31":"pa_voda-20-atm","33":"first","34":"instock","35":"purchasable","36":"product-type-simple"},"acf":[],"_links":{"self":[{"href":"https:\/\/ceasuri.md\/ru\/wp-json\/wp\/v2\/product\/61608","targetHints":{"allow":["GET"]}}],"collection":[{"href":"https:\/\/ceasuri.md\/ru\/wp-json\/wp\/v2\/product"}],"about":[{"href":"https:\/\/ceasuri.md\/ru\/wp-json\/wp\/v2\/types\/product"}],"replies":[{"embeddable":true,"href":"https:\/\/ceasuri.md\/ru\/wp-json\/wp\/v2\/comments?post=61608"}],"wp:featuredmedia":[{"embeddable":true,"href":"https:\/\/ceasuri.md\/ru\/wp-json\/wp\/v2\/media\/61609"}],"wp:attachment":[{"href":"https:\/\/ceasuri.md\/ru\/wp-json\/wp\/v2\/media?parent=61608"}],"wp:term":[{"taxonomy":"product_brand","embeddable":true,"href":"https:\/\/ceasuri.md\/ru\/wp-json\/wp\/v2\/product_brand?post=61608"},{"taxonomy":"product_cat","embeddable":true,"href":"https:\/\/ceasuri.md\/ru\/wp-json\/wp\/v2\/product_cat?post=61608"},{"taxonomy":"product_tag","embeddable":true,"href":"https:\/\/ceasuri.md\/ru\/wp-json\/wp\/v2\/product_tag?post=61608"}],"curies":[{"name":"wp","href":"https:\/\/api.w.org\/{rel}","templated":true}]}}