{"id":61603,"date":"2026-04-03T01:23:56","date_gmt":"2026-04-02T22:23:56","guid":{"rendered":"http:\/\/new.ceasuri.md\/shop\/uncategorized\/casio-g-shock-gbd-200-1a1er\/"},"modified":"2026-04-17T15:37:02","modified_gmt":"2026-04-17T12:37:02","slug":"casio-g-shock-gbd-200-1a1er","status":"publish","type":"product","link":"https:\/\/ceasuri.md\/ru\/shop\/branduri\/casio\/casio-g-shock-gbd-200-1a1er\/","title":{"rendered":"Ceas CASIO G-SHOCK GBD-200-1A1ER"},"content":{"rendered":"<p>Ceas sport func\u021bional, \u00een culoarea neagr\u0103 sobr\u0103, creat pentru un stil de via\u021b\u0103 dinamic \u0219i antrenamente intense. Designul minimalist subliniaz\u0103 caracterul modelului \u0219i \u00eel face universal, at\u00e2t pentru sport, c\u00e2t \u0219i pentru uzul zilnic.<\/p>\n<p>Carcasa rezistent\u0103 \u0219i cureaua din material polimeric asigur\u0103 o rezisten\u021b\u0103 ridicat\u0103 la \u0219ocuri, vibra\u021bii \u0219i uzur\u0103. Construc\u021bia rezistent\u0103 la \u0219ocuri G-SHOCK protejeaz\u0103 \u00een mod fiabil mecanismul, iar rezisten\u021ba la ap\u0103 p\u00e2n\u0103 la 200 de metri permite utilizarea ceasului la \u00eenot \u0219i \u00een condi\u021bii meteorologice dificile.<\/p>\n<p>Afi\u0219ajul digital MIP cu contrast ridicat garanteaz\u0103 o lizibilitate excelent\u0103 \u00een orice condi\u021bii de iluminare. Ceasul este echipat cu pedometru, func\u021bii de m\u0103surare a distan\u021bei, vitezei \u0219i ritmului, \u0219i suport\u0103 sincronizarea Bluetooth cu smartphone-ul pentru analiza antrenamentelor \u0219i primirea notific\u0103rilor. \u00cen plus, sunt disponibile cronometru, cronometru cu num\u0103r\u0103toare invers\u0103, ora mondial\u0103, alarm\u0103 \u0219i calendar automat.<\/p>\n<p>Alegerea ideal\u0103 pentru cei care caut\u0103 un ceas fiabil, tehnologic \u0219i elegant pentru sport \u0219i via\u021b\u0103 activ\u0103.<\/p>","protected":false},"excerpt":{"rendered":"<p>Ceas sport func\u021bional, \u00een culoarea neagr\u0103 sobr\u0103, creat pentru un stil de via\u021b\u0103 dinamic \u0219i antrenamente intense. Designul minimalist subliniaz\u0103 caracterul modelului \u0219i \u00eel face universal, at\u00e2t pentru sport, c\u00e2t \u0219i pentru uzul zilnic. Carcasa rezistent\u0103 \u0219i cureaua din material polimeric asigur\u0103 o rezisten\u021b\u0103 ridicat\u0103 la \u0219ocuri, vibra\u021bii \u0219i uzur\u0103. Construc\u021bia rezistent\u0103 la \u0219ocuri G-SHOCK [&hellip;]<\/p>\n","protected":false},"featured_media":61604,"comment_status":"closed","ping_status":"open","template":"","meta":{"_acf_changed":false},"product_brand":[],"product_cat":[27,20,419],"product_tag":[],"class_list":{"0":"post-61603","1":"product","2":"type-product","3":"status-publish","4":"has-post-thumbnail","6":"product_cat-casio","7":"product_cat-ceasuri-barbati","8":"product_cat-g-shock","9":"pa_brand-casio","10":"pa_brand-g-shock","11":"pa_braslet-plastic","12":"pa_corpus-46x48mm","13":"pa_forma-octogonala","14":"pa_funcii-accelerometru","15":"pa_funcii-alarma","16":"pa_funcii-bluetooth-smart","17":"pa_funcii-calendar","18":"pa_funcii-cronometru","19":"pa_funcii-data","20":"pa_funcii-iluminare","21":"pa_funcii-pedometru","22":"pa_funcii-timp-mondial","23":"pa_garatia-24-luni","24":"pa_korpus-negru","25":"pa_kvarc-quartz","26":"pa_material-plastic","27":"pa_mehanizm-electronic","28":"pa_remeshok-negru","29":"pa_steklo-cristal-mineral","30":"pa_strana-japonia","31":"pa_voda-20-atm","33":"first","34":"instock","35":"purchasable","36":"product-type-simple"},"acf":[],"_links":{"self":[{"href":"https:\/\/ceasuri.md\/ru\/wp-json\/wp\/v2\/product\/61603","targetHints":{"allow":["GET"]}}],"collection":[{"href":"https:\/\/ceasuri.md\/ru\/wp-json\/wp\/v2\/product"}],"about":[{"href":"https:\/\/ceasuri.md\/ru\/wp-json\/wp\/v2\/types\/product"}],"replies":[{"embeddable":true,"href":"https:\/\/ceasuri.md\/ru\/wp-json\/wp\/v2\/comments?post=61603"}],"wp:featuredmedia":[{"embeddable":true,"href":"https:\/\/ceasuri.md\/ru\/wp-json\/wp\/v2\/media\/61604"}],"wp:attachment":[{"href":"https:\/\/ceasuri.md\/ru\/wp-json\/wp\/v2\/media?parent=61603"}],"wp:term":[{"taxonomy":"product_brand","embeddable":true,"href":"https:\/\/ceasuri.md\/ru\/wp-json\/wp\/v2\/product_brand?post=61603"},{"taxonomy":"product_cat","embeddable":true,"href":"https:\/\/ceasuri.md\/ru\/wp-json\/wp\/v2\/product_cat?post=61603"},{"taxonomy":"product_tag","embeddable":true,"href":"https:\/\/ceasuri.md\/ru\/wp-json\/wp\/v2\/product_tag?post=61603"}],"curies":[{"name":"wp","href":"https:\/\/api.w.org\/{rel}","templated":true}]}}