{"id":61598,"date":"2026-04-03T01:23:56","date_gmt":"2026-04-02T22:23:56","guid":{"rendered":"http:\/\/new.ceasuri.md\/shop\/uncategorized\/casio-g-shock-gbd-200-7er\/"},"modified":"2026-04-07T05:11:10","modified_gmt":"2026-04-07T02:11:10","slug":"casio-g-shock-gbd-200-7er","status":"publish","type":"product","link":"https:\/\/ceasuri.md\/ru\/shop\/branduri\/casio\/casio-g-shock-gbd-200-7er\/","title":{"rendered":"Ceas CASIO G-SHOCK GBD-200-7ER"},"content":{"rendered":"<p>Ceas sport modern, conceput pentru antrenamente intense \u0219i purtare zilnic\u0103. Modelul este realizat \u00eentr-o culoare alb\u0103 elegant\u0103 \u0219i combin\u0103 fiabilitatea caracteristic\u0103 G-SHOCK cu func\u021bii avansate de monitorizare a activit\u0103\u021bii.<\/p>\n<p>Carcasa \u0219i curea rezistente din polimer asigur\u0103 rezisten\u021b\u0103 la \u0219ocuri, vibra\u021bii \u0219i uzur\u0103. Rezisten\u021ba la ap\u0103 p\u00e2n\u0103 la 200 de metri permite utilizarea ceasului \u00een timpul \u00eenotului \u0219i antrenamentelor \u00een orice condi\u021bii meteorologice. Afi\u0219ajul digital MIP cu contrast ridicat asigur\u0103 o lizibilitate excelent\u0103 chiar \u0219i \u00een lumina soarelui puternic\u0103, iar iluminarea cu LED faciliteaz\u0103 vizualizarea informa\u021biilor \u00een \u00eentuneric.<\/p>\n<p>Ceasul este echipat cu un pedometru, func\u021bie de m\u0103surare a distan\u021bei, vitezei \u0219i ritmului de alergare, precum \u0219i posibilitatea de sincronizare cu smartphone-ul prin Bluetooth pentru analiza antrenamentelor \u0219i notific\u0103ri. Cronometrul \u00eencorporat, cronometrul cu num\u0103r\u0103toare invers\u0103, ora mondial\u0103, alarma \u0219i calendarul automat fac din acest model un asistent universal pentru fiecare zi.<\/p>\n<p>O alegere excelent\u0103 pentru cei care apreciaz\u0103 rezisten\u021ba, tehnologia \u0219i stilul sportiv.<\/p>","protected":false},"excerpt":{"rendered":"<p>Ceas sport modern, conceput pentru antrenamente intense \u0219i purtare zilnic\u0103. Modelul este realizat \u00eentr-o culoare alb\u0103 elegant\u0103 \u0219i combin\u0103 fiabilitatea caracteristic\u0103 G-SHOCK cu func\u021bii avansate de monitorizare a activit\u0103\u021bii. Carcasa \u0219i curea rezistente din polimer asigur\u0103 rezisten\u021b\u0103 la \u0219ocuri, vibra\u021bii \u0219i uzur\u0103. Rezisten\u021ba la ap\u0103 p\u00e2n\u0103 la 200 de metri permite utilizarea ceasului \u00een timpul [&hellip;]<\/p>\n","protected":false},"featured_media":61599,"comment_status":"closed","ping_status":"open","template":"","meta":{"_acf_changed":false},"product_brand":[],"product_cat":[27,20,419],"product_tag":[],"class_list":{"0":"post-61598","1":"product","2":"type-product","3":"status-publish","4":"has-post-thumbnail","6":"product_cat-casio","7":"product_cat-ceasuri-barbati","8":"product_cat-g-shock","9":"pa_brand-casio","10":"pa_brand-g-shock","11":"pa_braslet-plastic","12":"pa_corpus-46x48mm","13":"pa_forma-octogonala","14":"pa_funcii-accelerometru","15":"pa_funcii-alarma","16":"pa_funcii-bluetooth-smart","17":"pa_funcii-calendar","18":"pa_funcii-cronometru","19":"pa_funcii-data","20":"pa_funcii-iluminare","21":"pa_funcii-pedometru","22":"pa_funcii-timp-mondial","23":"pa_garatia-24-luni","24":"pa_korpus-alb","25":"pa_material-plastic","26":"pa_mehanizm-electronic","27":"pa_remeshok-alb","28":"pa_steklo-cristal-mineral","29":"pa_strana-japonia","30":"pa_voda-20-atm","32":"first","33":"instock","34":"purchasable","35":"product-type-simple"},"acf":[],"_links":{"self":[{"href":"https:\/\/ceasuri.md\/ru\/wp-json\/wp\/v2\/product\/61598","targetHints":{"allow":["GET"]}}],"collection":[{"href":"https:\/\/ceasuri.md\/ru\/wp-json\/wp\/v2\/product"}],"about":[{"href":"https:\/\/ceasuri.md\/ru\/wp-json\/wp\/v2\/types\/product"}],"replies":[{"embeddable":true,"href":"https:\/\/ceasuri.md\/ru\/wp-json\/wp\/v2\/comments?post=61598"}],"wp:featuredmedia":[{"embeddable":true,"href":"https:\/\/ceasuri.md\/ru\/wp-json\/wp\/v2\/media\/61599"}],"wp:attachment":[{"href":"https:\/\/ceasuri.md\/ru\/wp-json\/wp\/v2\/media?parent=61598"}],"wp:term":[{"taxonomy":"product_brand","embeddable":true,"href":"https:\/\/ceasuri.md\/ru\/wp-json\/wp\/v2\/product_brand?post=61598"},{"taxonomy":"product_cat","embeddable":true,"href":"https:\/\/ceasuri.md\/ru\/wp-json\/wp\/v2\/product_cat?post=61598"},{"taxonomy":"product_tag","embeddable":true,"href":"https:\/\/ceasuri.md\/ru\/wp-json\/wp\/v2\/product_tag?post=61598"}],"curies":[{"name":"wp","href":"https:\/\/api.w.org\/{rel}","templated":true}]}}