{"id":61593,"date":"2026-04-03T01:23:56","date_gmt":"2026-04-02T22:23:56","guid":{"rendered":"http:\/\/new.ceasuri.md\/shop\/uncategorized\/casio-g-shock-gma-p2100-4aer\/"},"modified":"2026-04-20T01:56:06","modified_gmt":"2026-04-19T22:56:06","slug":"casio-g-shock-gma-p2100-4aer","status":"publish","type":"product","link":"https:\/\/ceasuri.md\/ru\/shop\/branduri\/casio\/casio-g-shock-gma-p2100-4aer\/","title":{"rendered":"\u0427\u0430\u0441\u044b CASIO G-SHOCK GMA-P2100-4AER"},"content":{"rendered":"<p>Ceas de m\u00e2n\u0103 str\u0103lucitor \u0219i fiabil, creat pentru persoane active \u0219i \u00eencrez\u0103toare \u00een sine. Modelul este realizat \u00eentr-o culoare roz-coral spectaculoas\u0103, care subliniaz\u0103 individualitatea \u0219i face ceasul un accent vizibil \u00een \u021binuta de zi cu zi sau sportiv\u0103.<\/p>\n<p>Carcasa \u0219i cureaua sunt fabricate dintr-un material polimeric durabil, rezistent la \u0219ocuri, zg\u00e2rieturi \u0219i solicit\u0103ri zilnice. Construc\u021bia anti\u0219oc G-SHOCK protejeaz\u0103 mecanismul \u00eempotriva c\u0103derilor \u0219i vibra\u021biilor, iar rezisten\u021ba la ap\u0103 p\u00e2n\u0103 la 200 de metri permite \u00eenotul, scufund\u0103rile \u0219i practicarea sporturilor acvatice f\u0103r\u0103 team\u0103.<\/p>\n<p>Cadranul analogic-digital asigur\u0103 o lizibilitate excelent\u0103 \u00een orice condi\u021bii. Iluminarea integrat\u0103 faciliteaz\u0103 utilizarea \u00een \u00eentuneric. Ceasul este echipat cu ora mondial\u0103, cronometru, cronometru cu num\u0103r\u0103toare invers\u0103, cinci alarme \u0219i calendar automat.<\/p>\n<p>Combina\u021bia perfect\u0103 \u00eentre rezisten\u021ba caracteristic\u0103 G-SHOCK, tehnologiile moderne \u0219i designul expresiv pentru un stil de via\u021b\u0103 dinamic.<\/p>","protected":false},"excerpt":{"rendered":"<p>Ceas de m\u00e2n\u0103 str\u0103lucitor \u0219i fiabil, creat pentru persoane active \u0219i \u00eencrez\u0103toare \u00een sine. Modelul este realizat \u00eentr-o culoare roz-coral spectaculoas\u0103, care subliniaz\u0103 individualitatea \u0219i face ceasul un accent vizibil \u00een \u021binuta de zi cu zi sau sportiv\u0103. Carcasa \u0219i cureaua sunt fabricate dintr-un material polimeric durabil, rezistent la \u0219ocuri, zg\u00e2rieturi \u0219i solicit\u0103ri zilnice. Construc\u021bia [&hellip;]<\/p>\n","protected":false},"featured_media":61594,"comment_status":"closed","ping_status":"open","template":"","meta":{"_acf_changed":false},"product_brand":[],"product_cat":[27,25,419],"product_tag":[],"class_list":{"0":"post-61593","1":"product","2":"type-product","3":"status-publish","4":"has-post-thumbnail","6":"product_cat-casio","7":"product_cat-ceasuri-dama","8":"product_cat-g-shock","9":"pa_brand-casio","10":"pa_brand-g-shock","11":"pa_braslet-plastic","12":"pa_corpus-40x46mm","13":"pa_forma-octogonala","14":"pa_funcii-alarma","15":"pa_funcii-calendar","16":"pa_funcii-cronometru","17":"pa_funcii-dual-time","18":"pa_funcii-iluminare","19":"pa_funcii-timp-mondial","20":"pa_garatia-24-luni","21":"pa_korpus-roz","22":"pa_kvarc-quartz","23":"pa_material-plastic","24":"pa_mehanizm-electronic","25":"pa_mehanizm-quartz","26":"pa_remeshok-roz","27":"pa_steklo-cristal-mineral","28":"pa_strana-japonia","29":"pa_voda-20-atm","31":"first","32":"instock","33":"purchasable","34":"product-type-simple"},"acf":[],"_links":{"self":[{"href":"https:\/\/ceasuri.md\/ru\/wp-json\/wp\/v2\/product\/61593","targetHints":{"allow":["GET"]}}],"collection":[{"href":"https:\/\/ceasuri.md\/ru\/wp-json\/wp\/v2\/product"}],"about":[{"href":"https:\/\/ceasuri.md\/ru\/wp-json\/wp\/v2\/types\/product"}],"replies":[{"embeddable":true,"href":"https:\/\/ceasuri.md\/ru\/wp-json\/wp\/v2\/comments?post=61593"}],"wp:featuredmedia":[{"embeddable":true,"href":"https:\/\/ceasuri.md\/ru\/wp-json\/wp\/v2\/media\/61594"}],"wp:attachment":[{"href":"https:\/\/ceasuri.md\/ru\/wp-json\/wp\/v2\/media?parent=61593"}],"wp:term":[{"taxonomy":"product_brand","embeddable":true,"href":"https:\/\/ceasuri.md\/ru\/wp-json\/wp\/v2\/product_brand?post=61593"},{"taxonomy":"product_cat","embeddable":true,"href":"https:\/\/ceasuri.md\/ru\/wp-json\/wp\/v2\/product_cat?post=61593"},{"taxonomy":"product_tag","embeddable":true,"href":"https:\/\/ceasuri.md\/ru\/wp-json\/wp\/v2\/product_tag?post=61593"}],"curies":[{"name":"wp","href":"https:\/\/api.w.org\/{rel}","templated":true}]}}