{"id":61588,"date":"2026-04-03T01:23:56","date_gmt":"2026-04-02T22:23:56","guid":{"rendered":"http:\/\/new.ceasuri.md\/shop\/uncategorized\/casio-g-shock-gma-p2100-7aer\/"},"modified":"2026-04-20T01:56:06","modified_gmt":"2026-04-19T22:56:06","slug":"casio-g-shock-gma-p2100-7aer","status":"publish","type":"product","link":"https:\/\/ceasuri.md\/ru\/shop\/branduri\/casio\/casio-g-shock-gma-p2100-7aer\/","title":{"rendered":"\u0427\u0430\u0441\u044b CASIO G-SHOCK GMA-P2100-7AER"},"content":{"rendered":"<p>Ceas de m\u00e2n\u0103 elegant \u0219i extrem de rezistent, creat pentru un stil de via\u021b\u0103 activ, \u00een ritmul unui ora\u0219 mare. Modelul este realizat \u00eentr-o culoare alb\u0103 laconic\u0103, care subliniaz\u0103 designul modern \u0219i se potrive\u0219te u\u0219or cu orice \u021binut\u0103, de la sportiv\u0103 la casual.<\/p>\n<p>Carcasa \u0219i cureaua sunt fabricate dintr-un material polimeric rezistent, rezistent la \u0219ocuri \u0219i uzur\u0103. Legendarul design rezistent la \u0219ocuri G-SHOCK protejeaz\u0103 \u00een mod fiabil mecanismul \u00eempotriva vibra\u021biilor \u0219i c\u0103derilor. Impermeabilitatea p\u00e2n\u0103 la 200 de metri permite \u00eenotul \u0219i practicarea sporturilor nautice.<\/p>\n<p>Ceasul este echipat cu un afi\u0219aj analogic-digital cu o lizibilitate excelent\u0103, iluminare, ora mondial\u0103, cronometru, cronometru cu num\u0103r\u0103toare invers\u0103 \u0219i cinci alarme. Func\u021bia de calendar automat elimin\u0103 necesitatea set\u0103rii manuale a datei.<\/p>\n<p>Acest model este alegerea ideal\u0103 pentru cei care apreciaz\u0103 fiabilitatea, func\u021bionalitatea \u0219i designul minimalist \u00een spiritul G-SHOCK.<\/p>","protected":false},"excerpt":{"rendered":"<p>Ceas de m\u00e2n\u0103 elegant \u0219i extrem de rezistent, creat pentru un stil de via\u021b\u0103 activ, \u00een ritmul unui ora\u0219 mare. Modelul este realizat \u00eentr-o culoare alb\u0103 laconic\u0103, care subliniaz\u0103 designul modern \u0219i se potrive\u0219te u\u0219or cu orice \u021binut\u0103, de la sportiv\u0103 la casual. Carcasa \u0219i cureaua sunt fabricate dintr-un material polimeric rezistent, rezistent la \u0219ocuri [&hellip;]<\/p>\n","protected":false},"featured_media":61589,"comment_status":"closed","ping_status":"open","template":"","meta":{"_acf_changed":false},"product_brand":[],"product_cat":[27,25,419],"product_tag":[],"class_list":{"0":"post-61588","1":"product","2":"type-product","3":"status-publish","4":"has-post-thumbnail","6":"product_cat-casio","7":"product_cat-ceasuri-dama","8":"product_cat-g-shock","9":"pa_brand-casio","10":"pa_brand-g-shock","11":"pa_braslet-plastic","12":"pa_corpus-40x46mm","13":"pa_forma-octogonala","14":"pa_funcii-alarma","15":"pa_funcii-calendar","16":"pa_funcii-cronometru","17":"pa_funcii-dual-time","18":"pa_funcii-iluminare","19":"pa_funcii-timp-mondial","20":"pa_garatia-24-luni","21":"pa_korpus-alb","22":"pa_kvarc-quartz","23":"pa_material-plastic","24":"pa_mehanizm-electronic","25":"pa_mehanizm-quartz","26":"pa_remeshok-alb","27":"pa_steklo-cristal-mineral","28":"pa_strana-japonia","29":"pa_voda-20-atm","31":"first","32":"instock","33":"purchasable","34":"product-type-simple"},"acf":[],"_links":{"self":[{"href":"https:\/\/ceasuri.md\/ru\/wp-json\/wp\/v2\/product\/61588","targetHints":{"allow":["GET"]}}],"collection":[{"href":"https:\/\/ceasuri.md\/ru\/wp-json\/wp\/v2\/product"}],"about":[{"href":"https:\/\/ceasuri.md\/ru\/wp-json\/wp\/v2\/types\/product"}],"replies":[{"embeddable":true,"href":"https:\/\/ceasuri.md\/ru\/wp-json\/wp\/v2\/comments?post=61588"}],"wp:featuredmedia":[{"embeddable":true,"href":"https:\/\/ceasuri.md\/ru\/wp-json\/wp\/v2\/media\/61589"}],"wp:attachment":[{"href":"https:\/\/ceasuri.md\/ru\/wp-json\/wp\/v2\/media?parent=61588"}],"wp:term":[{"taxonomy":"product_brand","embeddable":true,"href":"https:\/\/ceasuri.md\/ru\/wp-json\/wp\/v2\/product_brand?post=61588"},{"taxonomy":"product_cat","embeddable":true,"href":"https:\/\/ceasuri.md\/ru\/wp-json\/wp\/v2\/product_cat?post=61588"},{"taxonomy":"product_tag","embeddable":true,"href":"https:\/\/ceasuri.md\/ru\/wp-json\/wp\/v2\/product_tag?post=61588"}],"curies":[{"name":"wp","href":"https:\/\/api.w.org\/{rel}","templated":true}]}}