{"id":61582,"date":"2026-04-03T01:23:56","date_gmt":"2026-04-02T22:23:56","guid":{"rendered":"http:\/\/new.ceasuri.md\/shop\/uncategorized\/casio-g-shock-gma-p2110-1aer\/"},"modified":"2026-04-20T01:56:07","modified_gmt":"2026-04-19T22:56:07","slug":"casio-g-shock-gma-p2110-1aer","status":"publish","type":"product","link":"https:\/\/ceasuri.md\/ru\/shop\/branduri\/casio-g-shock-gma-p2110-1aer\/","title":{"rendered":"Ceas CASIO G-SHOCK GMA-P2110-1AER"},"content":{"rendered":"<p>Adev\u0103rata bijuterie a popularei linii de ceasuri analog-digitale G-SHOCK, acest model se distinge prin inelul metalic sub\u021bire, care reflect\u0103 lumina at\u00e2t din interiorul, c\u00e2t \u0219i din exteriorul lunetei.<\/p>\n<p>Bezelul aerodinamic nu are logo-uri sau gravuri ale indicatoarelor de moduri, ceea ce confer\u0103 ceasului un aspect mai curat \u0219i minimalist.<\/p>\n<p>Modelul combin\u0103 rezisten\u021ba la \u0219ocuri, func\u021bionalitatea \u0219i dimensiunea compact\u0103, ceea ce \u00eel face perfect pentru purtarea zilnic\u0103.<\/p>\n<p>Cadranul analog-digital asigur\u0103 o citire confortabil\u0103 a orei \u00een orice condi\u021bii, iar iluminarea cu LED-uri ajut\u0103 la orientarea \u00een \u00eentuneric.<\/p>\n<p>Modelul este echipat cu cronometru, cronometru cu num\u0103r\u0103toare invers\u0103, ora mondial\u0103, calendar automat \u0219i mai multe alarme. Mecanismul quartz fiabil garanteaz\u0103 precizia mersului, iar cureaua confortabil\u0103 asigur\u0103 confortul chiar \u0219i la purtarea \u00eendelungat\u0103.<\/p>\n<p>Ceasul este rezistent la ap\u0103 p\u00e2n\u0103 la 200 de metri, ceea ce permite utilizarea acestuia la \u00eenot \u0219i sporturi nautice.<\/p>\n<p>Acest ceas este o alegere excelent\u0103 pentru cei care apreciaz\u0103 fiabilitatea, stilul \u0219i func\u021bionalitatea \u00eentr-un singur accesoriu.<\/p>","protected":false},"excerpt":{"rendered":"<p>Adev\u0103rata bijuterie a popularei linii de ceasuri analog-digitale G-SHOCK, acest model se distinge prin inelul metalic sub\u021bire, care reflect\u0103 lumina at\u00e2t din interiorul, c\u00e2t \u0219i din exteriorul lunetei. Bezelul aerodinamic nu are logo-uri sau gravuri ale indicatoarelor de moduri, ceea ce confer\u0103 ceasului un aspect mai curat \u0219i minimalist. Modelul combin\u0103 rezisten\u021ba la \u0219ocuri, func\u021bionalitatea [&hellip;]<\/p>\n","protected":false},"featured_media":61583,"comment_status":"closed","ping_status":"open","template":"","meta":{"_acf_changed":false},"product_brand":[],"product_cat":[18,1829,25,1830],"product_tag":[],"class_list":{"0":"post-61582","1":"product","2":"type-product","3":"status-publish","4":"has-post-thumbnail","6":"product_cat-branduri","7":"product_cat-casio-2","8":"product_cat-ceasuri-dama","9":"product_cat-g-shock-2","10":"pa_brand-casio","11":"pa_brand-g-shock","12":"pa_braslet-plastic","13":"pa_corpus-41x46mm","14":"pa_forma-octogonala","15":"pa_funcii-alarma","16":"pa_funcii-calendar","17":"pa_funcii-cronometru","18":"pa_funcii-dual-time","19":"pa_funcii-iluminare","20":"pa_funcii-timp-mondial","21":"pa_garatia-24-luni","22":"pa_korpus-negru","23":"pa_kvarc-quartz","24":"pa_material-plastic","25":"pa_mehanizm-electronic","26":"pa_mehanizm-quartz","27":"pa_remeshok-negru","28":"pa_steklo-cristal-mineral","29":"pa_strana-japonia","30":"pa_voda-20-atm","32":"first","33":"instock","34":"purchasable","35":"product-type-simple"},"acf":[],"_links":{"self":[{"href":"https:\/\/ceasuri.md\/ru\/wp-json\/wp\/v2\/product\/61582","targetHints":{"allow":["GET"]}}],"collection":[{"href":"https:\/\/ceasuri.md\/ru\/wp-json\/wp\/v2\/product"}],"about":[{"href":"https:\/\/ceasuri.md\/ru\/wp-json\/wp\/v2\/types\/product"}],"replies":[{"embeddable":true,"href":"https:\/\/ceasuri.md\/ru\/wp-json\/wp\/v2\/comments?post=61582"}],"wp:featuredmedia":[{"embeddable":true,"href":"https:\/\/ceasuri.md\/ru\/wp-json\/wp\/v2\/media\/61583"}],"wp:attachment":[{"href":"https:\/\/ceasuri.md\/ru\/wp-json\/wp\/v2\/media?parent=61582"}],"wp:term":[{"taxonomy":"product_brand","embeddable":true,"href":"https:\/\/ceasuri.md\/ru\/wp-json\/wp\/v2\/product_brand?post=61582"},{"taxonomy":"product_cat","embeddable":true,"href":"https:\/\/ceasuri.md\/ru\/wp-json\/wp\/v2\/product_cat?post=61582"},{"taxonomy":"product_tag","embeddable":true,"href":"https:\/\/ceasuri.md\/ru\/wp-json\/wp\/v2\/product_tag?post=61582"}],"curies":[{"name":"wp","href":"https:\/\/api.w.org\/{rel}","templated":true}]}}