{"id":61577,"date":"2026-04-03T01:23:56","date_gmt":"2026-04-02T22:23:56","guid":{"rendered":"http:\/\/new.ceasuri.md\/shop\/uncategorized\/casio-g-shock-gma-s2100ga-3aer\/"},"modified":"2026-04-15T21:23:10","modified_gmt":"2026-04-15T18:23:10","slug":"casio-g-shock-gma-s2100ga-3aer","status":"publish","type":"product","link":"https:\/\/ceasuri.md\/ru\/shop\/branduri\/casio\/casio-g-shock-gma-s2100ga-3aer\/","title":{"rendered":"Ceas CASIO G-SHOCK GMA-S2100GA-3AER"},"content":{"rendered":"<p>Fii stilat cu ceasurile analog-digitale mai sub\u021biri \u0219i compacte, cu accente moderne de verde.<\/p>\n<p>Accentul original sub forma unei culori verzi la mod\u0103 pe detalii precum logo-ul, indexurile \u0219i ecranul LCD face ca aceste ceasuri s\u0103 fie accesoriul perfect pentru moda stradal\u0103.<\/p>\n<p>Ceasul cu carcas\u0103 albastr\u0103 din plastic atrage aten\u021bia datorit\u0103 suprafe\u021bei mate.<\/p>\n<p>Carcasa cu diametrul de 43 mm \u0219i \u00een\u0103l\u021bimea de 16 mm, \u00een func\u021bie de preferin\u021bele individuale, va decora aproape orice \u00eencheietur\u0103.<\/p>\n<p>Sticla mineral\u0103 asigur\u0103 o protec\u021bie fiabil\u0103 \u00eempotriva zg\u00e2rieturilor \u0219i deterior\u0103rilor accidentale.<\/p>\n<p>Modelul este echipat cu ace cu acoperire luminescent\u0103 \u0219i iluminare cu LED, ceea ce faciliteaz\u0103 citirea indica\u021biilor chiar \u0219i \u00een condi\u021bii de iluminare slab\u0103.<\/p>\n<p>Mecanismul, care, ca \u00eentotdeauna la ceasurile Casio, garanteaz\u0103 ora exact\u0103, este dotat cu urm\u0103toarele func\u021bii: 12-24 ore, alarm\u0103, ziua s\u0103pt\u0103m\u00e2nii,  calendar automat, cronometru, cronometru cu num\u0103r\u0103toare invers\u0103, ora mondial\u0103.<\/p>\n<p>Ceasul este rezistent la ap\u0103 p\u00e2n\u0103 la 20 ATM.<\/p>","protected":false},"excerpt":{"rendered":"<p>Fii stilat cu ceasurile analog-digitale mai sub\u021biri \u0219i compacte, cu accente moderne de verde. Accentul original sub forma unei culori verzi la mod\u0103 pe detalii precum logo-ul, indexurile \u0219i ecranul LCD face ca aceste ceasuri s\u0103 fie accesoriul perfect pentru moda stradal\u0103. Ceasul cu carcas\u0103 albastr\u0103 din plastic atrage aten\u021bia datorit\u0103 suprafe\u021bei mate. Carcasa cu [&hellip;]<\/p>\n","protected":false},"featured_media":61578,"comment_status":"closed","ping_status":"open","template":"","meta":{"_acf_changed":false},"product_brand":[],"product_cat":[27,20,25,419],"product_tag":[],"class_list":{"0":"post-61577","1":"product","2":"type-product","3":"status-publish","4":"has-post-thumbnail","6":"product_cat-casio","7":"product_cat-ceasuri-barbati","8":"product_cat-ceasuri-dama","9":"product_cat-g-shock","10":"pa_brand-casio","11":"pa_brand-g-shock","12":"pa_braslet-plastic","13":"pa_corpus-43x46mm","14":"pa_forma-octogonala","15":"pa_funcii-alarma","16":"pa_funcii-calendar","17":"pa_funcii-cronometru","18":"pa_funcii-dual-time","19":"pa_funcii-iluminare","20":"pa_funcii-timp-mondial","21":"pa_funcii-ziua-saptamanii","22":"pa_garatia-24-luni","23":"pa_korpus-albastru-inchis","24":"pa_kvarc-quartz","25":"pa_material-carbon","26":"pa_material-plastic","27":"pa_mehanizm-electronic","28":"pa_mehanizm-quartz","29":"pa_remeshok-albastru-inchis","30":"pa_steklo-cristal-mineral","31":"pa_strana-japonia","32":"pa_voda-20-atm","34":"first","35":"instock","36":"purchasable","37":"product-type-simple"},"acf":[],"_links":{"self":[{"href":"https:\/\/ceasuri.md\/ru\/wp-json\/wp\/v2\/product\/61577","targetHints":{"allow":["GET"]}}],"collection":[{"href":"https:\/\/ceasuri.md\/ru\/wp-json\/wp\/v2\/product"}],"about":[{"href":"https:\/\/ceasuri.md\/ru\/wp-json\/wp\/v2\/types\/product"}],"replies":[{"embeddable":true,"href":"https:\/\/ceasuri.md\/ru\/wp-json\/wp\/v2\/comments?post=61577"}],"wp:featuredmedia":[{"embeddable":true,"href":"https:\/\/ceasuri.md\/ru\/wp-json\/wp\/v2\/media\/61578"}],"wp:attachment":[{"href":"https:\/\/ceasuri.md\/ru\/wp-json\/wp\/v2\/media?parent=61577"}],"wp:term":[{"taxonomy":"product_brand","embeddable":true,"href":"https:\/\/ceasuri.md\/ru\/wp-json\/wp\/v2\/product_brand?post=61577"},{"taxonomy":"product_cat","embeddable":true,"href":"https:\/\/ceasuri.md\/ru\/wp-json\/wp\/v2\/product_cat?post=61577"},{"taxonomy":"product_tag","embeddable":true,"href":"https:\/\/ceasuri.md\/ru\/wp-json\/wp\/v2\/product_tag?post=61577"}],"curies":[{"name":"wp","href":"https:\/\/api.w.org\/{rel}","templated":true}]}}