{"id":61564,"date":"2026-04-03T01:23:56","date_gmt":"2026-04-02T22:23:56","guid":{"rendered":"http:\/\/new.ceasuri.md\/shop\/uncategorized\/mathey-tissot-edmond-auto-havana-ac1886cn\/"},"modified":"2026-04-20T01:54:16","modified_gmt":"2026-04-19T22:54:16","slug":"mathey-tissot-edmond-auto-havana-ac1886cn","status":"publish","type":"product","link":"https:\/\/ceasuri.md\/ru\/shop\/branduri\/mathey-tissot\/mathey-tissot-edmond-auto-havana-ac1886cn\/","title":{"rendered":"\u0427\u0430\u0441\u044b MATHEY-TISSOT Edmond Auto Havana AC1886CN"},"content":{"rendered":"<p>Acest ceas mecanic elve\u021bian combin\u0103 stilul clasic cu tehnologia modern\u0103. Conceput pentru b\u0103rba\u021bii care apreciaz\u0103 precizia, prestigiul \u0219i detaliile impecabile, acest model este perfect pentru cei care apreciaz\u0103 precizia, prestigiul \u0219i detaliile impecabile.<\/p>\n<p>Mi\u0219carea automat\u0103 asigur\u0103 o func\u021bionare stabil\u0103 \u0219i fiabil\u0103 &#8211; ceasul este \u00eentors prin mi\u0219carea \u00eencheieturii m\u00e2inii.<\/p>\n<p>Cadranul negru adaug\u0103 expresivitate \u0219i profunzime, \u00een timp ce cifrele arabe, indexurile orare \u0219i acele asigur\u0103 o lizibilitate excelent\u0103.<\/p>\n<p>Carcasa este fabricat\u0103 din o\u021bel inoxidabil de \u00eenalt\u0103 calitate, cu finisaj auriu-roz.<\/p>\n<p>Cureaua clasic\u0103 completeaz\u0103 armonios aspectul, f\u0103c\u00e2nd ceasul versatil &#8211; este la fel de potrivit cu un costum business, c\u00e2t \u0219i cu o \u021binut\u0103 casual.<\/p>","protected":false},"excerpt":{"rendered":"<p>Acest ceas mecanic elve\u021bian combin\u0103 stilul clasic cu tehnologia modern\u0103. Conceput pentru b\u0103rba\u021bii care apreciaz\u0103 precizia, prestigiul \u0219i detaliile impecabile, acest model este perfect pentru cei care apreciaz\u0103 precizia, prestigiul \u0219i detaliile impecabile. Mi\u0219carea automat\u0103 asigur\u0103 o func\u021bionare stabil\u0103 \u0219i fiabil\u0103 &#8211; ceasul este \u00eentors prin mi\u0219carea \u00eencheieturii m\u00e2inii. Cadranul negru adaug\u0103 expresivitate \u0219i profunzime, [&hellip;]<\/p>\n","protected":false},"featured_media":61565,"comment_status":"closed","ping_status":"open","template":"","meta":{"_acf_changed":false},"product_brand":[],"product_cat":[20,634],"product_tag":[],"class_list":{"0":"post-61564","1":"product","2":"type-product","3":"status-publish","4":"has-post-thumbnail","6":"product_cat-ceasuri-barbati","7":"product_cat-mathey-tissot","8":"pa_brand-mathey-tissot","9":"pa_braslet-piele","10":"pa_corpus-42-mm","11":"pa_forma-rotund","12":"pa_funcii-data","13":"pa_garatia-24-luni","14":"pa_korpus-roz-gold","15":"pa_material-otel-inoxidabil","16":"pa_mehanizm-mecanic","17":"pa_mehanizm-mecanism-automatic","18":"pa_remeshok-negru","19":"pa_steklo-cristal-safir","20":"pa_strana-elvetia","21":"pa_voda-5-atm","23":"first","24":"instock","25":"purchasable","26":"product-type-simple"},"acf":[],"_links":{"self":[{"href":"https:\/\/ceasuri.md\/ru\/wp-json\/wp\/v2\/product\/61564","targetHints":{"allow":["GET"]}}],"collection":[{"href":"https:\/\/ceasuri.md\/ru\/wp-json\/wp\/v2\/product"}],"about":[{"href":"https:\/\/ceasuri.md\/ru\/wp-json\/wp\/v2\/types\/product"}],"replies":[{"embeddable":true,"href":"https:\/\/ceasuri.md\/ru\/wp-json\/wp\/v2\/comments?post=61564"}],"wp:featuredmedia":[{"embeddable":true,"href":"https:\/\/ceasuri.md\/ru\/wp-json\/wp\/v2\/media\/61565"}],"wp:attachment":[{"href":"https:\/\/ceasuri.md\/ru\/wp-json\/wp\/v2\/media?parent=61564"}],"wp:term":[{"taxonomy":"product_brand","embeddable":true,"href":"https:\/\/ceasuri.md\/ru\/wp-json\/wp\/v2\/product_brand?post=61564"},{"taxonomy":"product_cat","embeddable":true,"href":"https:\/\/ceasuri.md\/ru\/wp-json\/wp\/v2\/product_cat?post=61564"},{"taxonomy":"product_tag","embeddable":true,"href":"https:\/\/ceasuri.md\/ru\/wp-json\/wp\/v2\/product_tag?post=61564"}],"curies":[{"name":"wp","href":"https:\/\/api.w.org\/{rel}","templated":true}]}}