{"id":61536,"date":"2026-04-03T01:23:56","date_gmt":"2026-04-02T22:23:56","guid":{"rendered":"http:\/\/new.ceasuri.md\/shop\/uncategorized\/mathey-tissot-artemis-d10860bqyv\/"},"modified":"2026-04-20T01:54:19","modified_gmt":"2026-04-19T22:54:19","slug":"mathey-tissot-artemis-d10860bqyv","status":"publish","type":"product","link":"https:\/\/ceasuri.md\/ru\/shop\/branduri\/mathey-tissot\/mathey-tissot-artemis-d10860bqyv\/","title":{"rendered":"\u0427\u0430\u0441\u044b MATHEY-TISSOT Artemis D10860BQYV"},"content":{"rendered":"<p>O combina\u021bie elegant\u0103 de tradi\u021bie elve\u021bian\u0103 \u0219i design contemporan. Mathey-Tissot este renumit\u0103 pentru aten\u021bia sa la detalii \u0219i m\u0103iestria impecabil\u0103, iar modelul Artemis se ridic\u0103 pe deplin la \u00een\u0103l\u021bimea acestei reputa\u021bii.<\/p>\n<p>Carcasa din o\u021bel inoxidabil, cu un finisaj auriu rafinat \u0219i decora\u021biuni cu cristale, confer\u0103 modelului un aspect sofisticat \u0219i expresiv.<\/p>\n<p>Cadranul prezint\u0103 indicatoare orare simple \u0219i acele \u00eengrijite pentru o lizibilitate excelent\u0103.<\/p>\n<p>Br\u0103\u021bara confortabil\u0103 asigur\u0103 o potrivire confortabil\u0103, iar \u00eencuietoarea fixeaz\u0103 sigur ceasul.<\/p>\n<p>Artemis va fi un accent elegant at\u00e2t pentru \u021binutele business, c\u00e2t \u0219i pentru cele casual. Acest ceas va eviden\u021bia individualitatea proprietarului s\u0103u, ad\u0103ug\u00e2nd sofisticare \u0219i \u00eencredere fiec\u0103rei mi\u0219c\u0103ri.<\/p>","protected":false},"excerpt":{"rendered":"<p>O combina\u021bie elegant\u0103 de tradi\u021bie elve\u021bian\u0103 \u0219i design contemporan. Mathey-Tissot este renumit\u0103 pentru aten\u021bia sa la detalii \u0219i m\u0103iestria impecabil\u0103, iar modelul Artemis se ridic\u0103 pe deplin la \u00een\u0103l\u021bimea acestei reputa\u021bii. Carcasa din o\u021bel inoxidabil, cu un finisaj auriu rafinat \u0219i decora\u021biuni cu cristale, confer\u0103 modelului un aspect sofisticat \u0219i expresiv. Cadranul prezint\u0103 indicatoare orare [&hellip;]<\/p>\n","protected":false},"featured_media":61537,"comment_status":"closed","ping_status":"open","template":"","meta":{"_acf_changed":false},"product_brand":[],"product_cat":[25,634],"product_tag":[],"class_list":{"0":"post-61536","1":"product","2":"type-product","3":"status-publish","4":"has-post-thumbnail","6":"product_cat-ceasuri-dama","7":"product_cat-mathey-tissot","8":"pa_brand-mathey-tissot","9":"pa_braslet-otel-inoxidabil","10":"pa_corpus-34-mm","11":"pa_decor-zirconiu","12":"pa_forma-rotund","13":"pa_garatia-24-luni","14":"pa_korpus-bicolor","15":"pa_kvarc-quartz","16":"pa_material-otel-inoxidabil","17":"pa_mehanizm-quartz","18":"pa_remeshok-bicolor","19":"pa_steklo-cristal-safir","20":"pa_strana-elvetia","21":"pa_voda-5-atm","23":"first","24":"instock","25":"purchasable","26":"product-type-simple"},"acf":[],"_links":{"self":[{"href":"https:\/\/ceasuri.md\/ru\/wp-json\/wp\/v2\/product\/61536","targetHints":{"allow":["GET"]}}],"collection":[{"href":"https:\/\/ceasuri.md\/ru\/wp-json\/wp\/v2\/product"}],"about":[{"href":"https:\/\/ceasuri.md\/ru\/wp-json\/wp\/v2\/types\/product"}],"replies":[{"embeddable":true,"href":"https:\/\/ceasuri.md\/ru\/wp-json\/wp\/v2\/comments?post=61536"}],"wp:featuredmedia":[{"embeddable":true,"href":"https:\/\/ceasuri.md\/ru\/wp-json\/wp\/v2\/media\/61537"}],"wp:attachment":[{"href":"https:\/\/ceasuri.md\/ru\/wp-json\/wp\/v2\/media?parent=61536"}],"wp:term":[{"taxonomy":"product_brand","embeddable":true,"href":"https:\/\/ceasuri.md\/ru\/wp-json\/wp\/v2\/product_brand?post=61536"},{"taxonomy":"product_cat","embeddable":true,"href":"https:\/\/ceasuri.md\/ru\/wp-json\/wp\/v2\/product_cat?post=61536"},{"taxonomy":"product_tag","embeddable":true,"href":"https:\/\/ceasuri.md\/ru\/wp-json\/wp\/v2\/product_tag?post=61536"}],"curies":[{"name":"wp","href":"https:\/\/api.w.org\/{rel}","templated":true}]}}