{"id":61522,"date":"2026-04-03T01:23:02","date_gmt":"2026-04-02T22:23:02","guid":{"rendered":"http:\/\/new.ceasuri.md\/shop\/uncategorized\/mathey-tissot-edmond-metal-d1886man\/"},"modified":"2026-04-20T01:54:20","modified_gmt":"2026-04-19T22:54:20","slug":"mathey-tissot-edmond-metal-d1886man","status":"publish","type":"product","link":"https:\/\/ceasuri.md\/ru\/shop\/branduri\/mathey-tissot\/mathey-tissot-edmond-metal-d1886man\/","title":{"rendered":"\u0427\u0430\u0441\u044b MATHEY-TISSOT Edmond Metal D1886MAN"},"content":{"rendered":"<p>Acest model este conceput pentru cei care apreciaz\u0103 clasicismul discret, fiabilitatea \u0219i detaliile precise.<\/p>\n<p>Ceasul are un design elegant care se potrive\u0219te u\u0219or at\u00e2t cu \u021binutele business, c\u00e2t \u0219i cu cele casual.<\/p>\n<p>Br\u0103\u021bara metalic\u0103 adaug\u0103 soliditate \u0219i durabilitate, \u00een timp ce cadranul asigur\u0103 o lizibilitate excelent\u0103. Cadranul negru este \u00eempodobit cu indici din zirconiu.<\/p>\n<p>Carcasa din o\u021bel inoxidabil se potrive\u0219te confortabil pe \u00eencheietura m\u00e2inii.<\/p>\n<p>Rezistent la ap\u0103 p\u00e2n\u0103 la 50 de metri.<\/p>\n<p>Ceasul subliniaz\u0103 statutul proprietarului s\u0103u f\u0103r\u0103 a fi excesiv de preten\u021bios. Acest model este o alegere excelent\u0103 pentru tine sau ca un cadou elegant \u0219i practic.<\/p>","protected":false},"excerpt":{"rendered":"<p>Acest model este conceput pentru cei care apreciaz\u0103 clasicismul discret, fiabilitatea \u0219i detaliile precise. Ceasul are un design elegant care se potrive\u0219te u\u0219or at\u00e2t cu \u021binutele business, c\u00e2t \u0219i cu cele casual. Br\u0103\u021bara metalic\u0103 adaug\u0103 soliditate \u0219i durabilitate, \u00een timp ce cadranul asigur\u0103 o lizibilitate excelent\u0103. Cadranul negru este \u00eempodobit cu indici din zirconiu. Carcasa [&hellip;]<\/p>\n","protected":false},"featured_media":61523,"comment_status":"closed","ping_status":"open","template":"","meta":{"_acf_changed":false},"product_brand":[],"product_cat":[25,634],"product_tag":[],"class_list":{"0":"post-61522","1":"product","2":"type-product","3":"status-publish","4":"has-post-thumbnail","6":"product_cat-ceasuri-dama","7":"product_cat-mathey-tissot","8":"pa_brand-mathey-tissot","9":"pa_braslet-otel-inoxidabil","10":"pa_corpus-31-mm","11":"pa_decor-zirconiu","12":"pa_forma-rotund","13":"pa_funcii-offset-second-hand","14":"pa_garatia-24-luni","15":"pa_korpus-argintiu","16":"pa_kvarc-quartz","17":"pa_material-otel-inoxidabil","18":"pa_mehanizm-quartz","19":"pa_remeshok-argintiu","20":"pa_steklo-cristal-safir","21":"pa_strana-elvetia","22":"pa_voda-5-atm","24":"first","25":"instock","26":"purchasable","27":"product-type-simple"},"acf":[],"_links":{"self":[{"href":"https:\/\/ceasuri.md\/ru\/wp-json\/wp\/v2\/product\/61522","targetHints":{"allow":["GET"]}}],"collection":[{"href":"https:\/\/ceasuri.md\/ru\/wp-json\/wp\/v2\/product"}],"about":[{"href":"https:\/\/ceasuri.md\/ru\/wp-json\/wp\/v2\/types\/product"}],"replies":[{"embeddable":true,"href":"https:\/\/ceasuri.md\/ru\/wp-json\/wp\/v2\/comments?post=61522"}],"wp:featuredmedia":[{"embeddable":true,"href":"https:\/\/ceasuri.md\/ru\/wp-json\/wp\/v2\/media\/61523"}],"wp:attachment":[{"href":"https:\/\/ceasuri.md\/ru\/wp-json\/wp\/v2\/media?parent=61522"}],"wp:term":[{"taxonomy":"product_brand","embeddable":true,"href":"https:\/\/ceasuri.md\/ru\/wp-json\/wp\/v2\/product_brand?post=61522"},{"taxonomy":"product_cat","embeddable":true,"href":"https:\/\/ceasuri.md\/ru\/wp-json\/wp\/v2\/product_cat?post=61522"},{"taxonomy":"product_tag","embeddable":true,"href":"https:\/\/ceasuri.md\/ru\/wp-json\/wp\/v2\/product_tag?post=61522"}],"curies":[{"name":"wp","href":"https:\/\/api.w.org\/{rel}","templated":true}]}}