{"id":61498,"date":"2026-04-03T01:23:02","date_gmt":"2026-04-02T22:23:02","guid":{"rendered":"http:\/\/new.ceasuri.md\/shop\/uncategorized\/mathey-tissot-city-metal-d31186man\/"},"modified":"2026-04-20T01:54:24","modified_gmt":"2026-04-19T22:54:24","slug":"mathey-tissot-city-metal-d31186man","status":"publish","type":"product","link":"https:\/\/ceasuri.md\/ru\/shop\/branduri\/mathey-tissot\/mathey-tissot-city-metal-d31186man\/","title":{"rendered":"\u0427\u0430\u0441\u044b MATHEY-TISSOT City Metal D31186MAN"},"content":{"rendered":"<p>Un clasic elegant cu o not\u0103 modern\u0103 pentru cei care apreciaz\u0103 stilul \u0219i precizia. Acest model are un design discret care se potrive\u0219te armonios at\u00e2t cu \u021binutele business, c\u00e2t \u0219i cu cele casual.<\/p>\n<p>Carcas\u0103 rotund\u0103 din o\u021bel cu finisaj lustruit.<\/p>\n<p>Cadranul simplu cu indici clari asigur\u0103 o lizibilitate excelent\u0103. Fereastra pentru dat\u0103 este situat\u0103 la ora 3.<\/p>\n<p>Br\u0103\u021bara metalic\u0103 adaug\u0103 o not\u0103 de clas\u0103 \u0219i confort pentru purtarea de zi cu zi.<\/p>\n<p>Acest ceas are o dimensiune universal\u0103 \u0219i o potrivire confortabil\u0103.<\/p>\n<p>O alegere perfect\u0103 pentru cei care apreciaz\u0103 calitatea elve\u021bian\u0103, minimalismul \u0219i fiabilitatea \u00een fiecare detaliu. Accesoriul perfect care va eviden\u021bia gustul \u0219i \u00eencrederea proprietarului s\u0103u.<\/p>","protected":false},"excerpt":{"rendered":"<p>Un clasic elegant cu o not\u0103 modern\u0103 pentru cei care apreciaz\u0103 stilul \u0219i precizia. Acest model are un design discret care se potrive\u0219te armonios at\u00e2t cu \u021binutele business, c\u00e2t \u0219i cu cele casual. Carcas\u0103 rotund\u0103 din o\u021bel cu finisaj lustruit. Cadranul simplu cu indici clari asigur\u0103 o lizibilitate excelent\u0103. Fereastra pentru dat\u0103 este situat\u0103 la [&hellip;]<\/p>\n","protected":false},"featured_media":61499,"comment_status":"closed","ping_status":"open","template":"","meta":{"_acf_changed":false},"product_brand":[],"product_cat":[25,634],"product_tag":[],"class_list":{"0":"post-61498","1":"product","2":"type-product","3":"status-publish","4":"has-post-thumbnail","6":"product_cat-ceasuri-dama","7":"product_cat-mathey-tissot","8":"pa_brand-mathey-tissot","9":"pa_braslet-otel-inoxidabil","10":"pa_corpus-28-mm","11":"pa_forma-rotund","12":"pa_funcii-data","13":"pa_garatia-24-luni","14":"pa_korpus-argintiu","15":"pa_kvarc-quartz","16":"pa_material-otel-inoxidabil","17":"pa_mehanizm-quartz","18":"pa_remeshok-argintiu","19":"pa_steklo-cristal-safir","20":"pa_strana-elvetia","21":"pa_voda-5-atm","23":"first","24":"instock","25":"purchasable","26":"product-type-simple"},"acf":[],"_links":{"self":[{"href":"https:\/\/ceasuri.md\/ru\/wp-json\/wp\/v2\/product\/61498","targetHints":{"allow":["GET"]}}],"collection":[{"href":"https:\/\/ceasuri.md\/ru\/wp-json\/wp\/v2\/product"}],"about":[{"href":"https:\/\/ceasuri.md\/ru\/wp-json\/wp\/v2\/types\/product"}],"replies":[{"embeddable":true,"href":"https:\/\/ceasuri.md\/ru\/wp-json\/wp\/v2\/comments?post=61498"}],"wp:featuredmedia":[{"embeddable":true,"href":"https:\/\/ceasuri.md\/ru\/wp-json\/wp\/v2\/media\/61499"}],"wp:attachment":[{"href":"https:\/\/ceasuri.md\/ru\/wp-json\/wp\/v2\/media?parent=61498"}],"wp:term":[{"taxonomy":"product_brand","embeddable":true,"href":"https:\/\/ceasuri.md\/ru\/wp-json\/wp\/v2\/product_brand?post=61498"},{"taxonomy":"product_cat","embeddable":true,"href":"https:\/\/ceasuri.md\/ru\/wp-json\/wp\/v2\/product_cat?post=61498"},{"taxonomy":"product_tag","embeddable":true,"href":"https:\/\/ceasuri.md\/ru\/wp-json\/wp\/v2\/product_tag?post=61498"}],"curies":[{"name":"wp","href":"https:\/\/api.w.org\/{rel}","templated":true}]}}