{"id":61487,"date":"2026-04-03T01:23:02","date_gmt":"2026-04-02T22:23:02","guid":{"rendered":"http:\/\/new.ceasuri.md\/shop\/uncategorized\/mathey-tissot-mathy-i-d450abu\/"},"modified":"2026-04-20T01:54:25","modified_gmt":"2026-04-19T22:54:25","slug":"mathey-tissot-mathy-i-d450abu","status":"publish","type":"product","link":"https:\/\/ceasuri.md\/ru\/shop\/branduri\/mathey-tissot\/mathey-tissot-mathy-i-d450abu\/","title":{"rendered":"\u0427\u0430\u0441\u044b MATHEY-TISSOT Mathy I D450ABU"},"content":{"rendered":"<p>Un ceas care combin\u0103 stilul clasic cu func\u021bionalitatea modern\u0103. Mathey-Tissot este cunoscut pentru m\u0103iestria sa de \u00eenalt\u0103 calitate \u0219i aten\u021bia la detalii, reflectate pe deplin \u00een modelul Mathy I.<\/p>\n<p>Acest ceas de dam\u0103 are o carcas\u0103 rotund\u0103 din o\u021bel.<\/p>\n<p>Cadranul are un design simplu, cu indici \u0219i ace \u00eengrijite. Cristalul mineral protejeaz\u0103 cadranul. De asemenea, este prev\u0103zut\u0103 o fereastr\u0103 pentru dat\u0103 cu lup\u0103.<\/p>\n<p>Acest model este suficient de rezistent la ap\u0103 pentru purtare zilnic\u0103.<\/p>\n<p>Mathy I este un accesoriu versatil &#8211; va completa at\u00e2t un costum business, c\u00e2t \u0219i un look casual. Este alegerea perfect\u0103 pentru cei care apreciaz\u0103 tradi\u021bia elve\u021bian\u0103, fiabilitatea \u0219i elegan\u021ba discret\u0103.<\/p>","protected":false},"excerpt":{"rendered":"<p>Un ceas care combin\u0103 stilul clasic cu func\u021bionalitatea modern\u0103. Mathey-Tissot este cunoscut pentru m\u0103iestria sa de \u00eenalt\u0103 calitate \u0219i aten\u021bia la detalii, reflectate pe deplin \u00een modelul Mathy I. Acest ceas de dam\u0103 are o carcas\u0103 rotund\u0103 din o\u021bel. Cadranul are un design simplu, cu indici \u0219i ace \u00eengrijite. Cristalul mineral protejeaz\u0103 cadranul. De asemenea, [&hellip;]<\/p>\n","protected":false},"featured_media":61488,"comment_status":"closed","ping_status":"open","template":"","meta":{"_acf_changed":false},"product_brand":[],"product_cat":[25,634],"product_tag":[],"class_list":{"0":"post-61487","1":"product","2":"type-product","3":"status-publish","4":"has-post-thumbnail","6":"product_cat-ceasuri-dama","7":"product_cat-mathey-tissot","8":"pa_brand-mathey-tissot","9":"pa_braslet-otel-inoxidabil","10":"pa_corpus-32-mm","11":"pa_forma-rotund","12":"pa_funcii-data","13":"pa_garatia-24-luni","14":"pa_korpus-argintiu","15":"pa_kvarc-quartz","16":"pa_material-otel-inoxidabil","17":"pa_mehanizm-quartz","18":"pa_remeshok-argintiu","19":"pa_steklo-cristal-mineral","20":"pa_strana-elvetia","21":"pa_voda-5-atm","23":"first","24":"instock","25":"purchasable","26":"product-type-simple"},"acf":[],"_links":{"self":[{"href":"https:\/\/ceasuri.md\/ru\/wp-json\/wp\/v2\/product\/61487","targetHints":{"allow":["GET"]}}],"collection":[{"href":"https:\/\/ceasuri.md\/ru\/wp-json\/wp\/v2\/product"}],"about":[{"href":"https:\/\/ceasuri.md\/ru\/wp-json\/wp\/v2\/types\/product"}],"replies":[{"embeddable":true,"href":"https:\/\/ceasuri.md\/ru\/wp-json\/wp\/v2\/comments?post=61487"}],"wp:featuredmedia":[{"embeddable":true,"href":"https:\/\/ceasuri.md\/ru\/wp-json\/wp\/v2\/media\/61488"}],"wp:attachment":[{"href":"https:\/\/ceasuri.md\/ru\/wp-json\/wp\/v2\/media?parent=61487"}],"wp:term":[{"taxonomy":"product_brand","embeddable":true,"href":"https:\/\/ceasuri.md\/ru\/wp-json\/wp\/v2\/product_brand?post=61487"},{"taxonomy":"product_cat","embeddable":true,"href":"https:\/\/ceasuri.md\/ru\/wp-json\/wp\/v2\/product_cat?post=61487"},{"taxonomy":"product_tag","embeddable":true,"href":"https:\/\/ceasuri.md\/ru\/wp-json\/wp\/v2\/product_tag?post=61487"}],"curies":[{"name":"wp","href":"https:\/\/api.w.org\/{rel}","templated":true}]}}