{"id":61475,"date":"2025-11-10T09:16:50","date_gmt":"2025-11-10T07:16:50","guid":{"rendered":"http:\/\/new.ceasuri.md\/shop\/uncategorized\/mathey-tissot-mathy-day-date-d510abu\/"},"modified":"2026-05-01T19:47:15","modified_gmt":"2026-05-01T16:47:15","slug":"mathey-tissot-mathy-day-date-d510abu","status":"publish","type":"product","link":"https:\/\/ceasuri.md\/ru\/shop\/branduri\/mathey-tissot\/mathey-tissot-mathy-day-date-d510abu\/","title":{"rendered":"\u0427\u0430\u0441\u044b MATHEY-TISSOT Mathy Day-Date D510ABU"},"content":{"rendered":"<p>Un ceas elve\u021bian elegant pentru femeile care apreciaz\u0103 clasicul \u0219i stilul impecabil. Cu peste un secol de istorie, Mathey-Tissot combin\u0103 calitatea tradi\u021bional\u0103 cu tehnologia modern\u0103, f\u0103c\u00e2nd din Mathy Day-Date o alegere demn\u0103 de luat \u00een seam\u0103 pentru fiecare zi.<\/p>\n<p>Carcasa \u0219i br\u0103\u021bara sunt fabricate din o\u021bel inoxidabil. Cadranul simplu, cu indicatori orari \u0219i acele contrastante, asigur\u0103 o lizibilitate excelent\u0103. O fereastr\u0103 pentru dat\u0103 este situat\u0103 la ora 3, iar o fereastr\u0103 pentru ziua s\u0103pt\u0103m\u00e2nii la ora 6 &#8211; o solu\u021bie practic\u0103 pentru stilul de via\u021b\u0103 aglomerat.<\/p>\n<p>Cristalul de safir protejeaz\u0103 cadranul de zg\u00e2rieturi, iar br\u0103\u021bara durabil\u0103 se potrive\u0219te confortabil pe \u00eencheietura m\u00e2inii.<\/p>\n<p>Rezisten\u021ba la ap\u0103 asigur\u0103 lini\u0219te sufleteasc\u0103 \u00een caz de stropi accidentali.<\/p>\n<p>Mathy Day-Date este un plus armonios at\u00e2t pentru un costum business, c\u00e2t \u0219i pentru o \u021binut\u0103 casual, subliniind statutul \u0219i gustul impecabil.<\/p>","protected":false},"excerpt":{"rendered":"<p>Un ceas elve\u021bian elegant pentru femeile care apreciaz\u0103 clasicul \u0219i stilul impecabil. Cu peste un secol de istorie, Mathey-Tissot combin\u0103 calitatea tradi\u021bional\u0103 cu tehnologia modern\u0103, f\u0103c\u00e2nd din Mathy Day-Date o alegere demn\u0103 de luat \u00een seam\u0103 pentru fiecare zi. Carcasa \u0219i br\u0103\u021bara sunt fabricate din o\u021bel inoxidabil. Cadranul simplu, cu indicatori orari \u0219i acele contrastante, [&hellip;]<\/p>\n","protected":false},"featured_media":61476,"comment_status":"closed","ping_status":"open","template":"","meta":{"_acf_changed":false},"product_brand":[],"product_cat":[25,634],"product_tag":[],"class_list":{"0":"post-61475","1":"product","2":"type-product","3":"status-publish","4":"has-post-thumbnail","6":"product_cat-ceasuri-dama","7":"product_cat-mathey-tissot","8":"pa_brand-mathey-tissot","9":"pa_braslet-otel-inoxidabil","10":"pa_corpus-34-mm","11":"pa_forma-rotund","12":"pa_funcii-data","13":"pa_funcii-ziua-saptamanii","14":"pa_garatia-24-luni","15":"pa_korpus-argintiu","16":"pa_kvarc-quartz","17":"pa_material-otel-inoxidabil","18":"pa_mehanizm-quartz","19":"pa_remeshok-argintiu","20":"pa_steklo-cristal-safir","21":"pa_strana-elvetia","22":"pa_voda-5-atm","24":"first","25":"instock","26":"purchasable","27":"product-type-simple"},"acf":[],"_links":{"self":[{"href":"https:\/\/ceasuri.md\/ru\/wp-json\/wp\/v2\/product\/61475","targetHints":{"allow":["GET"]}}],"collection":[{"href":"https:\/\/ceasuri.md\/ru\/wp-json\/wp\/v2\/product"}],"about":[{"href":"https:\/\/ceasuri.md\/ru\/wp-json\/wp\/v2\/types\/product"}],"replies":[{"embeddable":true,"href":"https:\/\/ceasuri.md\/ru\/wp-json\/wp\/v2\/comments?post=61475"}],"wp:featuredmedia":[{"embeddable":true,"href":"https:\/\/ceasuri.md\/ru\/wp-json\/wp\/v2\/media\/61476"}],"wp:attachment":[{"href":"https:\/\/ceasuri.md\/ru\/wp-json\/wp\/v2\/media?parent=61475"}],"wp:term":[{"taxonomy":"product_brand","embeddable":true,"href":"https:\/\/ceasuri.md\/ru\/wp-json\/wp\/v2\/product_brand?post=61475"},{"taxonomy":"product_cat","embeddable":true,"href":"https:\/\/ceasuri.md\/ru\/wp-json\/wp\/v2\/product_cat?post=61475"},{"taxonomy":"product_tag","embeddable":true,"href":"https:\/\/ceasuri.md\/ru\/wp-json\/wp\/v2\/product_tag?post=61475"}],"curies":[{"name":"wp","href":"https:\/\/api.w.org\/{rel}","templated":true}]}}