{"id":61450,"date":"2025-11-10T09:16:48","date_gmt":"2025-11-10T07:16:48","guid":{"rendered":"http:\/\/new.ceasuri.md\/shop\/uncategorized\/mathey-tissot-allure-d539bdi\/"},"modified":"2026-05-01T19:47:03","modified_gmt":"2026-05-01T16:47:03","slug":"mathey-tissot-allure-d539bdi","status":"publish","type":"product","link":"https:\/\/ceasuri.md\/ru\/shop\/branduri\/mathey-tissot\/mathey-tissot-allure-d539bdi\/","title":{"rendered":"\u0427\u0430\u0441\u044b MATHEY-TISSOT Allure D539BDI"},"content":{"rendered":"<p>Modelul Allure pentru femei eman\u0103 o elegan\u021b\u0103 atemporal\u0103.<\/p>\n<p>Prezint\u0103 o carcas\u0103 din o\u021bel inoxidabil placat cu aur \u0219i o br\u0103\u021bar\u0103 din o\u021bel inoxidabil.<\/p>\n<p>Ceasul are un cadran de culoarea \u0219ampaniei cu indicatori orari din zirconiu. Cadranul este protejat de un cristal de safir rezistent la zg\u00e2rieturi.<\/p>\n<p>Rezistent la ap\u0103 p\u00e2n\u0103 la 50 de metri, este potrivit pentru purtarea zilnic\u0103.<\/p>","protected":false},"excerpt":{"rendered":"<p>Modelul Allure pentru femei eman\u0103 o elegan\u021b\u0103 atemporal\u0103. Prezint\u0103 o carcas\u0103 din o\u021bel inoxidabil placat cu aur \u0219i o br\u0103\u021bar\u0103 din o\u021bel inoxidabil. Ceasul are un cadran de culoarea \u0219ampaniei cu indicatori orari din zirconiu. Cadranul este protejat de un cristal de safir rezistent la zg\u00e2rieturi. Rezistent la ap\u0103 p\u00e2n\u0103 la 50 de metri, este [&hellip;]<\/p>\n","protected":false},"featured_media":61451,"comment_status":"closed","ping_status":"open","template":"","meta":{"_acf_changed":false},"product_brand":[],"product_cat":[25,634],"product_tag":[],"class_list":{"0":"post-61450","1":"product","2":"type-product","3":"status-publish","4":"has-post-thumbnail","6":"product_cat-ceasuri-dama","7":"product_cat-mathey-tissot","8":"pa_brand-mathey-tissot","9":"pa_braslet-otel-inoxidabil","10":"pa_corpus-28-mm","11":"pa_decor-zirconiu","12":"pa_forma-rotund","13":"pa_garatia-24-luni","14":"pa_korpus-auriu","15":"pa_kvarc-quartz","16":"pa_material-otel-inoxidabil","17":"pa_mehanizm-quartz","18":"pa_remeshok-argintiu","19":"pa_steklo-cristal-safir","20":"pa_strana-elvetia","21":"pa_voda-5-atm","23":"first","24":"instock","25":"purchasable","26":"product-type-simple"},"acf":[],"_links":{"self":[{"href":"https:\/\/ceasuri.md\/ru\/wp-json\/wp\/v2\/product\/61450","targetHints":{"allow":["GET"]}}],"collection":[{"href":"https:\/\/ceasuri.md\/ru\/wp-json\/wp\/v2\/product"}],"about":[{"href":"https:\/\/ceasuri.md\/ru\/wp-json\/wp\/v2\/types\/product"}],"replies":[{"embeddable":true,"href":"https:\/\/ceasuri.md\/ru\/wp-json\/wp\/v2\/comments?post=61450"}],"wp:featuredmedia":[{"embeddable":true,"href":"https:\/\/ceasuri.md\/ru\/wp-json\/wp\/v2\/media\/61451"}],"wp:attachment":[{"href":"https:\/\/ceasuri.md\/ru\/wp-json\/wp\/v2\/media?parent=61450"}],"wp:term":[{"taxonomy":"product_brand","embeddable":true,"href":"https:\/\/ceasuri.md\/ru\/wp-json\/wp\/v2\/product_brand?post=61450"},{"taxonomy":"product_cat","embeddable":true,"href":"https:\/\/ceasuri.md\/ru\/wp-json\/wp\/v2\/product_cat?post=61450"},{"taxonomy":"product_tag","embeddable":true,"href":"https:\/\/ceasuri.md\/ru\/wp-json\/wp\/v2\/product_tag?post=61450"}],"curies":[{"name":"wp","href":"https:\/\/api.w.org\/{rel}","templated":true}]}}