{"id":61432,"date":"2025-11-10T09:16:47","date_gmt":"2025-11-10T07:16:47","guid":{"rendered":"http:\/\/new.ceasuri.md\/shop\/uncategorized\/mathey-tissot-mathy-iv-d709bqi\/"},"modified":"2026-05-01T19:46:56","modified_gmt":"2026-05-01T16:46:56","slug":"mathey-tissot-mathy-iv-d709bqi","status":"publish","type":"product","link":"https:\/\/ceasuri.md\/ru\/shop\/branduri\/mathey-tissot\/mathey-tissot-mathy-iv-d709bqi\/","title":{"rendered":"\u0427\u0430\u0441\u044b MATHEY-TISSOT Mathy IV D709BQI"},"content":{"rendered":"<p>Un ceas elve\u021bian elegant care combin\u0103 stilul clasic cu func\u021bionalitatea modern\u0103. Acest model este realizat \u00een cele mai fine tradi\u021bii ale m\u0103rcii Mathey-Tissot, renumit\u0103 pentru calitatea sa \u00eenalt\u0103 \u0219i aten\u021bia la detalii.<\/p>\n<p>Carcasa din o\u021bel inoxidabil este \u00eempodobit\u0103 cu cristale. Cadranul din sidef cu indici din zirconiu asigur\u0103 o lizibilitate excelent\u0103, \u00een timp ce cristalul mineral protejeaz\u0103 ceasul de zg\u00e2rieturi \u0219i impacturi externe. Un mecanism cu cuar\u021b fiabil asigur\u0103 o m\u0103surare precis\u0103 a timpului.<\/p>\n<p>Br\u0103\u021bara bicolor\u0103 completeaz\u0103 armonios designul \u0219i asigur\u0103 o potrivire confortabil\u0103. Ceasul este suficient de rezistent la ap\u0103 pentru purtare zilnic\u0103.<\/p>\n<p>Acest accesoriu versatil va accentua un stil business \u0219i va completa at\u00e2t un costum clasic, c\u00e2t \u0219i o \u021binut\u0103 casual. O alegere ideal\u0103 pentru cei care apreciaz\u0103 fiabilitatea \u0219i elegan\u021ba elve\u021bian\u0103 \u00een fiecare detaliu.<\/p>","protected":false},"excerpt":{"rendered":"<p>Un ceas elve\u021bian elegant care combin\u0103 stilul clasic cu func\u021bionalitatea modern\u0103. Acest model este realizat \u00een cele mai fine tradi\u021bii ale m\u0103rcii Mathey-Tissot, renumit\u0103 pentru calitatea sa \u00eenalt\u0103 \u0219i aten\u021bia la detalii. Carcasa din o\u021bel inoxidabil este \u00eempodobit\u0103 cu cristale. Cadranul din sidef cu indici din zirconiu asigur\u0103 o lizibilitate excelent\u0103, \u00een timp ce cristalul [&hellip;]<\/p>\n","protected":false},"featured_media":61433,"comment_status":"closed","ping_status":"open","template":"","meta":{"_acf_changed":false},"product_brand":[],"product_cat":[25,634],"product_tag":[],"class_list":{"0":"post-61432","1":"product","2":"type-product","3":"status-publish","4":"has-post-thumbnail","6":"product_cat-ceasuri-dama","7":"product_cat-mathey-tissot","8":"pa_brand-mathey-tissot","9":"pa_braslet-otel-inoxidabil","10":"pa_corpus-26-mm","11":"pa_decor-zirconiu","12":"pa_forma-rotund","13":"pa_funcii-data","14":"pa_garatia-24-luni","15":"pa_korpus-bicolor","16":"pa_kvarc-quartz","17":"pa_material-otel-inoxidabil","18":"pa_mehanizm-quartz","19":"pa_remeshok-auriu","20":"pa_remeshok-bicolor","21":"pa_steklo-cristal-mineral","22":"pa_strana-elvetia","23":"pa_voda-5-atm","25":"first","26":"instock","27":"purchasable","28":"product-type-simple"},"acf":[],"_links":{"self":[{"href":"https:\/\/ceasuri.md\/ru\/wp-json\/wp\/v2\/product\/61432","targetHints":{"allow":["GET"]}}],"collection":[{"href":"https:\/\/ceasuri.md\/ru\/wp-json\/wp\/v2\/product"}],"about":[{"href":"https:\/\/ceasuri.md\/ru\/wp-json\/wp\/v2\/types\/product"}],"replies":[{"embeddable":true,"href":"https:\/\/ceasuri.md\/ru\/wp-json\/wp\/v2\/comments?post=61432"}],"wp:featuredmedia":[{"embeddable":true,"href":"https:\/\/ceasuri.md\/ru\/wp-json\/wp\/v2\/media\/61433"}],"wp:attachment":[{"href":"https:\/\/ceasuri.md\/ru\/wp-json\/wp\/v2\/media?parent=61432"}],"wp:term":[{"taxonomy":"product_brand","embeddable":true,"href":"https:\/\/ceasuri.md\/ru\/wp-json\/wp\/v2\/product_brand?post=61432"},{"taxonomy":"product_cat","embeddable":true,"href":"https:\/\/ceasuri.md\/ru\/wp-json\/wp\/v2\/product_cat?post=61432"},{"taxonomy":"product_tag","embeddable":true,"href":"https:\/\/ceasuri.md\/ru\/wp-json\/wp\/v2\/product_tag?post=61432"}],"curies":[{"name":"wp","href":"https:\/\/api.w.org\/{rel}","templated":true}]}}