{"id":61397,"date":"2026-04-03T01:22:09","date_gmt":"2026-04-02T22:22:09","guid":{"rendered":"http:\/\/new.ceasuri.md\/shop\/uncategorized\/mathey-tissot-mathy-iii-34-mm-d807bi\/"},"modified":"2026-04-20T01:54:44","modified_gmt":"2026-04-19T22:54:44","slug":"mathey-tissot-mathy-iii-34-mm-d807bi","status":"publish","type":"product","link":"https:\/\/ceasuri.md\/ru\/shop\/branduri\/mathey-tissot\/mathey-tissot-mathy-iii-34-mm-d807bi\/","title":{"rendered":"\u0427\u0430\u0441\u044b MATHEY-TISSOT Mathy III 34 mm D807BI"},"content":{"rendered":"<p>Un ceas elegant de dam\u0103 care combin\u0103 designul sofisticat cu o calitate elve\u021bian\u0103 impecabil\u0103. Acest ceas va ad\u0103uga o not\u0103 de elegan\u021b\u0103 aspectului t\u0103u \u0219i va deveni un accesoriu preferat de zi cu zi.<\/p>\n<p>Carcasa \u0219i br\u0103\u021bara sunt fabricate din o\u021bel inoxidabil cu un strat par\u021bial PVD din aur galben.<\/p>\n<p>Cadranul este \u00eempodobit cu cristale. Marcajele orare \u0219i acele \u00eengrijite asigur\u0103 o lizibilitate excelent\u0103, \u00een timp ce geamul de safir ofer\u0103 o protec\u021bie fiabil\u0103. O fereastr\u0103 pentru dat\u0103 este situat\u0103 la ora 3.<\/p>\n<p>Rezisten\u021ba la ap\u0103 p\u00e2n\u0103 la 50 de metri protejeaz\u0103 mecanismul de stropi \u0219i ploaie.<\/p>","protected":false},"excerpt":{"rendered":"<p>Un ceas elegant de dam\u0103 care combin\u0103 designul sofisticat cu o calitate elve\u021bian\u0103 impecabil\u0103. Acest ceas va ad\u0103uga o not\u0103 de elegan\u021b\u0103 aspectului t\u0103u \u0219i va deveni un accesoriu preferat de zi cu zi. Carcasa \u0219i br\u0103\u021bara sunt fabricate din o\u021bel inoxidabil cu un strat par\u021bial PVD din aur galben. Cadranul este \u00eempodobit cu cristale. [&hellip;]<\/p>\n","protected":false},"featured_media":61398,"comment_status":"closed","ping_status":"open","template":"","meta":{"_acf_changed":false},"product_brand":[],"product_cat":[25,634],"product_tag":[],"class_list":{"0":"post-61397","1":"product","2":"type-product","3":"status-publish","4":"has-post-thumbnail","6":"product_cat-ceasuri-dama","7":"product_cat-mathey-tissot","8":"pa_brand-mathey-tissot","9":"pa_braslet-otel-inoxidabil","10":"pa_corpus-34-mm","11":"pa_decor-zirconiu","12":"pa_forma-rotund","13":"pa_funcii-data","14":"pa_garatia-24-luni","15":"pa_korpus-bicolor","16":"pa_kvarc-quartz","17":"pa_material-otel-inoxidabil","18":"pa_mehanizm-quartz","19":"pa_remeshok-auriu","20":"pa_remeshok-bicolor","21":"pa_steklo-cristal-safir","22":"pa_strana-elvetia","23":"pa_voda-5-atm","25":"first","26":"instock","27":"purchasable","28":"product-type-simple"},"acf":[],"_links":{"self":[{"href":"https:\/\/ceasuri.md\/ru\/wp-json\/wp\/v2\/product\/61397","targetHints":{"allow":["GET"]}}],"collection":[{"href":"https:\/\/ceasuri.md\/ru\/wp-json\/wp\/v2\/product"}],"about":[{"href":"https:\/\/ceasuri.md\/ru\/wp-json\/wp\/v2\/types\/product"}],"replies":[{"embeddable":true,"href":"https:\/\/ceasuri.md\/ru\/wp-json\/wp\/v2\/comments?post=61397"}],"wp:featuredmedia":[{"embeddable":true,"href":"https:\/\/ceasuri.md\/ru\/wp-json\/wp\/v2\/media\/61398"}],"wp:attachment":[{"href":"https:\/\/ceasuri.md\/ru\/wp-json\/wp\/v2\/media?parent=61397"}],"wp:term":[{"taxonomy":"product_brand","embeddable":true,"href":"https:\/\/ceasuri.md\/ru\/wp-json\/wp\/v2\/product_brand?post=61397"},{"taxonomy":"product_cat","embeddable":true,"href":"https:\/\/ceasuri.md\/ru\/wp-json\/wp\/v2\/product_cat?post=61397"},{"taxonomy":"product_tag","embeddable":true,"href":"https:\/\/ceasuri.md\/ru\/wp-json\/wp\/v2\/product_tag?post=61397"}],"curies":[{"name":"wp","href":"https:\/\/api.w.org\/{rel}","templated":true}]}}