{"id":61385,"date":"2026-04-03T01:22:09","date_gmt":"2026-04-02T22:22:09","guid":{"rendered":"http:\/\/new.ceasuri.md\/shop\/uncategorized\/mathey-tissot-mathy-rainbow-d809pqyi\/"},"modified":"2026-04-20T01:54:46","modified_gmt":"2026-04-19T22:54:46","slug":"mathey-tissot-mathy-rainbow-d809pqyi","status":"publish","type":"product","link":"https:\/\/ceasuri.md\/ru\/shop\/branduri\/mathey-tissot\/mathey-tissot-mathy-rainbow-d809pqyi\/","title":{"rendered":"\u0427\u0430\u0441\u044b MATHEY-TISSOT Mathy Rainbow D809PQYI"},"content":{"rendered":"<p>Experimenta\u021bi elegan\u021ba ceasurilor cu ceasul Mathey-Tissot Rainbow.<\/p>\n<p>Acest model se m\u00e2ndre\u0219te cu o carcas\u0103 \u0219i o br\u0103\u021bar\u0103 din o\u021bel inoxidabil placate cu aur, precum \u0219i cu o lunet\u0103 decorat\u0103 cu cristale care va ad\u0103uga o not\u0103 de lux \u021binutei dvs. de zi cu zi.<\/p>\n<p>Cadarul analogic din sidef prezint\u0103 acele delicate \u0219i marcajele orare din zirconiu. Indicatorul de dat\u0103 este situat la ora 3.<\/p>\n<p>Ceasul este echipat cu un mecanism cu cuar\u021b fiabil \u0219i este rezistent la ap\u0103 p\u00e2n\u0103 la 50 de metri, permi\u021b\u00e2ndu-v\u0103 s\u0103 \u00eel purta\u021bi cu \u00eencredere.<\/p>","protected":false},"excerpt":{"rendered":"<p>Experimenta\u021bi elegan\u021ba ceasurilor cu ceasul Mathey-Tissot Rainbow. Acest model se m\u00e2ndre\u0219te cu o carcas\u0103 \u0219i o br\u0103\u021bar\u0103 din o\u021bel inoxidabil placate cu aur, precum \u0219i cu o lunet\u0103 decorat\u0103 cu cristale care va ad\u0103uga o not\u0103 de lux \u021binutei dvs. de zi cu zi. Cadarul analogic din sidef prezint\u0103 acele delicate \u0219i marcajele orare din [&hellip;]<\/p>\n","protected":false},"featured_media":61386,"comment_status":"closed","ping_status":"open","template":"","meta":{"_acf_changed":false},"product_brand":[],"product_cat":[25,634],"product_tag":[],"class_list":{"0":"post-61385","1":"product","2":"type-product","3":"status-publish","4":"has-post-thumbnail","6":"product_cat-ceasuri-dama","7":"product_cat-mathey-tissot","8":"pa_brand-mathey-tissot","9":"pa_braslet-otel-inoxidabil","10":"pa_corpus-32-mm","11":"pa_decor-zirconiu","12":"pa_forma-rotund","13":"pa_funcii-data","14":"pa_garatia-24-luni","15":"pa_korpus-auriu","16":"pa_kvarc-quartz","17":"pa_material-otel-inoxidabil","18":"pa_mehanizm-quartz","19":"pa_remeshok-auriu","20":"pa_steklo-cristal-mineral","21":"pa_strana-elvetia","22":"pa_voda-5-atm","24":"first","25":"instock","26":"purchasable","27":"product-type-simple"},"acf":[],"_links":{"self":[{"href":"https:\/\/ceasuri.md\/ru\/wp-json\/wp\/v2\/product\/61385","targetHints":{"allow":["GET"]}}],"collection":[{"href":"https:\/\/ceasuri.md\/ru\/wp-json\/wp\/v2\/product"}],"about":[{"href":"https:\/\/ceasuri.md\/ru\/wp-json\/wp\/v2\/types\/product"}],"replies":[{"embeddable":true,"href":"https:\/\/ceasuri.md\/ru\/wp-json\/wp\/v2\/comments?post=61385"}],"wp:featuredmedia":[{"embeddable":true,"href":"https:\/\/ceasuri.md\/ru\/wp-json\/wp\/v2\/media\/61386"}],"wp:attachment":[{"href":"https:\/\/ceasuri.md\/ru\/wp-json\/wp\/v2\/media?parent=61385"}],"wp:term":[{"taxonomy":"product_brand","embeddable":true,"href":"https:\/\/ceasuri.md\/ru\/wp-json\/wp\/v2\/product_brand?post=61385"},{"taxonomy":"product_cat","embeddable":true,"href":"https:\/\/ceasuri.md\/ru\/wp-json\/wp\/v2\/product_cat?post=61385"},{"taxonomy":"product_tag","embeddable":true,"href":"https:\/\/ceasuri.md\/ru\/wp-json\/wp\/v2\/product_tag?post=61385"}],"curies":[{"name":"wp","href":"https:\/\/api.w.org\/{rel}","templated":true}]}}