{"id":61377,"date":"2026-04-03T01:22:09","date_gmt":"2026-04-02T22:22:09","guid":{"rendered":"http:\/\/new.ceasuri.md\/shop\/uncategorized\/mathey-tissot-mathy-iii-d810ai\/"},"modified":"2026-04-07T05:10:24","modified_gmt":"2026-04-07T02:10:24","slug":"mathey-tissot-mathy-iii-d810ai","status":"publish","type":"product","link":"https:\/\/ceasuri.md\/ru\/shop\/branduri\/mathey-tissot\/mathey-tissot-mathy-iii-d810ai\/","title":{"rendered":"Ceas MATHEY-TISSOT Mathy III D810AI"},"content":{"rendered":"<p>Ceas de m\u00e2n\u0103 elegant pentru femei, care combin\u0103 un design rafinat \u0219i o calitate elve\u021bian\u0103 impecabil\u0103. Acest ceas va ad\u0103uga un plus de stil \u021binutei tale \u0219i va deveni accesoriul t\u0103u preferat pentru fiecare zi.<\/p>\n<p>Carcasa \u0219i br\u0103\u021bara sunt realizate din o\u021bel inoxidabil.<\/p>\n<p>Cadranul este decorat cu cristale. Indicatoarele orare \u0219i acul precis asigur\u0103 o lizibilitate excelent\u0103, iar sticla mineral\u0103 ofer\u0103 o protec\u021bie fiabil\u0103. Fereastra de dat\u0103 cu lup\u0103 este situat\u0103 la ora \u201e3\u201d.<\/p>\n<p>Rezisten\u021ba la ap\u0103 p\u00e2n\u0103 la 50 de metri protejeaz\u0103 mecanismul de stropi \u0219i ploaie.<\/p>","protected":false},"excerpt":{"rendered":"<p>Ceas de m\u00e2n\u0103 elegant pentru femei, care combin\u0103 un design rafinat \u0219i o calitate elve\u021bian\u0103 impecabil\u0103. Acest ceas va ad\u0103uga un plus de stil \u021binutei tale \u0219i va deveni accesoriul t\u0103u preferat pentru fiecare zi. Carcasa \u0219i br\u0103\u021bara sunt realizate din o\u021bel inoxidabil. Cadranul este decorat cu cristale. Indicatoarele orare \u0219i acul precis asigur\u0103 o [&hellip;]<\/p>\n","protected":false},"featured_media":61378,"comment_status":"closed","ping_status":"open","template":"","meta":{"_acf_changed":false},"product_brand":[],"product_cat":[25,634],"product_tag":[],"class_list":{"0":"post-61377","1":"product","2":"type-product","3":"status-publish","4":"has-post-thumbnail","6":"product_cat-ceasuri-dama","7":"product_cat-mathey-tissot","8":"pa_brand-mathey-tissot","9":"pa_braslet-otel-inoxidabil","10":"pa_corpus-32-mm","11":"pa_decor-zirconiu","12":"pa_forma-rotund","13":"pa_funcii-data","14":"pa_garatia-24-luni","15":"pa_korpus-argintiu","16":"pa_material-otel-inoxidabil","17":"pa_mehanizm-quartz","18":"pa_remeshok-argintiu","19":"pa_steklo-cristal-mineral","20":"pa_strana-elvetia","21":"pa_voda-5-atm","23":"first","24":"instock","25":"purchasable","26":"product-type-simple"},"acf":[],"_links":{"self":[{"href":"https:\/\/ceasuri.md\/ru\/wp-json\/wp\/v2\/product\/61377","targetHints":{"allow":["GET"]}}],"collection":[{"href":"https:\/\/ceasuri.md\/ru\/wp-json\/wp\/v2\/product"}],"about":[{"href":"https:\/\/ceasuri.md\/ru\/wp-json\/wp\/v2\/types\/product"}],"replies":[{"embeddable":true,"href":"https:\/\/ceasuri.md\/ru\/wp-json\/wp\/v2\/comments?post=61377"}],"wp:featuredmedia":[{"embeddable":true,"href":"https:\/\/ceasuri.md\/ru\/wp-json\/wp\/v2\/media\/61378"}],"wp:attachment":[{"href":"https:\/\/ceasuri.md\/ru\/wp-json\/wp\/v2\/media?parent=61377"}],"wp:term":[{"taxonomy":"product_brand","embeddable":true,"href":"https:\/\/ceasuri.md\/ru\/wp-json\/wp\/v2\/product_brand?post=61377"},{"taxonomy":"product_cat","embeddable":true,"href":"https:\/\/ceasuri.md\/ru\/wp-json\/wp\/v2\/product_cat?post=61377"},{"taxonomy":"product_tag","embeddable":true,"href":"https:\/\/ceasuri.md\/ru\/wp-json\/wp\/v2\/product_tag?post=61377"}],"curies":[{"name":"wp","href":"https:\/\/api.w.org\/{rel}","templated":true}]}}