{"id":61332,"date":"2026-04-03T01:21:14","date_gmt":"2026-04-02T22:21:14","guid":{"rendered":"http:\/\/new.ceasuri.md\/shop\/uncategorized\/mathey-tissot-mathy-iii-mop-d910bi\/"},"modified":"2026-04-20T01:54:50","modified_gmt":"2026-04-19T22:54:50","slug":"mathey-tissot-mathy-iii-mop-d910bi","status":"publish","type":"product","link":"https:\/\/ceasuri.md\/ru\/shop\/branduri\/mathey-tissot\/mathey-tissot-mathy-iii-mop-d910bi\/","title":{"rendered":"\u0427\u0430\u0441\u044b MATHEY-TISSOT Mathy III MOP D910BI"},"content":{"rendered":"<p>Ceas de m\u00e2n\u0103 elegant pentru femei, care combin\u0103 un design rafinat \u0219i o calitate elve\u021bian\u0103 impecabil\u0103. Modelul este ideal pentru uzul zilnic \u0219i ocazii speciale, subliniind gra\u021bia \u0219i bunul gust al proprietarei sale.<\/p>\n<p>Carcasa \u0219i br\u0103\u021bara sunt realizate din o\u021bel inoxidabil cu acoperire par\u021bial\u0103 PVD de culoare auriu galben, care confer\u0103 ceasului un str\u0103lucire delicat\u0103 \u0219i nobil\u0103.<\/p>\n<p>Cadranul din sidef natural creeaz\u0103 un joc spectaculos de lumin\u0103 \u0219i face fiecare model unic. Indicatoarele orare \u0219i acul precis asigur\u0103 o lizibilitate excelent\u0103, iar sticla mineral\u0103 ofer\u0103 o protec\u021bie fiabil\u0103. Fereastra datei este situat\u0103 la ora \u201e3\u201d.<\/p>\n<p>Rezisten\u021ba la ap\u0103 p\u00e2n\u0103 la 50 de metri protejeaz\u0103 mecanismul de stropi \u0219i ploaie.<\/p>\n<p>Mathy III MOP este un accesoriu rafinat, care subliniaz\u0103 feminitatea, elegan\u021ba \u0219i dragostea pentru tradi\u021biile elve\u021biene \u00een materie de ceasuri.<\/p>","protected":false},"excerpt":{"rendered":"<p>Ceas de m\u00e2n\u0103 elegant pentru femei, care combin\u0103 un design rafinat \u0219i o calitate elve\u021bian\u0103 impecabil\u0103. Modelul este ideal pentru uzul zilnic \u0219i ocazii speciale, subliniind gra\u021bia \u0219i bunul gust al proprietarei sale. Carcasa \u0219i br\u0103\u021bara sunt realizate din o\u021bel inoxidabil cu acoperire par\u021bial\u0103 PVD de culoare auriu galben, care confer\u0103 ceasului un str\u0103lucire delicat\u0103 [&hellip;]<\/p>\n","protected":false},"featured_media":61333,"comment_status":"closed","ping_status":"open","template":"","meta":{"_acf_changed":false},"product_brand":[],"product_cat":[25,634],"product_tag":[],"class_list":{"0":"post-61332","1":"product","2":"type-product","3":"status-publish","4":"has-post-thumbnail","6":"product_cat-ceasuri-dama","7":"product_cat-mathey-tissot","8":"pa_brand-mathey-tissot","9":"pa_braslet-otel-inoxidabil","10":"pa_corpus-32-mm","11":"pa_decor-zirconiu","12":"pa_forma-rotund","13":"pa_funcii-data","14":"pa_garatia-24-luni","15":"pa_korpus-bicolor","16":"pa_kvarc-quartz","17":"pa_material-otel-inoxidabil","18":"pa_mehanizm-quartz","19":"pa_remeshok-bicolor","20":"pa_steklo-cristal-mineral","21":"pa_strana-elvetia","22":"pa_voda-5-atm","24":"first","25":"instock","26":"purchasable","27":"product-type-simple"},"acf":[],"_links":{"self":[{"href":"https:\/\/ceasuri.md\/ru\/wp-json\/wp\/v2\/product\/61332","targetHints":{"allow":["GET"]}}],"collection":[{"href":"https:\/\/ceasuri.md\/ru\/wp-json\/wp\/v2\/product"}],"about":[{"href":"https:\/\/ceasuri.md\/ru\/wp-json\/wp\/v2\/types\/product"}],"replies":[{"embeddable":true,"href":"https:\/\/ceasuri.md\/ru\/wp-json\/wp\/v2\/comments?post=61332"}],"wp:featuredmedia":[{"embeddable":true,"href":"https:\/\/ceasuri.md\/ru\/wp-json\/wp\/v2\/media\/61333"}],"wp:attachment":[{"href":"https:\/\/ceasuri.md\/ru\/wp-json\/wp\/v2\/media?parent=61332"}],"wp:term":[{"taxonomy":"product_brand","embeddable":true,"href":"https:\/\/ceasuri.md\/ru\/wp-json\/wp\/v2\/product_brand?post=61332"},{"taxonomy":"product_cat","embeddable":true,"href":"https:\/\/ceasuri.md\/ru\/wp-json\/wp\/v2\/product_cat?post=61332"},{"taxonomy":"product_tag","embeddable":true,"href":"https:\/\/ceasuri.md\/ru\/wp-json\/wp\/v2\/product_tag?post=61332"}],"curies":[{"name":"wp","href":"https:\/\/api.w.org\/{rel}","templated":true}]}}