{"id":61322,"date":"2026-04-03T01:21:14","date_gmt":"2026-04-02T22:21:14","guid":{"rendered":"http:\/\/new.ceasuri.md\/shop\/uncategorized\/mathey-tissot-nicole-d985sai\/"},"modified":"2026-04-20T01:54:51","modified_gmt":"2026-04-19T22:54:51","slug":"mathey-tissot-nicole-d985sai","status":"publish","type":"product","link":"https:\/\/ceasuri.md\/ru\/shop\/branduri\/mathey-tissot\/mathey-tissot-nicole-d985sai\/","title":{"rendered":"\u0427\u0430\u0441\u044b MATHEY-TISSOT Nicole D985SAI"},"content":{"rendered":"<p>Ceasuri de m\u00e2n\u0103 rafinate pentru femei, create pentru cei care apreciaz\u0103 elegan\u021ba, stilul rafinat \u0219i calitatea elve\u021bian\u0103. Modelul va completa armonios at\u00e2t \u021binutele de zi cu zi, c\u00e2t \u0219i cele de sear\u0103, subliniind feminitatea \u0219i gustul proprietarei.<\/p>\n<p>Cadranul str\u0103lucitor, decorat cu cristale str\u0103lucitoare, va impresiona chiar \u0219i cea mai sofisticat\u0103 fashionist\u0103. Sticla de safir protejeaz\u0103 \u00een mod fiabil suprafa\u021ba \u00eempotriva zg\u00e2rieturilor \u0219i a micilor deterior\u0103ri.<\/p>\n<p>Carcasa ceasului este realizat\u0103 din o\u021bel inoxidabil. Br\u0103\u021bara metalic\u0103 se potrive\u0219te armonios cu carcasa, se a\u0219eaz\u0103 confortabil pe \u00eencheietura m\u00e2inii \u0219i se fixeaz\u0103 \u00een siguran\u021b\u0103.<\/p>\n<p>Modelul este echipat cu un mecanism precis cu cuar\u021b, care asigur\u0103 o func\u021bionare stabil\u0103 \u0219i cerin\u021be minime de \u00eentre\u021binere.<\/p>\n<p>Rezisten\u021ba la ap\u0103 p\u00e2n\u0103 la 50 de metri protejeaz\u0103 ceasul de stropi \u0219i ploaie.<\/p>","protected":false},"excerpt":{"rendered":"<p>Ceasuri de m\u00e2n\u0103 rafinate pentru femei, create pentru cei care apreciaz\u0103 elegan\u021ba, stilul rafinat \u0219i calitatea elve\u021bian\u0103. Modelul va completa armonios at\u00e2t \u021binutele de zi cu zi, c\u00e2t \u0219i cele de sear\u0103, subliniind feminitatea \u0219i gustul proprietarei. Cadranul str\u0103lucitor, decorat cu cristale str\u0103lucitoare, va impresiona chiar \u0219i cea mai sofisticat\u0103 fashionist\u0103. Sticla de safir protejeaz\u0103 [&hellip;]<\/p>\n","protected":false},"featured_media":61323,"comment_status":"closed","ping_status":"open","template":"","meta":{"_acf_changed":false},"product_brand":[],"product_cat":[25,634],"product_tag":[],"class_list":{"0":"post-61322","1":"product","2":"type-product","3":"status-publish","4":"has-post-thumbnail","6":"product_cat-ceasuri-dama","7":"product_cat-mathey-tissot","8":"pa_brand-mathey-tissot","9":"pa_braslet-otel-inoxidabil","10":"pa_corpus-32-mm","11":"pa_decor-cristale-swarowski","12":"pa_decor-diamante","13":"pa_forma-rotund","14":"pa_garatia-24-luni","15":"pa_korpus-argintiu","16":"pa_kvarc-quartz","17":"pa_material-otel-inoxidabil","18":"pa_mehanizm-quartz","19":"pa_remeshok-argintiu","20":"pa_steklo-cristal-safir","21":"pa_strana-elvetia","22":"pa_voda-5-atm","24":"first","25":"instock","26":"purchasable","27":"product-type-simple"},"acf":[],"_links":{"self":[{"href":"https:\/\/ceasuri.md\/ru\/wp-json\/wp\/v2\/product\/61322","targetHints":{"allow":["GET"]}}],"collection":[{"href":"https:\/\/ceasuri.md\/ru\/wp-json\/wp\/v2\/product"}],"about":[{"href":"https:\/\/ceasuri.md\/ru\/wp-json\/wp\/v2\/types\/product"}],"replies":[{"embeddable":true,"href":"https:\/\/ceasuri.md\/ru\/wp-json\/wp\/v2\/comments?post=61322"}],"wp:featuredmedia":[{"embeddable":true,"href":"https:\/\/ceasuri.md\/ru\/wp-json\/wp\/v2\/media\/61323"}],"wp:attachment":[{"href":"https:\/\/ceasuri.md\/ru\/wp-json\/wp\/v2\/media?parent=61322"}],"wp:term":[{"taxonomy":"product_brand","embeddable":true,"href":"https:\/\/ceasuri.md\/ru\/wp-json\/wp\/v2\/product_brand?post=61322"},{"taxonomy":"product_cat","embeddable":true,"href":"https:\/\/ceasuri.md\/ru\/wp-json\/wp\/v2\/product_cat?post=61322"},{"taxonomy":"product_tag","embeddable":true,"href":"https:\/\/ceasuri.md\/ru\/wp-json\/wp\/v2\/product_tag?post=61322"}],"curies":[{"name":"wp","href":"https:\/\/api.w.org\/{rel}","templated":true}]}}