{"id":61306,"date":"2026-04-03T01:21:14","date_gmt":"2026-04-02T22:21:14","guid":{"rendered":"http:\/\/new.ceasuri.md\/shop\/uncategorized\/mathey-tissot-zeus-h118as\/"},"modified":"2026-04-20T01:54:53","modified_gmt":"2026-04-19T22:54:53","slug":"mathey-tissot-zeus-h118as","status":"publish","type":"product","link":"https:\/\/ceasuri.md\/ru\/shop\/branduri\/mathey-tissot\/mathey-tissot-zeus-h118as\/","title":{"rendered":"\u0427\u0430\u0441\u044b MATHEY-TISSOT Zeus H118AS"},"content":{"rendered":"<p>Ceasuri cu cuar\u021b pentru b\u0103rba\u021bi Zeus, cu carcas\u0103 din o\u021bel inoxidabil de \u00eenalt\u0103 calitate.<\/p>\n<p>Cadran argintiu texturat, cu marcaje sub form\u0103 de linii \u0219i marcaje pentru minute pe marginea exterioar\u0103, protejat de sticl\u0103 safir rezistent\u0103 la zg\u00e2rieturi.<\/p>\n<p>Acele \u0219i marcajele au un strat luminescent SuperLumiNova, care str\u0103luce\u0219te \u00een \u00eentuneric dup\u0103 o scurt\u0103 \u00eenc\u0103rcare la lumin\u0103. Fereastra datei se afl\u0103 \u00een pozi\u021bia ora 3.<\/p>\n<p>Br\u0103\u021bar\u0103 din o\u021bel cu \u00eenchiz\u0103toare tip fluture.<\/p>","protected":false},"excerpt":{"rendered":"<p>Ceasuri cu cuar\u021b pentru b\u0103rba\u021bi Zeus, cu carcas\u0103 din o\u021bel inoxidabil de \u00eenalt\u0103 calitate. Cadran argintiu texturat, cu marcaje sub form\u0103 de linii \u0219i marcaje pentru minute pe marginea exterioar\u0103, protejat de sticl\u0103 safir rezistent\u0103 la zg\u00e2rieturi. Acele \u0219i marcajele au un strat luminescent SuperLumiNova, care str\u0103luce\u0219te \u00een \u00eentuneric dup\u0103 o scurt\u0103 \u00eenc\u0103rcare la lumin\u0103. [&hellip;]<\/p>\n","protected":false},"featured_media":61307,"comment_status":"closed","ping_status":"open","template":"","meta":{"_acf_changed":false},"product_brand":[],"product_cat":[20,634],"product_tag":[],"class_list":{"0":"post-61306","1":"product","2":"type-product","3":"status-publish","4":"has-post-thumbnail","6":"product_cat-ceasuri-barbati","7":"product_cat-mathey-tissot","8":"pa_brand-mathey-tissot","9":"pa_braslet-otel-inoxidabil","10":"pa_corpus-41-mm","11":"pa_forma-rotund","12":"pa_funcii-data","13":"pa_garatia-24-luni","14":"pa_korpus-argintiu","15":"pa_kvarc-quartz","16":"pa_material-otel-inoxidabil","17":"pa_mehanizm-quartz","18":"pa_remeshok-argintiu","19":"pa_steklo-cristal-safir","20":"pa_strana-elvetia","21":"pa_voda-5-atm","23":"first","24":"instock","25":"purchasable","26":"product-type-simple"},"acf":[],"_links":{"self":[{"href":"https:\/\/ceasuri.md\/ru\/wp-json\/wp\/v2\/product\/61306","targetHints":{"allow":["GET"]}}],"collection":[{"href":"https:\/\/ceasuri.md\/ru\/wp-json\/wp\/v2\/product"}],"about":[{"href":"https:\/\/ceasuri.md\/ru\/wp-json\/wp\/v2\/types\/product"}],"replies":[{"embeddable":true,"href":"https:\/\/ceasuri.md\/ru\/wp-json\/wp\/v2\/comments?post=61306"}],"wp:featuredmedia":[{"embeddable":true,"href":"https:\/\/ceasuri.md\/ru\/wp-json\/wp\/v2\/media\/61307"}],"wp:attachment":[{"href":"https:\/\/ceasuri.md\/ru\/wp-json\/wp\/v2\/media?parent=61306"}],"wp:term":[{"taxonomy":"product_brand","embeddable":true,"href":"https:\/\/ceasuri.md\/ru\/wp-json\/wp\/v2\/product_brand?post=61306"},{"taxonomy":"product_cat","embeddable":true,"href":"https:\/\/ceasuri.md\/ru\/wp-json\/wp\/v2\/product_cat?post=61306"},{"taxonomy":"product_tag","embeddable":true,"href":"https:\/\/ceasuri.md\/ru\/wp-json\/wp\/v2\/product_tag?post=61306"}],"curies":[{"name":"wp","href":"https:\/\/api.w.org\/{rel}","templated":true}]}}