{"id":61283,"date":"2025-11-10T09:16:34","date_gmt":"2025-11-10T07:16:34","guid":{"rendered":"http:\/\/new.ceasuri.md\/shop\/uncategorized\/mathey-tissot-lagoon-h123chlnn\/"},"modified":"2026-05-01T19:45:52","modified_gmt":"2026-05-01T16:45:52","slug":"mathey-tissot-lagoon-h123chlnn","status":"publish","type":"product","link":"https:\/\/ceasuri.md\/ru\/shop\/branduri\/mathey-tissot\/mathey-tissot-lagoon-h123chlnn\/","title":{"rendered":"\u0427\u0430\u0441\u044b MATHEY-TISSOT Lagoon H123CHLNN"},"content":{"rendered":"<p>Ceasuri \u00eendr\u0103zne\u021be \u0219i rezistente, ideale pentru b\u0103rba\u021bii care apreciaz\u0103 puterea \u0219i rafinamentul.<\/p>\n<p>Aceste ceasuri cronograf cu cuar\u021b, cu carcas\u0103 din o\u021bel inoxidabil cu finisaj negru, sunt concepute pentru a asigura precizie \u0219i rezisten\u021b\u0103.<\/p>\n<p>Modelul este echipat cu un mecanism elve\u021bian cu cuar\u021b, cu cadrane suplimentare pentru 60 de secunde, 30 de minute \u0219i 12 ore, pentru o m\u0103surare precis\u0103 a timpului.<\/p>\n<p>Cadranul negru cu ace \u0219i indici orari contrastan\u021bi garanteaz\u0103 o lizibilitate excelent\u0103. Este protejat de sticl\u0103 de safir, care asigur\u0103 o rezisten\u021b\u0103 excelent\u0103 la zg\u00e2rieturi \u0219i o claritate de lung\u0103 durat\u0103. Fereastra de dat\u0103 convenabil\u0103 este situat\u0103 \u00een pozi\u021bia \u201e4 ore\u201d.<\/p>\n<p>Datorit\u0103 rezisten\u021bei la ap\u0103 de 10 ATM, acest ceas este ideal pentru sporturi nautice \u0219i purtare zilnic\u0103.<\/p>\n<p>Cureaua confortabil\u0103 din silicon negru spore\u0219te versatilitatea ceasului, f\u0103c\u00e2ndu-l potrivit at\u00e2t pentru activit\u0103\u021bi de agrement, c\u00e2t \u0219i pentru evenimente oficiale. Este accesoriul ideal pentru b\u0103rba\u021bii care apreciaz\u0103 func\u021bionalitatea \u0219i designul modern.<\/p>","protected":false},"excerpt":{"rendered":"<p>Ceasuri \u00eendr\u0103zne\u021be \u0219i rezistente, ideale pentru b\u0103rba\u021bii care apreciaz\u0103 puterea \u0219i rafinamentul. Aceste ceasuri cronograf cu cuar\u021b, cu carcas\u0103 din o\u021bel inoxidabil cu finisaj negru, sunt concepute pentru a asigura precizie \u0219i rezisten\u021b\u0103. Modelul este echipat cu un mecanism elve\u021bian cu cuar\u021b, cu cadrane suplimentare pentru 60 de secunde, 30 de minute \u0219i 12 ore, [&hellip;]<\/p>\n","protected":false},"featured_media":61284,"comment_status":"closed","ping_status":"open","template":"","meta":{"_acf_changed":false},"product_brand":[],"product_cat":[20,634],"product_tag":[],"class_list":{"0":"post-61283","1":"product","2":"type-product","3":"status-publish","4":"has-post-thumbnail","6":"product_cat-ceasuri-barbati","7":"product_cat-mathey-tissot","8":"pa_brand-mathey-tissot","9":"pa_braslet-silicon","10":"pa_corpus-43-mm","11":"pa_forma-rotund","12":"pa_funcii-cronograf","13":"pa_funcii-data","14":"pa_garatia-24-luni","15":"pa_korpus-negru","16":"pa_kvarc-quartz","17":"pa_material-otel-inoxidabil","18":"pa_mehanizm-quartz","19":"pa_remeshok-negru","20":"pa_steklo-cristal-safir","21":"pa_strana-elvetia","22":"pa_voda-10-atm","24":"first","25":"instock","26":"purchasable","27":"product-type-simple"},"acf":[],"_links":{"self":[{"href":"https:\/\/ceasuri.md\/ru\/wp-json\/wp\/v2\/product\/61283","targetHints":{"allow":["GET"]}}],"collection":[{"href":"https:\/\/ceasuri.md\/ru\/wp-json\/wp\/v2\/product"}],"about":[{"href":"https:\/\/ceasuri.md\/ru\/wp-json\/wp\/v2\/types\/product"}],"replies":[{"embeddable":true,"href":"https:\/\/ceasuri.md\/ru\/wp-json\/wp\/v2\/comments?post=61283"}],"wp:featuredmedia":[{"embeddable":true,"href":"https:\/\/ceasuri.md\/ru\/wp-json\/wp\/v2\/media\/61284"}],"wp:attachment":[{"href":"https:\/\/ceasuri.md\/ru\/wp-json\/wp\/v2\/media?parent=61283"}],"wp:term":[{"taxonomy":"product_brand","embeddable":true,"href":"https:\/\/ceasuri.md\/ru\/wp-json\/wp\/v2\/product_brand?post=61283"},{"taxonomy":"product_cat","embeddable":true,"href":"https:\/\/ceasuri.md\/ru\/wp-json\/wp\/v2\/product_cat?post=61283"},{"taxonomy":"product_tag","embeddable":true,"href":"https:\/\/ceasuri.md\/ru\/wp-json\/wp\/v2\/product_tag?post=61283"}],"curies":[{"name":"wp","href":"https:\/\/api.w.org\/{rel}","templated":true}]}}