{"id":61275,"date":"2025-11-10T09:16:33","date_gmt":"2025-11-10T07:16:33","guid":{"rendered":"http:\/\/new.ceasuri.md\/shop\/uncategorized\/mathey-tissot-mathy-i-automatic-h1450atan\/"},"modified":"2026-05-01T19:45:48","modified_gmt":"2026-05-01T16:45:48","slug":"mathey-tissot-mathy-i-automatic-h1450atan","status":"publish","type":"product","link":"https:\/\/ceasuri.md\/ru\/shop\/branduri\/mathey-tissot\/mathey-tissot-mathy-i-automatic-h1450atan\/","title":{"rendered":"\u0427\u0430\u0441\u044b MATHEY-TISSOT Mathy I Automatic H1450ATAN"},"content":{"rendered":"<p>Acest ceas cu un design elegant va deveni accesoriul preferat al b\u0103rba\u021bilor adev\u0103ra\u021bi.<\/p>\n<p>Cadran negru decorat elegant. Fereastra de dat\u0103 cu lup\u0103 se afl\u0103 \u00een pozi\u021bia \u201eora 3\u201d.<\/p>\n<p>Mecanism automat de fabrica\u021bie elve\u021bian\u0103. Rezerv\u0103 de mar\u0219 de 44 de ore. Capac transparent.<\/p>\n<p>Rezisten\u021b\u0103 la ap\u0103 p\u00e2n\u0103 la 50 de metri.<\/p>\n<p>Br\u0103\u021bar\u0103 cu \u00eenchiz\u0103toare pliabil\u0103.<\/p>\n<p>Modelul reflect\u0103 esen\u021ba artei ceasorniciei elve\u021biene \u00eentr-un stil modern \u0219i atemporal.<\/p>","protected":false},"excerpt":{"rendered":"<p>Acest ceas cu un design elegant va deveni accesoriul preferat al b\u0103rba\u021bilor adev\u0103ra\u021bi. Cadran negru decorat elegant. Fereastra de dat\u0103 cu lup\u0103 se afl\u0103 \u00een pozi\u021bia \u201eora 3\u201d. Mecanism automat de fabrica\u021bie elve\u021bian\u0103. Rezerv\u0103 de mar\u0219 de 44 de ore. Capac transparent. Rezisten\u021b\u0103 la ap\u0103 p\u00e2n\u0103 la 50 de metri. Br\u0103\u021bar\u0103 cu \u00eenchiz\u0103toare pliabil\u0103. Modelul [&hellip;]<\/p>\n","protected":false},"featured_media":61276,"comment_status":"closed","ping_status":"open","template":"","meta":{"_acf_changed":false},"product_brand":[],"product_cat":[20,634],"product_tag":[],"class_list":{"0":"post-61275","1":"product","2":"type-product","3":"status-publish","4":"has-post-thumbnail","6":"product_cat-ceasuri-barbati","7":"product_cat-mathey-tissot","8":"pa_brand-mathey-tissot","9":"pa_braslet-otel-inoxidabil","10":"pa_corpus-40-mm","11":"pa_forma-rotund","12":"pa_funcii-data","13":"pa_garatia-24-luni","14":"pa_korpus-argintiu","15":"pa_material-otel-inoxidabil","16":"pa_mehanizm-mecanic","17":"pa_mehanizm-mecanism-automatic","18":"pa_remeshok-argintiu","19":"pa_steklo-cristal-safir","20":"pa_strana-elvetia","21":"pa_voda-5-atm","23":"first","24":"instock","25":"purchasable","26":"product-type-simple"},"acf":[],"_links":{"self":[{"href":"https:\/\/ceasuri.md\/ru\/wp-json\/wp\/v2\/product\/61275","targetHints":{"allow":["GET"]}}],"collection":[{"href":"https:\/\/ceasuri.md\/ru\/wp-json\/wp\/v2\/product"}],"about":[{"href":"https:\/\/ceasuri.md\/ru\/wp-json\/wp\/v2\/types\/product"}],"replies":[{"embeddable":true,"href":"https:\/\/ceasuri.md\/ru\/wp-json\/wp\/v2\/comments?post=61275"}],"wp:featuredmedia":[{"embeddable":true,"href":"https:\/\/ceasuri.md\/ru\/wp-json\/wp\/v2\/media\/61276"}],"wp:attachment":[{"href":"https:\/\/ceasuri.md\/ru\/wp-json\/wp\/v2\/media?parent=61275"}],"wp:term":[{"taxonomy":"product_brand","embeddable":true,"href":"https:\/\/ceasuri.md\/ru\/wp-json\/wp\/v2\/product_brand?post=61275"},{"taxonomy":"product_cat","embeddable":true,"href":"https:\/\/ceasuri.md\/ru\/wp-json\/wp\/v2\/product_cat?post=61275"},{"taxonomy":"product_tag","embeddable":true,"href":"https:\/\/ceasuri.md\/ru\/wp-json\/wp\/v2\/product_tag?post=61275"}],"curies":[{"name":"wp","href":"https:\/\/api.w.org\/{rel}","templated":true}]}}