{"id":61261,"date":"2026-04-03T01:20:21","date_gmt":"2026-04-02T22:20:21","guid":{"rendered":"http:\/\/new.ceasuri.md\/shop\/uncategorized\/mathey-tissot-evasion-h152bn\/"},"modified":"2026-04-20T01:54:58","modified_gmt":"2026-04-19T22:54:58","slug":"mathey-tissot-evasion-h152bn","status":"publish","type":"product","link":"https:\/\/ceasuri.md\/ru\/shop\/branduri\/mathey-tissot\/mathey-tissot-evasion-h152bn\/","title":{"rendered":"\u0427\u0430\u0441\u044b MATHEY-TISSOT Evasion H152BN"},"content":{"rendered":"<p>Simplitate \u0219i rigurozitate a formelor, design clasic.<\/p>\n<p>Carcas\u0103 \u0219i br\u0103\u021bar\u0103 din o\u021bel inoxidabil cu acoperire par\u021bial\u0103 aurie.<\/p>\n<p>Cadran negru cu indicatoare aurii \u0219i indexuri orare. Indicator de dat\u0103 \u00een pozi\u021bia \u201e6 ore\u201d.<\/p>\n<p>Modelul este echipat cu un mecanism elve\u021bian de cuar\u021b fiabil, care asigur\u0103 o func\u021bionare precis\u0103 \u0219i stabil\u0103.<\/p>\n<p>Rezisten\u021b\u0103 la ap\u0103 p\u00e2n\u0103 la 50 de metri.<\/p>\n<p>Ceasul subliniaz\u0103 gustul \u0219i statutul proprietarului, r\u0103m\u00e2n\u00e2nd un accesoriu practic \u0219i fiabil.<\/p>\n<p>Modelul va fi o achizi\u021bie excelent\u0103 pentru dvs. sau un cadou demn pentru iubitorii de ceasuri elve\u021biene clasice.<\/p>","protected":false},"excerpt":{"rendered":"<p>Simplitate \u0219i rigurozitate a formelor, design clasic. Carcas\u0103 \u0219i br\u0103\u021bar\u0103 din o\u021bel inoxidabil cu acoperire par\u021bial\u0103 aurie. Cadran negru cu indicatoare aurii \u0219i indexuri orare. Indicator de dat\u0103 \u00een pozi\u021bia \u201e6 ore\u201d. Modelul este echipat cu un mecanism elve\u021bian de cuar\u021b fiabil, care asigur\u0103 o func\u021bionare precis\u0103 \u0219i stabil\u0103. Rezisten\u021b\u0103 la ap\u0103 p\u00e2n\u0103 la 50 [&hellip;]<\/p>\n","protected":false},"featured_media":61262,"comment_status":"closed","ping_status":"open","template":"","meta":{"_acf_changed":false},"product_brand":[],"product_cat":[20,634],"product_tag":[],"class_list":{"0":"post-61261","1":"product","2":"type-product","3":"status-publish","4":"has-post-thumbnail","6":"product_cat-ceasuri-barbati","7":"product_cat-mathey-tissot","8":"pa_brand-mathey-tissot","9":"pa_braslet-otel-inoxidabil","10":"pa_corpus-42-mm","11":"pa_forma-patrat","12":"pa_funcii-data","13":"pa_garatia-24-luni","14":"pa_korpus-bicolor","15":"pa_kvarc-quartz","16":"pa_material-otel-inoxidabil","17":"pa_mehanizm-quartz","18":"pa_remeshok-bicolor","19":"pa_steklo-cristal-safir","20":"pa_strana-elvetia","21":"pa_voda-5-atm","23":"first","24":"instock","25":"purchasable","26":"product-type-simple"},"acf":[],"_links":{"self":[{"href":"https:\/\/ceasuri.md\/ru\/wp-json\/wp\/v2\/product\/61261","targetHints":{"allow":["GET"]}}],"collection":[{"href":"https:\/\/ceasuri.md\/ru\/wp-json\/wp\/v2\/product"}],"about":[{"href":"https:\/\/ceasuri.md\/ru\/wp-json\/wp\/v2\/types\/product"}],"replies":[{"embeddable":true,"href":"https:\/\/ceasuri.md\/ru\/wp-json\/wp\/v2\/comments?post=61261"}],"wp:featuredmedia":[{"embeddable":true,"href":"https:\/\/ceasuri.md\/ru\/wp-json\/wp\/v2\/media\/61262"}],"wp:attachment":[{"href":"https:\/\/ceasuri.md\/ru\/wp-json\/wp\/v2\/media?parent=61261"}],"wp:term":[{"taxonomy":"product_brand","embeddable":true,"href":"https:\/\/ceasuri.md\/ru\/wp-json\/wp\/v2\/product_brand?post=61261"},{"taxonomy":"product_cat","embeddable":true,"href":"https:\/\/ceasuri.md\/ru\/wp-json\/wp\/v2\/product_cat?post=61261"},{"taxonomy":"product_tag","embeddable":true,"href":"https:\/\/ceasuri.md\/ru\/wp-json\/wp\/v2\/product_tag?post=61261"}],"curies":[{"name":"wp","href":"https:\/\/api.w.org\/{rel}","templated":true}]}}