{"id":61257,"date":"2026-04-03T01:20:21","date_gmt":"2026-04-02T22:20:21","guid":{"rendered":"http:\/\/new.ceasuri.md\/shop\/uncategorized\/mathey-tissot-mathy-iii-automatic-h1810atabu\/"},"modified":"2026-04-20T01:54:59","modified_gmt":"2026-04-19T22:54:59","slug":"mathey-tissot-mathy-iii-automatic-h1810atabu","status":"publish","type":"product","link":"https:\/\/ceasuri.md\/ru\/shop\/branduri\/mathey-tissot\/mathey-tissot-mathy-iii-automatic-h1810atabu\/","title":{"rendered":"\u0427\u0430\u0441\u044b MATHEY-TISSOT Mathy III Automatic H1810ATABU"},"content":{"rendered":"<p>Ceasurile elve\u021biene clasice subliniaz\u0103 caracterul discret \u0219i integru al proprietarului lor.<\/p>\n<p>Modelul se distinge prin cadranul albastru rafinat, combinat cu carcasa \u0219i br\u0103\u021bara de culoare argintie. Fereastr\u0103 pentru dat\u0103 cu lup\u0103.<\/p>\n<p>Mecanism automat de fabrica\u021bie elve\u021bian\u0103. Rezerv\u0103 de mar\u0219\u0103 de 44 de ore. Capac transparent.<\/p>\n<p>Br\u0103\u021bar\u0103 din o\u021bel cu \u00eenchiz\u0103toare tip fluture.<\/p>\n<p>Rezisten\u021b\u0103 la ap\u0103 p\u00e2n\u0103 la 50 de metri.<\/p>\n<p>Aceste ceasuri pentru b\u0103rba\u021bi combin\u0103 estetica elegant\u0103 \u0219i execu\u021bia durabil\u0103 pentru purtarea zilnic\u0103.<\/p>","protected":false},"excerpt":{"rendered":"<p>Ceasurile elve\u021biene clasice subliniaz\u0103 caracterul discret \u0219i integru al proprietarului lor. Modelul se distinge prin cadranul albastru rafinat, combinat cu carcasa \u0219i br\u0103\u021bara de culoare argintie. Fereastr\u0103 pentru dat\u0103 cu lup\u0103. Mecanism automat de fabrica\u021bie elve\u021bian\u0103. Rezerv\u0103 de mar\u0219\u0103 de 44 de ore. Capac transparent. Br\u0103\u021bar\u0103 din o\u021bel cu \u00eenchiz\u0103toare tip fluture. Rezisten\u021b\u0103 la ap\u0103 [&hellip;]<\/p>\n","protected":false},"featured_media":61258,"comment_status":"closed","ping_status":"open","template":"","meta":{"_acf_changed":false},"product_brand":[],"product_cat":[20,634],"product_tag":[],"class_list":{"0":"post-61257","1":"product","2":"type-product","3":"status-publish","4":"has-post-thumbnail","6":"product_cat-ceasuri-barbati","7":"product_cat-mathey-tissot","8":"pa_brand-mathey-tissot","9":"pa_braslet-otel-inoxidabil","10":"pa_corpus-40-mm","11":"pa_forma-rotund","12":"pa_funcii-data","13":"pa_garatia-24-luni","14":"pa_korpus-argintiu","15":"pa_material-otel-inoxidabil","16":"pa_mehanizm-mecanic","17":"pa_mehanizm-mecanism-automatic","18":"pa_remeshok-argintiu","19":"pa_steklo-cristal-safir","20":"pa_strana-elvetia","21":"pa_voda-5-atm","23":"first","24":"instock","25":"purchasable","26":"product-type-simple"},"acf":[],"_links":{"self":[{"href":"https:\/\/ceasuri.md\/ru\/wp-json\/wp\/v2\/product\/61257","targetHints":{"allow":["GET"]}}],"collection":[{"href":"https:\/\/ceasuri.md\/ru\/wp-json\/wp\/v2\/product"}],"about":[{"href":"https:\/\/ceasuri.md\/ru\/wp-json\/wp\/v2\/types\/product"}],"replies":[{"embeddable":true,"href":"https:\/\/ceasuri.md\/ru\/wp-json\/wp\/v2\/comments?post=61257"}],"wp:featuredmedia":[{"embeddable":true,"href":"https:\/\/ceasuri.md\/ru\/wp-json\/wp\/v2\/media\/61258"}],"wp:attachment":[{"href":"https:\/\/ceasuri.md\/ru\/wp-json\/wp\/v2\/media?parent=61257"}],"wp:term":[{"taxonomy":"product_brand","embeddable":true,"href":"https:\/\/ceasuri.md\/ru\/wp-json\/wp\/v2\/product_brand?post=61257"},{"taxonomy":"product_cat","embeddable":true,"href":"https:\/\/ceasuri.md\/ru\/wp-json\/wp\/v2\/product_cat?post=61257"},{"taxonomy":"product_tag","embeddable":true,"href":"https:\/\/ceasuri.md\/ru\/wp-json\/wp\/v2\/product_tag?post=61257"}],"curies":[{"name":"wp","href":"https:\/\/api.w.org\/{rel}","templated":true}]}}